{"id":1869,"date":"2025-10-10T16:38:34","date_gmt":"2025-10-10T14:38:34","guid":{"rendered":"https:\/\/theanimalworld.es\/?post_type=product&#038;p=1869"},"modified":"2025-10-14T17:00:16","modified_gmt":"2025-10-14T15:00:16","slug":"natura-diet-daily-food-500gr","status":"publish","type":"product","link":"https:\/\/theanimalworld.es\/en\/product\/natura-diet-daily-food-500gr\/","title":{"rendered":"Natura Diet Daily Food \u2013 Alimento con frutas y verduras 500gr"},"content":{"rendered":"","protected":false},"excerpt":{"rendered":"<p>Composici\u00f3n:<\/p>\n<p>Carne de pollo deshidratada ( 28%), arroz( 20%), grasa de pollo, arroz integral, manzana deshidratada ( 9%), carne de pollo hidrolizada y deshidratada, concentrado de prote\u00ednas vegetales AD*, aceite de salm\u00f3n, aceite de linaza, levadura de cerveza, cloruro pot\u00e1sico,PROHEALTH (1%): zanahoria deshidratada, tomate deshidratado, rosa de la India deshidratada, alfalfa deshidratada, algas deshidratadas, extracto de semilla de diente de le\u00f3n, br\u00f3coli deshidratado, extracto de semilla de t\u00e9 verde, manzanilla deshidratada, extracto de semilla de or\u00e9gano, extracto de semilla de cardo mariano, ar\u00e1ndanos, L-carnitina, taurina, FOS, MOS, probi\u00f3ticos. PROJOINT COMPLEX (0.2%): mejill\u00f3n de labios verdes deshidratado, krill marino deshidratado y caldo de hueso (fuentes naturales de col\u00e1geno, Condroitina y Glucosamina). PROSAFE COMPLEX (0.03%): romero, clavo, pomelo y c\u00farcuma, aceite de oliva.<\/p>","protected":false},"featured_media":2085,"template":"","meta":{"_jet_sm_ready_style":"","_jet_sm_style":"","_jet_sm_controls_values":"","_jet_sm_fonts_collection":"","_jet_sm_fonts_links":""},"product_brand":[26],"product_cat":[41],"product_tag":[71,74,72,133,83,70],"class_list":{"0":"post-1869","1":"product","2":"type-product","3":"status-publish","4":"has-post-thumbnail","6":"product_brand-natura-diet","7":"product_cat-perros","8":"product_tag-arroz","9":"product_tag-natural","10":"product_tag-omega-3","11":"product_tag-perro-adulto","12":"product_tag-pienso-seco","13":"product_tag-pollo","15":"first","16":"instock","17":"shipping-taxable","18":"purchasable","19":"product-type-simple"},"_links":{"self":[{"href":"https:\/\/theanimalworld.es\/en\/wp-json\/wp\/v2\/product\/1869","targetHints":{"allow":["GET"]}}],"collection":[{"href":"https:\/\/theanimalworld.es\/en\/wp-json\/wp\/v2\/product"}],"about":[{"href":"https:\/\/theanimalworld.es\/en\/wp-json\/wp\/v2\/types\/product"}],"version-history":[{"count":4,"href":"https:\/\/theanimalworld.es\/en\/wp-json\/wp\/v2\/product\/1869\/revisions"}],"predecessor-version":[{"id":2172,"href":"https:\/\/theanimalworld.es\/en\/wp-json\/wp\/v2\/product\/1869\/revisions\/2172"}],"wp:featuredmedia":[{"embeddable":true,"href":"https:\/\/theanimalworld.es\/en\/wp-json\/wp\/v2\/media\/2085"}],"wp:attachment":[{"href":"https:\/\/theanimalworld.es\/en\/wp-json\/wp\/v2\/media?parent=1869"}],"wp:term":[{"taxonomy":"product_brand","embeddable":true,"href":"https:\/\/theanimalworld.es\/en\/wp-json\/wp\/v2\/product_brand?post=1869"},{"taxonomy":"product_cat","embeddable":true,"href":"https:\/\/theanimalworld.es\/en\/wp-json\/wp\/v2\/product_cat?post=1869"},{"taxonomy":"product_tag","embeddable":true,"href":"https:\/\/theanimalworld.es\/en\/wp-json\/wp\/v2\/product_tag?post=1869"}],"curies":[{"name":"wp","href":"https:\/\/api.w.org\/{rel}","templated":true}]}}