{"id":1875,"date":"2025-10-10T16:46:13","date_gmt":"2025-10-10T14:46:13","guid":{"rendered":"https:\/\/theanimalworld.es\/?post_type=product&#038;p=1875"},"modified":"2025-10-14T16:14:54","modified_gmt":"2025-10-14T14:14:54","slug":"dibaq-sense-conejo-y-pavo-2kg","status":"publish","type":"product","link":"https:\/\/theanimalworld.es\/en\/product\/dibaq-sense-conejo-y-pavo-2kg\/","title":{"rendered":"Dibaq Sense \u2013 Conejo y Pavo 2kg"},"content":{"rendered":"","protected":false},"excerpt":{"rendered":"<p>Composici\u00f3n:<\/p>\n<p>Conejo fresco 35%*, pavo deshidratado 25%, almid\u00f3n de guisante, patata, aceite de pavo 10%, guisantes*, pulpa de remolacha (fuente de fibra), verduras y frutas frescas 4% (zanahoria*, espinacas*, ar\u00e1ndanos* y manzana*), Ceratonia siliqua* , aceite de salm\u00f3n 1% (fuente de \u00e1cidos grasos omega 3 y 6), sustancias minerales, protectores articulares (Condrotina sulfato 750 mg\/kg, glucosamina clorhidrato 750 mg\/kg y MSM), yuca, ra\u00edz de achicoria (fuente de inulina-FOS), levaduras (MOS) y plantas arom\u00e1ticas con propiedades antioxidantes naturales (romero*, tomillo* y or\u00e9gano*).*Ingredientes 100% naturales.<\/p>","protected":false},"featured_media":2063,"template":"","meta":{"_jet_sm_ready_style":"","_jet_sm_style":"","_jet_sm_controls_values":"","_jet_sm_fonts_collection":"","_jet_sm_fonts_links":""},"product_brand":[28],"product_cat":[41],"product_tag":[84,74,79,133,83,85],"class_list":{"0":"post-1875","1":"product","2":"type-product","3":"status-publish","4":"has-post-thumbnail","6":"product_brand-dibaq-sense","7":"product_cat-perros","8":"product_tag-conejo","9":"product_tag-natural","10":"product_tag-pavo","11":"product_tag-perro-adulto","12":"product_tag-pienso-seco","13":"product_tag-sin-cereales","15":"first","16":"instock","17":"shipping-taxable","18":"purchasable","19":"product-type-simple"},"_links":{"self":[{"href":"https:\/\/theanimalworld.es\/en\/wp-json\/wp\/v2\/product\/1875","targetHints":{"allow":["GET"]}}],"collection":[{"href":"https:\/\/theanimalworld.es\/en\/wp-json\/wp\/v2\/product"}],"about":[{"href":"https:\/\/theanimalworld.es\/en\/wp-json\/wp\/v2\/types\/product"}],"version-history":[{"count":1,"href":"https:\/\/theanimalworld.es\/en\/wp-json\/wp\/v2\/product\/1875\/revisions"}],"predecessor-version":[{"id":1876,"href":"https:\/\/theanimalworld.es\/en\/wp-json\/wp\/v2\/product\/1875\/revisions\/1876"}],"wp:featuredmedia":[{"embeddable":true,"href":"https:\/\/theanimalworld.es\/en\/wp-json\/wp\/v2\/media\/2063"}],"wp:attachment":[{"href":"https:\/\/theanimalworld.es\/en\/wp-json\/wp\/v2\/media?parent=1875"}],"wp:term":[{"taxonomy":"product_brand","embeddable":true,"href":"https:\/\/theanimalworld.es\/en\/wp-json\/wp\/v2\/product_brand?post=1875"},{"taxonomy":"product_cat","embeddable":true,"href":"https:\/\/theanimalworld.es\/en\/wp-json\/wp\/v2\/product_cat?post=1875"},{"taxonomy":"product_tag","embeddable":true,"href":"https:\/\/theanimalworld.es\/en\/wp-json\/wp\/v2\/product_tag?post=1875"}],"curies":[{"name":"wp","href":"https:\/\/api.w.org\/{rel}","templated":true}]}}