{"id":1882,"date":"2025-10-10T16:50:44","date_gmt":"2025-10-10T14:50:44","guid":{"rendered":"https:\/\/theanimalworld.es\/?post_type=product&#038;p=1882"},"modified":"2025-10-14T16:13:56","modified_gmt":"2025-10-14T14:13:56","slug":"natura-diet-cats-pollo-patatas-y-arroz-400gr","status":"publish","type":"product","link":"https:\/\/theanimalworld.es\/en\/product\/natura-diet-cats-pollo-patatas-y-arroz-400gr\/","title":{"rendered":"Natura Diet CATS \u2013 Pollo, Patatas y Arroz 400gr"},"content":{"rendered":"","protected":false},"excerpt":{"rendered":"<p>Composici\u00f3n:<\/p>\n<p>Pollo cocido (24%), patatas con guisantes y arroz *, concentrado de prote\u00ednas vegetales AD**, harina flor de ma\u00edz ( fuente de energ\u00eda y fibra sostenible) *, concentrado proteico de salm\u00f3n *, grasa de pollo, levadura de cerveza premium*, fibras vegetales *, sal, huevo entero* , minerales, aceite de pescado rico en omega 3. ProHealth: *: zanahoria, semilla de ar\u00e1ndano rojo, jengibre, ginkgo biloba, espirulina, inulina, ra\u00edz de achicoria, p\u00e9talos de rosa, menta gatera, valeriana, Boswellia, Psyllium plantago ovata, alfalfa, perejil, an\u00eds, fenogreco, apio. Prosafe: extracto de romero y c\u00farcuma.<br \/>\n*Ingredientes frescos deshidratados a baja temperatura.<br \/>\n**Alta digestibilidad<\/p>","protected":false},"featured_media":2062,"template":"","meta":{"_jet_sm_ready_style":"","_jet_sm_style":"","_jet_sm_controls_values":"","_jet_sm_fonts_collection":"","_jet_sm_fonts_links":""},"product_brand":[26],"product_cat":[54,55,57],"product_tag":[75,71,132,74,72,135,134,70],"class_list":{"0":"post-1882","1":"product","2":"type-product","3":"status-publish","4":"has-post-thumbnail","6":"product_brand-natura-diet","7":"product_cat-gatos","8":"product_cat-alimentacion-gatos","9":"product_cat-pienso-humedo","10":"product_tag-antioxidantes","11":"product_tag-arroz","12":"product_tag-gato-adulto","13":"product_tag-natural","14":"product_tag-omega-3","15":"product_tag-patata","16":"product_tag-pienso-humedo","17":"product_tag-pollo","19":"first","20":"instock","21":"shipping-taxable","22":"purchasable","23":"product-type-simple"},"_links":{"self":[{"href":"https:\/\/theanimalworld.es\/en\/wp-json\/wp\/v2\/product\/1882","targetHints":{"allow":["GET"]}}],"collection":[{"href":"https:\/\/theanimalworld.es\/en\/wp-json\/wp\/v2\/product"}],"about":[{"href":"https:\/\/theanimalworld.es\/en\/wp-json\/wp\/v2\/types\/product"}],"version-history":[{"count":1,"href":"https:\/\/theanimalworld.es\/en\/wp-json\/wp\/v2\/product\/1882\/revisions"}],"predecessor-version":[{"id":1883,"href":"https:\/\/theanimalworld.es\/en\/wp-json\/wp\/v2\/product\/1882\/revisions\/1883"}],"wp:featuredmedia":[{"embeddable":true,"href":"https:\/\/theanimalworld.es\/en\/wp-json\/wp\/v2\/media\/2062"}],"wp:attachment":[{"href":"https:\/\/theanimalworld.es\/en\/wp-json\/wp\/v2\/media?parent=1882"}],"wp:term":[{"taxonomy":"product_brand","embeddable":true,"href":"https:\/\/theanimalworld.es\/en\/wp-json\/wp\/v2\/product_brand?post=1882"},{"taxonomy":"product_cat","embeddable":true,"href":"https:\/\/theanimalworld.es\/en\/wp-json\/wp\/v2\/product_cat?post=1882"},{"taxonomy":"product_tag","embeddable":true,"href":"https:\/\/theanimalworld.es\/en\/wp-json\/wp\/v2\/product_tag?post=1882"}],"curies":[{"name":"wp","href":"https:\/\/api.w.org\/{rel}","templated":true}]}}