{"id":2167,"date":"2025-10-21T16:24:38","date_gmt":"2025-10-21T14:24:38","guid":{"rendered":"https:\/\/theanimalworld.es\/?post_type=product&#038;p=2167"},"modified":"2025-10-23T16:09:31","modified_gmt":"2025-10-23T14:09:31","slug":"dingo-mature-daily-3kg","status":"publish","type":"product","link":"https:\/\/theanimalworld.es\/en\/product\/dingo-mature-daily-3kg\/","title":{"rendered":"DINGO MATURE &#038; DAILY 3KG"},"content":{"rendered":"","protected":false},"excerpt":{"rendered":"<p><strong>Composici\u00f3n:<\/strong>\u00a0Prote\u00edna de pollo deshidratada, arroz, ma\u00edz, harina de gluten de ma\u00edz, grasa de pollo, pulpa de remolacha y pulpa de manzana deshidratadas (fuente natural de fibra), aceite de salm\u00f3n y aceite de lino (fuentes de omega 3 y omega 6), avena (rica en vitaminas del grupo B), verduras deshidratadas (fuente natural de carotenoides que act\u00faan contra radicales libres), L-Carnitina y Taurina ( gran apoyo para la funci\u00f3n muscular y card\u00edaca), cloruro pot\u00e1sico,\u00a0 mezcla de romero y c\u00edtricos deshidratados (alto poder conservante), mezcla de aceites vegetales ricos en alfa tocoferoles (alto poder antioxidante).<\/p>","protected":false},"featured_media":2168,"template":"","meta":{"_jet_sm_ready_style":"","_jet_sm_style":"","_jet_sm_controls_values":"","_jet_sm_fonts_collection":"","_jet_sm_fonts_links":""},"product_brand":[131],"product_cat":[42,43],"product_tag":[],"class_list":{"0":"post-2167","1":"product","2":"type-product","3":"status-publish","4":"has-post-thumbnail","6":"product_brand-dingo","7":"product_cat-alimentacion-perros","8":"product_cat-seco","10":"first","11":"instock","12":"shipping-taxable","13":"purchasable","14":"product-type-variable"},"_links":{"self":[{"href":"https:\/\/theanimalworld.es\/en\/wp-json\/wp\/v2\/product\/2167","targetHints":{"allow":["GET"]}}],"collection":[{"href":"https:\/\/theanimalworld.es\/en\/wp-json\/wp\/v2\/product"}],"about":[{"href":"https:\/\/theanimalworld.es\/en\/wp-json\/wp\/v2\/types\/product"}],"version-history":[{"count":3,"href":"https:\/\/theanimalworld.es\/en\/wp-json\/wp\/v2\/product\/2167\/revisions"}],"predecessor-version":[{"id":2170,"href":"https:\/\/theanimalworld.es\/en\/wp-json\/wp\/v2\/product\/2167\/revisions\/2170"}],"wp:featuredmedia":[{"embeddable":true,"href":"https:\/\/theanimalworld.es\/en\/wp-json\/wp\/v2\/media\/2168"}],"wp:attachment":[{"href":"https:\/\/theanimalworld.es\/en\/wp-json\/wp\/v2\/media?parent=2167"}],"wp:term":[{"taxonomy":"product_brand","embeddable":true,"href":"https:\/\/theanimalworld.es\/en\/wp-json\/wp\/v2\/product_brand?post=2167"},{"taxonomy":"product_cat","embeddable":true,"href":"https:\/\/theanimalworld.es\/en\/wp-json\/wp\/v2\/product_cat?post=2167"},{"taxonomy":"product_tag","embeddable":true,"href":"https:\/\/theanimalworld.es\/en\/wp-json\/wp\/v2\/product_tag?post=2167"}],"curies":[{"name":"wp","href":"https:\/\/api.w.org\/{rel}","templated":true}]}}