{"id":2175,"date":"2025-10-21T18:11:11","date_gmt":"2025-10-21T16:11:11","guid":{"rendered":"https:\/\/theanimalworld.es\/?post_type=product&#038;p=2175"},"modified":"2025-11-17T18:14:56","modified_gmt":"2025-11-17T16:14:56","slug":"dingo-toy-daily-15kg","status":"publish","type":"product","link":"https:\/\/theanimalworld.es\/en\/product\/dingo-toy-daily-15kg\/","title":{"rendered":"DINGO TOY &#038; DAILY"},"content":{"rendered":"","protected":false},"excerpt":{"rendered":"<p><span id=\"ltw-titulo-ingredientes\" class=\"customtingredientes\">Ingredientes<\/span><\/p>\n<p><strong>Composici\u00f3n:<\/strong>\u00a0Prote\u00edna de pollo deshidratada, ma\u00edz, arroz, harina de gluten de ma\u00edz, grasa de pollo, pulpa de remolacha y pulpa de manzana deshidratadas (fuente natural de fibra), aceite de salm\u00f3n y aceite de lino (fuentes de omega 3 y omega 6), avena (rica en vitaminas del grupo B), verduras deshidratadas (fuente natural de vitaminas y minerales), cloruro pot\u00e1sico, mezcla de romero y c\u00edtricos deshidratados (alto poder conservante), mezcla de aceites vegetales ricos en alfa tocoferoles (alto poder antioxidante).<\/p>","protected":false},"featured_media":2185,"template":"","meta":{"_jet_sm_ready_style":"","_jet_sm_style":"","_jet_sm_controls_values":"","_jet_sm_fonts_collection":"","_jet_sm_fonts_links":""},"product_brand":[131],"product_cat":[41,42,43],"product_tag":[],"class_list":{"0":"post-2175","1":"product","2":"type-product","3":"status-publish","4":"has-post-thumbnail","6":"product_brand-dingo","7":"product_cat-perros","8":"product_cat-alimentacion-perros","9":"product_cat-seco","11":"first","12":"instock","13":"shipping-taxable","14":"purchasable","15":"product-type-variable"},"_links":{"self":[{"href":"https:\/\/theanimalworld.es\/en\/wp-json\/wp\/v2\/product\/2175","targetHints":{"allow":["GET"]}}],"collection":[{"href":"https:\/\/theanimalworld.es\/en\/wp-json\/wp\/v2\/product"}],"about":[{"href":"https:\/\/theanimalworld.es\/en\/wp-json\/wp\/v2\/types\/product"}],"version-history":[{"count":2,"href":"https:\/\/theanimalworld.es\/en\/wp-json\/wp\/v2\/product\/2175\/revisions"}],"predecessor-version":[{"id":2788,"href":"https:\/\/theanimalworld.es\/en\/wp-json\/wp\/v2\/product\/2175\/revisions\/2788"}],"wp:featuredmedia":[{"embeddable":true,"href":"https:\/\/theanimalworld.es\/en\/wp-json\/wp\/v2\/media\/2185"}],"wp:attachment":[{"href":"https:\/\/theanimalworld.es\/en\/wp-json\/wp\/v2\/media?parent=2175"}],"wp:term":[{"taxonomy":"product_brand","embeddable":true,"href":"https:\/\/theanimalworld.es\/en\/wp-json\/wp\/v2\/product_brand?post=2175"},{"taxonomy":"product_cat","embeddable":true,"href":"https:\/\/theanimalworld.es\/en\/wp-json\/wp\/v2\/product_cat?post=2175"},{"taxonomy":"product_tag","embeddable":true,"href":"https:\/\/theanimalworld.es\/en\/wp-json\/wp\/v2\/product_tag?post=2175"}],"curies":[{"name":"wp","href":"https:\/\/api.w.org\/{rel}","templated":true}]}}