{"id":2199,"date":"2025-10-23T16:15:06","date_gmt":"2025-10-23T14:15:06","guid":{"rendered":"https:\/\/theanimalworld.es\/?post_type=product&#038;p=2199"},"modified":"2025-10-23T16:37:33","modified_gmt":"2025-10-23T14:37:33","slug":"dingo-lamb-daily-500gr","status":"publish","type":"product","link":"https:\/\/theanimalworld.es\/en\/product\/dingo-lamb-daily-500gr\/","title":{"rendered":"DINGO LAMB &#038; DAILY"},"content":{"rendered":"","protected":false},"excerpt":{"rendered":"<p><strong>Ingredientes:<\/strong>\u00a0Prote\u00edna de cerdo deshidratada, ma\u00edz, prote\u00edna de pollo deshidratada, grasa de pollo (fuente de omega 6), pulpa de manzana, harina de gluten de ma\u00edz, arroz, cordero deshidratado (4%), sal, guisantes deshidratados (fuente natural vitaminas, prote\u00ednas y minerales), aceite de salm\u00f3n (fuentes de omega 3 y omega 6), cloruro pot\u00e1sico, mezcla de romero y c\u00edtricos deshidratados (alto poder conservante), mezcla de aceites vegetales ricos en alfa tocoferoles (alto poder antioxidante)<\/p>","protected":false},"featured_media":2203,"template":"","meta":{"_jet_sm_ready_style":"","_jet_sm_style":"","_jet_sm_controls_values":"","_jet_sm_fonts_collection":"","_jet_sm_fonts_links":""},"product_brand":[131],"product_cat":[41,42,43],"product_tag":[],"class_list":{"0":"post-2199","1":"product","2":"type-product","3":"status-publish","4":"has-post-thumbnail","6":"product_brand-dingo","7":"product_cat-perros","8":"product_cat-alimentacion-perros","9":"product_cat-seco","11":"first","12":"instock","13":"shipping-taxable","14":"purchasable","15":"product-type-variable"},"_links":{"self":[{"href":"https:\/\/theanimalworld.es\/en\/wp-json\/wp\/v2\/product\/2199","targetHints":{"allow":["GET"]}}],"collection":[{"href":"https:\/\/theanimalworld.es\/en\/wp-json\/wp\/v2\/product"}],"about":[{"href":"https:\/\/theanimalworld.es\/en\/wp-json\/wp\/v2\/types\/product"}],"version-history":[{"count":3,"href":"https:\/\/theanimalworld.es\/en\/wp-json\/wp\/v2\/product\/2199\/revisions"}],"predecessor-version":[{"id":2218,"href":"https:\/\/theanimalworld.es\/en\/wp-json\/wp\/v2\/product\/2199\/revisions\/2218"}],"wp:featuredmedia":[{"embeddable":true,"href":"https:\/\/theanimalworld.es\/en\/wp-json\/wp\/v2\/media\/2203"}],"wp:attachment":[{"href":"https:\/\/theanimalworld.es\/en\/wp-json\/wp\/v2\/media?parent=2199"}],"wp:term":[{"taxonomy":"product_brand","embeddable":true,"href":"https:\/\/theanimalworld.es\/en\/wp-json\/wp\/v2\/product_brand?post=2199"},{"taxonomy":"product_cat","embeddable":true,"href":"https:\/\/theanimalworld.es\/en\/wp-json\/wp\/v2\/product_cat?post=2199"},{"taxonomy":"product_tag","embeddable":true,"href":"https:\/\/theanimalworld.es\/en\/wp-json\/wp\/v2\/product_tag?post=2199"}],"curies":[{"name":"wp","href":"https:\/\/api.w.org\/{rel}","templated":true}]}}