{"id":2219,"date":"2025-10-23T16:42:32","date_gmt":"2025-10-23T14:42:32","guid":{"rendered":"https:\/\/theanimalworld.es\/?post_type=product&#038;p=2219"},"modified":"2025-10-23T16:42:33","modified_gmt":"2025-10-23T14:42:33","slug":"natura-diet-chicken-vegs-kitten","status":"publish","type":"product","link":"https:\/\/theanimalworld.es\/en\/product\/natura-diet-chicken-vegs-kitten\/","title":{"rendered":"NATURA DIET CHICKEN &#038; VEGS KITTEN"},"content":{"rendered":"","protected":false},"excerpt":{"rendered":"<p><strong>Composici\u00f3n:<\/strong>\u00a0Pollo cocido (28%)*, concentrado de prote\u00ednas vegetales AD**, grasa de pollo , harina flor de ma\u00edz ( fuente de energ\u00eda y fibra sostenible)*, concentrado proteico de salm\u00f3n (8%), guisantes verdes *, fibras vegetales (fuente de prebi\u00f3ticos,), levadura de cerveza premium *, huevo entero*, aceite de pescado rico en EPA y DHA (0,1%). ProHealth* (0,01%): zanahoria, semilla de ar\u00e1ndano rojo, jengibre, ginkgo biloba, c\u00farcuma, espirulina, inulina, ra\u00edz de achicoria, p\u00e9talos de rosa, menta gatera, valeriana, Boswellia, Psyllium plantago ovata, alfalfa, perejil, an\u00eds, fenogreco, apio. Prosafe: extracto de romero y aceite de girasol rico en tocoferoles.<br \/>\n*Ingredientes frescos deshidratados a baja temperatura.<br \/>\n**Alta digestibilidad<\/p>","protected":false},"featured_media":2223,"template":"","meta":{"_jet_sm_ready_style":"","_jet_sm_style":"","_jet_sm_controls_values":"","_jet_sm_fonts_collection":"","_jet_sm_fonts_links":""},"product_brand":[26],"product_cat":[54,55,56],"product_tag":[],"class_list":{"0":"post-2219","1":"product","2":"type-product","3":"status-publish","4":"has-post-thumbnail","6":"product_brand-natura-diet","7":"product_cat-gatos","8":"product_cat-alimentacion-gatos","9":"product_cat-seco-alimentacion-gatos","11":"first","12":"instock","13":"shipping-taxable","14":"purchasable","15":"product-type-variable"},"_links":{"self":[{"href":"https:\/\/theanimalworld.es\/en\/wp-json\/wp\/v2\/product\/2219","targetHints":{"allow":["GET"]}}],"collection":[{"href":"https:\/\/theanimalworld.es\/en\/wp-json\/wp\/v2\/product"}],"about":[{"href":"https:\/\/theanimalworld.es\/en\/wp-json\/wp\/v2\/types\/product"}],"version-history":[{"count":1,"href":"https:\/\/theanimalworld.es\/en\/wp-json\/wp\/v2\/product\/2219\/revisions"}],"predecessor-version":[{"id":2224,"href":"https:\/\/theanimalworld.es\/en\/wp-json\/wp\/v2\/product\/2219\/revisions\/2224"}],"wp:featuredmedia":[{"embeddable":true,"href":"https:\/\/theanimalworld.es\/en\/wp-json\/wp\/v2\/media\/2223"}],"wp:attachment":[{"href":"https:\/\/theanimalworld.es\/en\/wp-json\/wp\/v2\/media?parent=2219"}],"wp:term":[{"taxonomy":"product_brand","embeddable":true,"href":"https:\/\/theanimalworld.es\/en\/wp-json\/wp\/v2\/product_brand?post=2219"},{"taxonomy":"product_cat","embeddable":true,"href":"https:\/\/theanimalworld.es\/en\/wp-json\/wp\/v2\/product_cat?post=2219"},{"taxonomy":"product_tag","embeddable":true,"href":"https:\/\/theanimalworld.es\/en\/wp-json\/wp\/v2\/product_tag?post=2219"}],"curies":[{"name":"wp","href":"https:\/\/api.w.org\/{rel}","templated":true}]}}