{"id":2266,"date":"2025-10-23T17:45:58","date_gmt":"2025-10-23T15:45:58","guid":{"rendered":"https:\/\/theanimalworld.es\/?post_type=product&#038;p=2266"},"modified":"2025-10-23T17:45:59","modified_gmt":"2025-10-23T15:45:59","slug":"natura-diet-puppy-junior","status":"publish","type":"product","link":"https:\/\/theanimalworld.es\/en\/product\/natura-diet-puppy-junior\/","title":{"rendered":"NATURA DIET PUPPY JUNIOR"},"content":{"rendered":"","protected":false},"excerpt":{"rendered":"<p><strong>Composici\u00f3n:<\/strong>\u00a0Carne de pollo deshidratada (35%), arroz (20%), grasa de pollo, concentrado de prote\u00ednas vegetales AD*, carne de pollo hidrolizada y deshidratada ,pulpa de remolacha, aceite de salm\u00f3n ( 3%), manzana deshidratada (1%), aceite de linaza, levadura de cerveza, cloruro pot\u00e1sico, PROHEALTH (1%): extracto de mejill\u00f3n de labios verdes, extracto de krill, zanahoria deshidratada, tomate deshidratado, rosa de la India deshidratada, alfalfa deshidratada, algas deshidratadas, extracto de semilla de diente de le\u00f3n, br\u00f3coli deshidratado, extracto de semilla de t\u00e9 verde, manzanilla deshidratada, extracto de c\u00edtricos, aceite de borraja, extracto de semilla de or\u00e9gano, extracto de semilla de cardo mariano, ar\u00e1ndanos, L-carnitina, taurina, FOS, MOS, probi\u00f3ticos, PROSAFE COMPLEX (0.03%): romero, clavo, pomelo y extracto de uva deshidratados, aceites vegetales ricos en alfa tocoferoles.<br \/>\n*Asimilables y digestibles<\/p>","protected":false},"featured_media":2270,"template":"","meta":{"_jet_sm_ready_style":"","_jet_sm_style":"","_jet_sm_controls_values":"","_jet_sm_fonts_collection":"","_jet_sm_fonts_links":""},"product_brand":[26],"product_cat":[41,42,43],"product_tag":[],"class_list":{"0":"post-2266","1":"product","2":"type-product","3":"status-publish","4":"has-post-thumbnail","6":"product_brand-natura-diet","7":"product_cat-perros","8":"product_cat-alimentacion-perros","9":"product_cat-seco","11":"first","12":"instock","13":"shipping-taxable","14":"purchasable","15":"product-type-variable"},"_links":{"self":[{"href":"https:\/\/theanimalworld.es\/en\/wp-json\/wp\/v2\/product\/2266","targetHints":{"allow":["GET"]}}],"collection":[{"href":"https:\/\/theanimalworld.es\/en\/wp-json\/wp\/v2\/product"}],"about":[{"href":"https:\/\/theanimalworld.es\/en\/wp-json\/wp\/v2\/types\/product"}],"version-history":[{"count":1,"href":"https:\/\/theanimalworld.es\/en\/wp-json\/wp\/v2\/product\/2266\/revisions"}],"predecessor-version":[{"id":2271,"href":"https:\/\/theanimalworld.es\/en\/wp-json\/wp\/v2\/product\/2266\/revisions\/2271"}],"wp:featuredmedia":[{"embeddable":true,"href":"https:\/\/theanimalworld.es\/en\/wp-json\/wp\/v2\/media\/2270"}],"wp:attachment":[{"href":"https:\/\/theanimalworld.es\/en\/wp-json\/wp\/v2\/media?parent=2266"}],"wp:term":[{"taxonomy":"product_brand","embeddable":true,"href":"https:\/\/theanimalworld.es\/en\/wp-json\/wp\/v2\/product_brand?post=2266"},{"taxonomy":"product_cat","embeddable":true,"href":"https:\/\/theanimalworld.es\/en\/wp-json\/wp\/v2\/product_cat?post=2266"},{"taxonomy":"product_tag","embeddable":true,"href":"https:\/\/theanimalworld.es\/en\/wp-json\/wp\/v2\/product_tag?post=2266"}],"curies":[{"name":"wp","href":"https:\/\/api.w.org\/{rel}","templated":true}]}}