{"id":2311,"date":"2025-10-23T18:29:52","date_gmt":"2025-10-23T16:29:52","guid":{"rendered":"https:\/\/theanimalworld.es\/?post_type=product&#038;p=2311"},"modified":"2025-10-23T18:29:53","modified_gmt":"2025-10-23T16:29:53","slug":"natura-diet-fish-rice-mini","status":"publish","type":"product","link":"https:\/\/theanimalworld.es\/en\/product\/natura-diet-fish-rice-mini\/","title":{"rendered":"NATURA DIET FISH &#038; RICE MINI"},"content":{"rendered":"","protected":false},"excerpt":{"rendered":"<p><strong>Composici\u00f3n:<\/strong>\u00a0Salm\u00f3n deshidratado ( 14 %) , grasa de pollo, chicharr\u00f3n de cerdo, arroz (11%), levadura de cerveza , harina de arroz, hidrolizado de pollo, arroz integral, manzana deshidratada (4%), extracto de krill, mezcla de fibras vegetales, cloruro pot\u00e1sico. PROHEALTH (1%):, zanahoria deshidratada, tomate deshidratado, rosa de la India deshidratada, alfalfa deshidratada, algas deshidratadas, extracto de semilla de diente de le\u00f3n, br\u00f3coli deshidratado, extracto de semilla de t\u00e9 verde, manzanilla deshidratada, extracto de c\u00edtricos, aceite de borraja, extracto de semilla de or\u00e9gano, extracto de semilla de cardo mariano, ar\u00e1ndanos, L-carnitina, taurina, FOS, MOS, probi\u00f3ticos, PROJOINT COMPLEX (0.2%) : extracto de mejill\u00f3n de labios verdes, extracto de krill y caldo de hueso ( fuentes naturales de col\u00e1geno, Condroitina y Glucosamina), PROSAFE COMPLEX (0.03%): romero, clavo, pomelo , c\u00farcuma y aceite de oliva.<\/p>","protected":false},"featured_media":2314,"template":"","meta":{"_jet_sm_ready_style":"","_jet_sm_style":"","_jet_sm_controls_values":"","_jet_sm_fonts_collection":"","_jet_sm_fonts_links":""},"product_brand":[26],"product_cat":[41,42,43],"product_tag":[],"class_list":{"0":"post-2311","1":"product","2":"type-product","3":"status-publish","4":"has-post-thumbnail","6":"product_brand-natura-diet","7":"product_cat-perros","8":"product_cat-alimentacion-perros","9":"product_cat-seco","11":"first","12":"instock","13":"shipping-taxable","14":"purchasable","15":"product-type-variable"},"_links":{"self":[{"href":"https:\/\/theanimalworld.es\/en\/wp-json\/wp\/v2\/product\/2311","targetHints":{"allow":["GET"]}}],"collection":[{"href":"https:\/\/theanimalworld.es\/en\/wp-json\/wp\/v2\/product"}],"about":[{"href":"https:\/\/theanimalworld.es\/en\/wp-json\/wp\/v2\/types\/product"}],"version-history":[{"count":1,"href":"https:\/\/theanimalworld.es\/en\/wp-json\/wp\/v2\/product\/2311\/revisions"}],"predecessor-version":[{"id":2315,"href":"https:\/\/theanimalworld.es\/en\/wp-json\/wp\/v2\/product\/2311\/revisions\/2315"}],"wp:featuredmedia":[{"embeddable":true,"href":"https:\/\/theanimalworld.es\/en\/wp-json\/wp\/v2\/media\/2314"}],"wp:attachment":[{"href":"https:\/\/theanimalworld.es\/en\/wp-json\/wp\/v2\/media?parent=2311"}],"wp:term":[{"taxonomy":"product_brand","embeddable":true,"href":"https:\/\/theanimalworld.es\/en\/wp-json\/wp\/v2\/product_brand?post=2311"},{"taxonomy":"product_cat","embeddable":true,"href":"https:\/\/theanimalworld.es\/en\/wp-json\/wp\/v2\/product_cat?post=2311"},{"taxonomy":"product_tag","embeddable":true,"href":"https:\/\/theanimalworld.es\/en\/wp-json\/wp\/v2\/product_tag?post=2311"}],"curies":[{"name":"wp","href":"https:\/\/api.w.org\/{rel}","templated":true}]}}