{"id":2322,"date":"2025-10-25T09:30:23","date_gmt":"2025-10-25T07:30:23","guid":{"rendered":"https:\/\/theanimalworld.es\/?post_type=product&#038;p=2322"},"modified":"2025-10-25T09:30:24","modified_gmt":"2025-10-25T07:30:24","slug":"natura-diet-7-senior","status":"publish","type":"product","link":"https:\/\/theanimalworld.es\/en\/product\/natura-diet-7-senior\/","title":{"rendered":"NATURA DIET +7 SENIOR"},"content":{"rendered":"<p><strong>Composici\u00f3n:<\/strong>\u00a0Carne de pollo deshidratada (28%), arroz (20%), manzana deshidratada (9%), harina de arroz, grasa de pollo, concentrado de prote\u00ednas vegetales AD*, patata deshidratada, cordero deshidratado, salm\u00f3n deshidratado, hidrolizado de pollo, aceite de salm\u00f3n, levadura de cerveza, aceite de lino, pulpa de remolacha, PROHEALTH (1%): extracto de mejill\u00f3n de labios verdes, extracto de krill, zanahoria deshidratada, tomate deshidratado, rosa de la India deshidratada, alfalfa deshidratada, algas deshidratadas, extracto de semilla de diente de le\u00f3n, br\u00f3coli deshidratado, extracto de semilla de t\u00e9 verde, manzanilla deshidratada, extracto de c\u00edtricos, aceite de borraja, extracto de semilla de or\u00e9gano, extracto de semilla de cardo mariano, ar\u00e1ndanos, L-carnitina, taurina, FOS, MOS, probi\u00f3ticos, PROSAFE COMPLEX (0.03%): romero, clavo, pomelo y extracto de uva deshidratados, aceites vegetales ricos en alfa tocoferoles.<br \/>\n*Asimilables y digestibles<\/p>","protected":false},"excerpt":{"rendered":"<p>Composici\u00f3n:\u00a0Carne de pollo deshidratada (28%), arroz (20%), manzana deshidratada (9%), harina de arroz, grasa de pollo, concentrado de prote\u00ednas vegetales AD*, patata deshidratada, cordero deshidratado, salm\u00f3n deshidratado, hidrolizado de pollo, aceite de salm\u00f3n, levadura de cerveza, aceite de lino, pulpa de remolacha, PROHEALTH (1%): extracto de mejill\u00f3n de labios verdes, extracto de krill, zanahoria deshidratada, [&hellip;]<\/p>\n","protected":false},"featured_media":2327,"template":"","meta":{"_jet_sm_ready_style":"","_jet_sm_style":"","_jet_sm_controls_values":"","_jet_sm_fonts_collection":"","_jet_sm_fonts_links":""},"product_brand":[26],"product_cat":[41,42,43],"product_tag":[],"class_list":{"0":"post-2322","1":"product","2":"type-product","3":"status-publish","4":"has-post-thumbnail","6":"product_brand-natura-diet","7":"product_cat-perros","8":"product_cat-alimentacion-perros","9":"product_cat-seco","11":"first","12":"instock","13":"shipping-taxable","14":"purchasable","15":"product-type-variable"},"_links":{"self":[{"href":"https:\/\/theanimalworld.es\/en\/wp-json\/wp\/v2\/product\/2322","targetHints":{"allow":["GET"]}}],"collection":[{"href":"https:\/\/theanimalworld.es\/en\/wp-json\/wp\/v2\/product"}],"about":[{"href":"https:\/\/theanimalworld.es\/en\/wp-json\/wp\/v2\/types\/product"}],"version-history":[{"count":1,"href":"https:\/\/theanimalworld.es\/en\/wp-json\/wp\/v2\/product\/2322\/revisions"}],"predecessor-version":[{"id":2328,"href":"https:\/\/theanimalworld.es\/en\/wp-json\/wp\/v2\/product\/2322\/revisions\/2328"}],"wp:featuredmedia":[{"embeddable":true,"href":"https:\/\/theanimalworld.es\/en\/wp-json\/wp\/v2\/media\/2327"}],"wp:attachment":[{"href":"https:\/\/theanimalworld.es\/en\/wp-json\/wp\/v2\/media?parent=2322"}],"wp:term":[{"taxonomy":"product_brand","embeddable":true,"href":"https:\/\/theanimalworld.es\/en\/wp-json\/wp\/v2\/product_brand?post=2322"},{"taxonomy":"product_cat","embeddable":true,"href":"https:\/\/theanimalworld.es\/en\/wp-json\/wp\/v2\/product_cat?post=2322"},{"taxonomy":"product_tag","embeddable":true,"href":"https:\/\/theanimalworld.es\/en\/wp-json\/wp\/v2\/product_tag?post=2322"}],"curies":[{"name":"wp","href":"https:\/\/api.w.org\/{rel}","templated":true}]}}