{"id":2375,"date":"2025-11-05T16:48:41","date_gmt":"2025-11-05T14:48:41","guid":{"rendered":"https:\/\/theanimalworld.es\/?post_type=product&#038;p=2375"},"modified":"2025-11-05T16:48:42","modified_gmt":"2025-11-05T14:48:42","slug":"natura-diet-7-senior-mini","status":"publish","type":"product","link":"https:\/\/theanimalworld.es\/en\/product\/natura-diet-7-senior-mini\/","title":{"rendered":"NATURA DIET +7 SENIOR MINI"},"content":{"rendered":"","protected":false},"excerpt":{"rendered":"<p><strong>Composici\u00f3n:\u00a0<\/strong>Pollo**(28%), arroz (20%), manzana **(9%), harina de arroz, grasa de pollo, concentrado de prote\u00ednas vegetales AD*, patata**, cordero**, salm\u00f3n**, hidrolizado de pollo, aceite de salm\u00f3n, levadura de cerveza, aceite de lino, pulpa de remolacha. PROHEALTH (1%): extracto de semillas de cardo mariano, or\u00e9gano, manzanilla, t\u00e9 verde, extracto de hojas de diente de le\u00f3n, \u00a0br\u00f3coli**, semillas de ar\u00e1ndano**, espirulina**, p\u00e9talos de rosa, tomate**, pulpa de zanahoria, alfalfa,levadura de cerveza. PROJOINT COMPLEX (0.2%): mejill\u00f3n de labios verdes, krill. PROSAFE COMPLEX (0.05%): romero, clavo, pomelo, extracto de bergamota, naranja, mandarina y c\u00farcuma.<\/p>\n<p>*Alta asimilaci\u00f3n y digestibilidad. **Deshidratado<\/p>","protected":false},"featured_media":2378,"template":"","meta":{"_jet_sm_ready_style":"","_jet_sm_style":"","_jet_sm_controls_values":"","_jet_sm_fonts_collection":"","_jet_sm_fonts_links":""},"product_brand":[26],"product_cat":[41,42,43],"product_tag":[],"class_list":{"0":"post-2375","1":"product","2":"type-product","3":"status-publish","4":"has-post-thumbnail","6":"product_brand-natura-diet","7":"product_cat-perros","8":"product_cat-alimentacion-perros","9":"product_cat-seco","11":"first","12":"instock","13":"shipping-taxable","14":"purchasable","15":"product-type-variable"},"_links":{"self":[{"href":"https:\/\/theanimalworld.es\/en\/wp-json\/wp\/v2\/product\/2375","targetHints":{"allow":["GET"]}}],"collection":[{"href":"https:\/\/theanimalworld.es\/en\/wp-json\/wp\/v2\/product"}],"about":[{"href":"https:\/\/theanimalworld.es\/en\/wp-json\/wp\/v2\/types\/product"}],"version-history":[{"count":1,"href":"https:\/\/theanimalworld.es\/en\/wp-json\/wp\/v2\/product\/2375\/revisions"}],"predecessor-version":[{"id":2379,"href":"https:\/\/theanimalworld.es\/en\/wp-json\/wp\/v2\/product\/2375\/revisions\/2379"}],"wp:featuredmedia":[{"embeddable":true,"href":"https:\/\/theanimalworld.es\/en\/wp-json\/wp\/v2\/media\/2378"}],"wp:attachment":[{"href":"https:\/\/theanimalworld.es\/en\/wp-json\/wp\/v2\/media?parent=2375"}],"wp:term":[{"taxonomy":"product_brand","embeddable":true,"href":"https:\/\/theanimalworld.es\/en\/wp-json\/wp\/v2\/product_brand?post=2375"},{"taxonomy":"product_cat","embeddable":true,"href":"https:\/\/theanimalworld.es\/en\/wp-json\/wp\/v2\/product_cat?post=2375"},{"taxonomy":"product_tag","embeddable":true,"href":"https:\/\/theanimalworld.es\/en\/wp-json\/wp\/v2\/product_tag?post=2375"}],"curies":[{"name":"wp","href":"https:\/\/api.w.org\/{rel}","templated":true}]}}