{"id":2385,"date":"2025-11-05T16:55:28","date_gmt":"2025-11-05T14:55:28","guid":{"rendered":"https:\/\/theanimalworld.es\/?post_type=product&#038;p=2385"},"modified":"2025-11-05T16:55:28","modified_gmt":"2025-11-05T14:55:28","slug":"natura-diet-reduced-20-calories-mini","status":"publish","type":"product","link":"https:\/\/theanimalworld.es\/en\/product\/natura-diet-reduced-20-calories-mini\/","title":{"rendered":"NATURA DIET REDUCED -20% CALORIES MINI"},"content":{"rendered":"","protected":false},"excerpt":{"rendered":"<p><strong>Composici\u00f3n:\u00a0<\/strong>Pavo deshidratado (32 %), arroz (20 %), concentrado de prote\u00ednas vegetales AD*, \u00a0\u00a0fibras vegetales AD* (11%), manzana deshidratada (7 %), grasa de pollo, guisante deshidratado, consom\u00e9 de cerdo, aceite de salm\u00f3n y aceite de lino (0,5%), huevo entero deshidratado (0,2%), minerales, remolacha roja (0,1%), extracto de yucca\u00a0<strong>Ingredientes funcionales\u00a0<\/strong>(0,05%): extracto de semillas de cardo mariano, or\u00e9gano, manzanilla, t\u00e9 verde, extracto de hojas de diente de le\u00f3n, br\u00f3coli deshidratado, semillas de ar\u00e1ndano secas, espirulina en polvo, p\u00e9talos de rosa, tomate deshidratado, pulpa de zanahoria, alfalfa y levadura, romero, clavo, pomelo, extracto de bergamota, naranja, mandarina y c\u00farcuma, mejill\u00f3n de labios verdes y krill.<\/p>\n<p>* Alta asimilaci\u00f3n y digestibilidad<\/p>","protected":false},"featured_media":2387,"template":"","meta":{"_jet_sm_ready_style":"","_jet_sm_style":"","_jet_sm_controls_values":"","_jet_sm_fonts_collection":"","_jet_sm_fonts_links":""},"product_brand":[26],"product_cat":[41,42,43],"product_tag":[],"class_list":{"0":"post-2385","1":"product","2":"type-product","3":"status-publish","4":"has-post-thumbnail","6":"product_brand-natura-diet","7":"product_cat-perros","8":"product_cat-alimentacion-perros","9":"product_cat-seco","11":"first","12":"instock","13":"shipping-taxable","14":"purchasable","15":"product-type-variable"},"_links":{"self":[{"href":"https:\/\/theanimalworld.es\/en\/wp-json\/wp\/v2\/product\/2385","targetHints":{"allow":["GET"]}}],"collection":[{"href":"https:\/\/theanimalworld.es\/en\/wp-json\/wp\/v2\/product"}],"about":[{"href":"https:\/\/theanimalworld.es\/en\/wp-json\/wp\/v2\/types\/product"}],"version-history":[{"count":1,"href":"https:\/\/theanimalworld.es\/en\/wp-json\/wp\/v2\/product\/2385\/revisions"}],"predecessor-version":[{"id":2388,"href":"https:\/\/theanimalworld.es\/en\/wp-json\/wp\/v2\/product\/2385\/revisions\/2388"}],"wp:featuredmedia":[{"embeddable":true,"href":"https:\/\/theanimalworld.es\/en\/wp-json\/wp\/v2\/media\/2387"}],"wp:attachment":[{"href":"https:\/\/theanimalworld.es\/en\/wp-json\/wp\/v2\/media?parent=2385"}],"wp:term":[{"taxonomy":"product_brand","embeddable":true,"href":"https:\/\/theanimalworld.es\/en\/wp-json\/wp\/v2\/product_brand?post=2385"},{"taxonomy":"product_cat","embeddable":true,"href":"https:\/\/theanimalworld.es\/en\/wp-json\/wp\/v2\/product_cat?post=2385"},{"taxonomy":"product_tag","embeddable":true,"href":"https:\/\/theanimalworld.es\/en\/wp-json\/wp\/v2\/product_tag?post=2385"}],"curies":[{"name":"wp","href":"https:\/\/api.w.org\/{rel}","templated":true}]}}