{"id":2389,"date":"2025-11-05T16:59:03","date_gmt":"2025-11-05T14:59:03","guid":{"rendered":"https:\/\/theanimalworld.es\/?post_type=product&#038;p=2389"},"modified":"2025-11-05T16:59:04","modified_gmt":"2025-11-05T14:59:04","slug":"natura-diet-light-10-calories","status":"publish","type":"product","link":"https:\/\/theanimalworld.es\/en\/product\/natura-diet-light-10-calories\/","title":{"rendered":"NATURA DIET LIGHT -10% CALORIES"},"content":{"rendered":"","protected":false},"excerpt":{"rendered":"<p><strong>Composici\u00f3n:<\/strong>\u00a0Pavo deshidratado (37 %), arroz integral (22 %), manzana deshidratada (7 %), arroz entero, aceite de pato (4.3 %), huevo entero deshidratado, aceite de salm\u00f3n, fibras vegetales AD*, zanahoria deshidratada (1% ), acelga deshidratada (0.8 %), remolacha roja deshidratada (0.7 %) alga spirulina, extracto de yuca, pi\u00f1a deshidratada (0.2%), hojas de frambuesa roja (0.2%), Garcinia Cambogia, PROHEALTH (1%): extracto de mejill\u00f3n de labios verdes, extracto de krill, zanahoria deshidratada, tomate deshidratado, rosa de la India deshidratada, alfalfa deshidratada, algas deshidratadas, extracto de semilla de diente de le\u00f3n, br\u00f3coli deshidratado, extracto de semilla de t\u00e9 verde, manzanilla deshidratada, extracto de c\u00edtricos, aceite de borraja, extracto de semilla de or\u00e9gano, extracto de semilla de cardo mariano, ar\u00e1ndanos, L-carnitina, taurina, FOS, MOS, probi\u00f3ticos, PROSAFE COMPLEX (0.03%): romero, clavo, pomelo y extracto de uva deshidratados, aceites vegetales ricos en alfa tocoferoles.<br \/>\n*Alta asimilaci\u00f3n y digestibilidad.<\/p>","protected":false},"featured_media":2392,"template":"","meta":{"_jet_sm_ready_style":"","_jet_sm_style":"","_jet_sm_controls_values":"","_jet_sm_fonts_collection":"","_jet_sm_fonts_links":""},"product_brand":[26],"product_cat":[41,42,43],"product_tag":[],"class_list":{"0":"post-2389","1":"product","2":"type-product","3":"status-publish","4":"has-post-thumbnail","6":"product_brand-natura-diet","7":"product_cat-perros","8":"product_cat-alimentacion-perros","9":"product_cat-seco","11":"first","12":"instock","13":"shipping-taxable","14":"purchasable","15":"product-type-variable"},"_links":{"self":[{"href":"https:\/\/theanimalworld.es\/en\/wp-json\/wp\/v2\/product\/2389","targetHints":{"allow":["GET"]}}],"collection":[{"href":"https:\/\/theanimalworld.es\/en\/wp-json\/wp\/v2\/product"}],"about":[{"href":"https:\/\/theanimalworld.es\/en\/wp-json\/wp\/v2\/types\/product"}],"version-history":[{"count":1,"href":"https:\/\/theanimalworld.es\/en\/wp-json\/wp\/v2\/product\/2389\/revisions"}],"predecessor-version":[{"id":2393,"href":"https:\/\/theanimalworld.es\/en\/wp-json\/wp\/v2\/product\/2389\/revisions\/2393"}],"wp:featuredmedia":[{"embeddable":true,"href":"https:\/\/theanimalworld.es\/en\/wp-json\/wp\/v2\/media\/2392"}],"wp:attachment":[{"href":"https:\/\/theanimalworld.es\/en\/wp-json\/wp\/v2\/media?parent=2389"}],"wp:term":[{"taxonomy":"product_brand","embeddable":true,"href":"https:\/\/theanimalworld.es\/en\/wp-json\/wp\/v2\/product_brand?post=2389"},{"taxonomy":"product_cat","embeddable":true,"href":"https:\/\/theanimalworld.es\/en\/wp-json\/wp\/v2\/product_cat?post=2389"},{"taxonomy":"product_tag","embeddable":true,"href":"https:\/\/theanimalworld.es\/en\/wp-json\/wp\/v2\/product_tag?post=2389"}],"curies":[{"name":"wp","href":"https:\/\/api.w.org\/{rel}","templated":true}]}}