{"id":2394,"date":"2025-11-05T17:20:29","date_gmt":"2025-11-05T15:20:29","guid":{"rendered":"https:\/\/theanimalworld.es\/?post_type=product&#038;p=2394"},"modified":"2025-11-05T17:20:29","modified_gmt":"2025-11-05T15:20:29","slug":"natura-diet-grain-free-duck-sweet-potato","status":"publish","type":"product","link":"https:\/\/theanimalworld.es\/en\/product\/natura-diet-grain-free-duck-sweet-potato\/","title":{"rendered":"NATURA DIET GRAIN FREE DUCK &#038; SWEET POTATO"},"content":{"rendered":"","protected":false},"excerpt":{"rendered":"<p><strong>Composici\u00f3n:\u00a0<\/strong>Pato deshidratado y desgrasado (25%), patata deshidratada, concentrado de prote\u00ednas vegetales AD*, grasa de pollo, boniato (8%), guisante deshidratado (5%), pulpas de frutas y fibras vegetales (4%), aceite de salm\u00f3n y aceite de lino (2,3%), cerdo hidrolizado, minerales Ingredientes funcionales (0,05%): levadura premium, extracto de semillas de cardo mariano, or\u00e9gano, manzanilla, t\u00e9 verde, extracto de hojas de diente de le\u00f3n, br\u00f3coli deshidratado, semillas de ar\u00e1ndano secas, espirulina en polvo, p\u00e9talos de rosa, tomate deshidratado, pulpa de zanahoria, alfalfa y levadura, romero, clavo, pomelo, extracto de bergamota, naranja, mandarina y c\u00farcuma, mejill\u00f3n de labios verdes y krill.<br \/>\n* Alta asimilaci\u00f3n y digestibilidad<\/p>","protected":false},"featured_media":2397,"template":"","meta":{"_jet_sm_ready_style":"","_jet_sm_style":"","_jet_sm_controls_values":"","_jet_sm_fonts_collection":"","_jet_sm_fonts_links":""},"product_brand":[26],"product_cat":[41,42,43],"product_tag":[],"class_list":{"0":"post-2394","1":"product","2":"type-product","3":"status-publish","4":"has-post-thumbnail","6":"product_brand-natura-diet","7":"product_cat-perros","8":"product_cat-alimentacion-perros","9":"product_cat-seco","11":"first","12":"instock","13":"shipping-taxable","14":"purchasable","15":"product-type-variable"},"_links":{"self":[{"href":"https:\/\/theanimalworld.es\/en\/wp-json\/wp\/v2\/product\/2394","targetHints":{"allow":["GET"]}}],"collection":[{"href":"https:\/\/theanimalworld.es\/en\/wp-json\/wp\/v2\/product"}],"about":[{"href":"https:\/\/theanimalworld.es\/en\/wp-json\/wp\/v2\/types\/product"}],"version-history":[{"count":1,"href":"https:\/\/theanimalworld.es\/en\/wp-json\/wp\/v2\/product\/2394\/revisions"}],"predecessor-version":[{"id":2398,"href":"https:\/\/theanimalworld.es\/en\/wp-json\/wp\/v2\/product\/2394\/revisions\/2398"}],"wp:featuredmedia":[{"embeddable":true,"href":"https:\/\/theanimalworld.es\/en\/wp-json\/wp\/v2\/media\/2397"}],"wp:attachment":[{"href":"https:\/\/theanimalworld.es\/en\/wp-json\/wp\/v2\/media?parent=2394"}],"wp:term":[{"taxonomy":"product_brand","embeddable":true,"href":"https:\/\/theanimalworld.es\/en\/wp-json\/wp\/v2\/product_brand?post=2394"},{"taxonomy":"product_cat","embeddable":true,"href":"https:\/\/theanimalworld.es\/en\/wp-json\/wp\/v2\/product_cat?post=2394"},{"taxonomy":"product_tag","embeddable":true,"href":"https:\/\/theanimalworld.es\/en\/wp-json\/wp\/v2\/product_tag?post=2394"}],"curies":[{"name":"wp","href":"https:\/\/api.w.org\/{rel}","templated":true}]}}