{"id":2404,"date":"2025-11-05T17:27:36","date_gmt":"2025-11-05T15:27:36","guid":{"rendered":"https:\/\/theanimalworld.es\/?post_type=product&#038;p=2404"},"modified":"2025-11-05T17:27:36","modified_gmt":"2025-11-05T15:27:36","slug":"natura-diet-grain-free-salmon-coconut","status":"publish","type":"product","link":"https:\/\/theanimalworld.es\/en\/product\/natura-diet-grain-free-salmon-coconut\/","title":{"rendered":"NATURA DIET GRAIN FREE SALMON &#038; COCONUT"},"content":{"rendered":"","protected":false},"excerpt":{"rendered":"<p><strong>Composici\u00f3n:<\/strong>\u00a0Salm\u00f3n, jurel, boquer\u00f3n y caballa enteros al vapor (22 %) *, patata entera (20%), aceite de coco (7%) *, guisantes verdes, *, manzana*, copos de patata, levadura de cerveza, almid\u00f3n de patata, aceite de canola, boniato (3%), lentejas rojas (3%) *, aceite de salm\u00f3n*. PROHEALTH (1%): zanahoria deshidratada, extracto de semillas de diente de le\u00f3n*, extracto de semillas de t\u00e9 verde*, manzanilla deshidratada, extracto de semillas de or\u00e9gano*, probi\u00f3ticos*, tomate deshidratado, p\u00e9talos de rosa, alga spirulina*, br\u00f3coli deshidratado* ( fuente de prebi\u00f3ticos), ar\u00e1ndano deshidratado*, pomelo deshidratado, levadura de cerveza, PROJOINT COMPLEX (0.2%): extracto de mejill\u00f3n de labios verdes, extracto de krill*, caldo de hueso* (fuentes naturales de col\u00e1geno, condroitina y glucosamina), PROSAFE COMPLEX (0.03%): romero*, c\u00farcuma*, pomelo, cereza de cayena y aceite de oliva*.<br \/>\n* Superfood ingredients.<\/p>","protected":false},"featured_media":2407,"template":"","meta":{"_jet_sm_ready_style":"","_jet_sm_style":"","_jet_sm_controls_values":"","_jet_sm_fonts_collection":"","_jet_sm_fonts_links":""},"product_brand":[26],"product_cat":[41,42,43],"product_tag":[],"class_list":{"0":"post-2404","1":"product","2":"type-product","3":"status-publish","4":"has-post-thumbnail","6":"product_brand-natura-diet","7":"product_cat-perros","8":"product_cat-alimentacion-perros","9":"product_cat-seco","11":"first","12":"instock","13":"shipping-taxable","14":"purchasable","15":"product-type-variable"},"_links":{"self":[{"href":"https:\/\/theanimalworld.es\/en\/wp-json\/wp\/v2\/product\/2404","targetHints":{"allow":["GET"]}}],"collection":[{"href":"https:\/\/theanimalworld.es\/en\/wp-json\/wp\/v2\/product"}],"about":[{"href":"https:\/\/theanimalworld.es\/en\/wp-json\/wp\/v2\/types\/product"}],"version-history":[{"count":1,"href":"https:\/\/theanimalworld.es\/en\/wp-json\/wp\/v2\/product\/2404\/revisions"}],"predecessor-version":[{"id":2408,"href":"https:\/\/theanimalworld.es\/en\/wp-json\/wp\/v2\/product\/2404\/revisions\/2408"}],"wp:featuredmedia":[{"embeddable":true,"href":"https:\/\/theanimalworld.es\/en\/wp-json\/wp\/v2\/media\/2407"}],"wp:attachment":[{"href":"https:\/\/theanimalworld.es\/en\/wp-json\/wp\/v2\/media?parent=2404"}],"wp:term":[{"taxonomy":"product_brand","embeddable":true,"href":"https:\/\/theanimalworld.es\/en\/wp-json\/wp\/v2\/product_brand?post=2404"},{"taxonomy":"product_cat","embeddable":true,"href":"https:\/\/theanimalworld.es\/en\/wp-json\/wp\/v2\/product_cat?post=2404"},{"taxonomy":"product_tag","embeddable":true,"href":"https:\/\/theanimalworld.es\/en\/wp-json\/wp\/v2\/product_tag?post=2404"}],"curies":[{"name":"wp","href":"https:\/\/api.w.org\/{rel}","templated":true}]}}