{"id":2421,"date":"2025-11-05T17:48:09","date_gmt":"2025-11-05T15:48:09","guid":{"rendered":"https:\/\/theanimalworld.es\/?post_type=product&#038;p=2421"},"modified":"2025-11-05T17:48:09","modified_gmt":"2025-11-05T15:48:09","slug":"natura-diet-iberico-vegs-400gr","status":"publish","type":"product","link":"https:\/\/theanimalworld.es\/en\/product\/natura-diet-iberico-vegs-400gr\/","title":{"rendered":"NATURA DIET IBERICO &#038; VEGS  400GR"},"content":{"rendered":"","protected":false},"excerpt":{"rendered":"<p><strong>Composici\u00f3n:\u00a0<\/strong>Carnes frescas 83 % \u2013 pavo, cerdo ib\u00e9rico 35 %, pollo \u2013 patata (3%), levadura de cerveza, zanahoria, br\u00f3coli y puerro (1%), aceite de salm\u00f3n, fibras vegetales, aceite de oliva, Prosafe complex: extractos de romero, c\u00farcuma, pomelo y clavo.<\/p>","protected":false},"featured_media":2422,"template":"","meta":{"_jet_sm_ready_style":"","_jet_sm_style":"","_jet_sm_controls_values":"","_jet_sm_fonts_collection":"","_jet_sm_fonts_links":""},"product_brand":[26],"product_cat":[42,44],"product_tag":[],"class_list":{"0":"post-2421","1":"product","2":"type-product","3":"status-publish","4":"has-post-thumbnail","6":"product_brand-natura-diet","7":"product_cat-alimentacion-perros","8":"product_cat-humedo","10":"first","11":"instock","12":"shipping-taxable","13":"purchasable","14":"product-type-simple"},"_links":{"self":[{"href":"https:\/\/theanimalworld.es\/en\/wp-json\/wp\/v2\/product\/2421","targetHints":{"allow":["GET"]}}],"collection":[{"href":"https:\/\/theanimalworld.es\/en\/wp-json\/wp\/v2\/product"}],"about":[{"href":"https:\/\/theanimalworld.es\/en\/wp-json\/wp\/v2\/types\/product"}],"version-history":[{"count":1,"href":"https:\/\/theanimalworld.es\/en\/wp-json\/wp\/v2\/product\/2421\/revisions"}],"predecessor-version":[{"id":2423,"href":"https:\/\/theanimalworld.es\/en\/wp-json\/wp\/v2\/product\/2421\/revisions\/2423"}],"wp:featuredmedia":[{"embeddable":true,"href":"https:\/\/theanimalworld.es\/en\/wp-json\/wp\/v2\/media\/2422"}],"wp:attachment":[{"href":"https:\/\/theanimalworld.es\/en\/wp-json\/wp\/v2\/media?parent=2421"}],"wp:term":[{"taxonomy":"product_brand","embeddable":true,"href":"https:\/\/theanimalworld.es\/en\/wp-json\/wp\/v2\/product_brand?post=2421"},{"taxonomy":"product_cat","embeddable":true,"href":"https:\/\/theanimalworld.es\/en\/wp-json\/wp\/v2\/product_cat?post=2421"},{"taxonomy":"product_tag","embeddable":true,"href":"https:\/\/theanimalworld.es\/en\/wp-json\/wp\/v2\/product_tag?post=2421"}],"curies":[{"name":"wp","href":"https:\/\/api.w.org\/{rel}","templated":true}]}}