{"id":2424,"date":"2025-11-05T17:50:07","date_gmt":"2025-11-05T15:50:07","guid":{"rendered":"https:\/\/theanimalworld.es\/?post_type=product&#038;p=2424"},"modified":"2025-11-05T17:50:08","modified_gmt":"2025-11-05T15:50:08","slug":"natura-diet-fish-vegs-400gr","status":"publish","type":"product","link":"https:\/\/theanimalworld.es\/en\/product\/natura-diet-fish-vegs-400gr\/","title":{"rendered":"NATURA DIET FISH &#038; VEGS 400GR"},"content":{"rendered":"","protected":false},"excerpt":{"rendered":"<p><strong>Composici\u00f3n:\u00a0<\/strong>Pescado fresco (83%) \u2013 sardina, at\u00fan, trucha-, aceite de girasol, zanahoria, br\u00f3coli y puerro (1%), patata (0,5%), remolacha roja, aceite de oliva Prosafe complex: extractos de romero, c\u00farcuma, pomelo y clavo.<\/p>","protected":false},"featured_media":2425,"template":"","meta":{"_jet_sm_ready_style":"","_jet_sm_style":"","_jet_sm_controls_values":"","_jet_sm_fonts_collection":"","_jet_sm_fonts_links":""},"product_brand":[26],"product_cat":[41,42,44],"product_tag":[],"class_list":{"0":"post-2424","1":"product","2":"type-product","3":"status-publish","4":"has-post-thumbnail","6":"product_brand-natura-diet","7":"product_cat-perros","8":"product_cat-alimentacion-perros","9":"product_cat-humedo","11":"first","12":"instock","13":"shipping-taxable","14":"purchasable","15":"product-type-simple"},"_links":{"self":[{"href":"https:\/\/theanimalworld.es\/en\/wp-json\/wp\/v2\/product\/2424","targetHints":{"allow":["GET"]}}],"collection":[{"href":"https:\/\/theanimalworld.es\/en\/wp-json\/wp\/v2\/product"}],"about":[{"href":"https:\/\/theanimalworld.es\/en\/wp-json\/wp\/v2\/types\/product"}],"version-history":[{"count":2,"href":"https:\/\/theanimalworld.es\/en\/wp-json\/wp\/v2\/product\/2424\/revisions"}],"predecessor-version":[{"id":2427,"href":"https:\/\/theanimalworld.es\/en\/wp-json\/wp\/v2\/product\/2424\/revisions\/2427"}],"wp:featuredmedia":[{"embeddable":true,"href":"https:\/\/theanimalworld.es\/en\/wp-json\/wp\/v2\/media\/2425"}],"wp:attachment":[{"href":"https:\/\/theanimalworld.es\/en\/wp-json\/wp\/v2\/media?parent=2424"}],"wp:term":[{"taxonomy":"product_brand","embeddable":true,"href":"https:\/\/theanimalworld.es\/en\/wp-json\/wp\/v2\/product_brand?post=2424"},{"taxonomy":"product_cat","embeddable":true,"href":"https:\/\/theanimalworld.es\/en\/wp-json\/wp\/v2\/product_cat?post=2424"},{"taxonomy":"product_tag","embeddable":true,"href":"https:\/\/theanimalworld.es\/en\/wp-json\/wp\/v2\/product_tag?post=2424"}],"curies":[{"name":"wp","href":"https:\/\/api.w.org\/{rel}","templated":true}]}}