{"id":2453,"date":"2025-11-05T18:12:04","date_gmt":"2025-11-05T16:12:04","guid":{"rendered":"https:\/\/theanimalworld.es\/?post_type=product&#038;p=2453"},"modified":"2025-11-05T18:12:04","modified_gmt":"2025-11-05T16:12:04","slug":"natura-diet-adult-sterilized-iberico-pumpkin-85gr","status":"publish","type":"product","link":"https:\/\/theanimalworld.es\/en\/product\/natura-diet-adult-sterilized-iberico-pumpkin-85gr\/","title":{"rendered":"NATURA DIET ADULT STERILIZED IBERICO &#038; PUMPKIN 85GR"},"content":{"rendered":"","protected":false},"excerpt":{"rendered":"<p><span id=\"ltw-titulo-ingredientes\" class=\"customtingredientes\">Ingredientes<\/span><\/p>\n<p>Cerdo ib\u00e9rico fresco (30%), pavo fresco (10%), calabaza (6%), aceite de salm\u00f3n (1,5%), zooplancton marino deshidratado, minerales, prebi\u00f3ticos (0,025%), espino amarillo, extracto de yucca schidigera.<\/p>","protected":false},"featured_media":2454,"template":"","meta":{"_jet_sm_ready_style":"","_jet_sm_style":"","_jet_sm_controls_values":"","_jet_sm_fonts_collection":"","_jet_sm_fonts_links":""},"product_brand":[26],"product_cat":[54,55,57],"product_tag":[],"class_list":{"0":"post-2453","1":"product","2":"type-product","3":"status-publish","4":"has-post-thumbnail","6":"product_brand-natura-diet","7":"product_cat-gatos","8":"product_cat-alimentacion-gatos","9":"product_cat-pienso-humedo","11":"first","12":"instock","13":"shipping-taxable","14":"purchasable","15":"product-type-simple"},"_links":{"self":[{"href":"https:\/\/theanimalworld.es\/en\/wp-json\/wp\/v2\/product\/2453","targetHints":{"allow":["GET"]}}],"collection":[{"href":"https:\/\/theanimalworld.es\/en\/wp-json\/wp\/v2\/product"}],"about":[{"href":"https:\/\/theanimalworld.es\/en\/wp-json\/wp\/v2\/types\/product"}],"version-history":[{"count":2,"href":"https:\/\/theanimalworld.es\/en\/wp-json\/wp\/v2\/product\/2453\/revisions"}],"predecessor-version":[{"id":2456,"href":"https:\/\/theanimalworld.es\/en\/wp-json\/wp\/v2\/product\/2453\/revisions\/2456"}],"wp:featuredmedia":[{"embeddable":true,"href":"https:\/\/theanimalworld.es\/en\/wp-json\/wp\/v2\/media\/2454"}],"wp:attachment":[{"href":"https:\/\/theanimalworld.es\/en\/wp-json\/wp\/v2\/media?parent=2453"}],"wp:term":[{"taxonomy":"product_brand","embeddable":true,"href":"https:\/\/theanimalworld.es\/en\/wp-json\/wp\/v2\/product_brand?post=2453"},{"taxonomy":"product_cat","embeddable":true,"href":"https:\/\/theanimalworld.es\/en\/wp-json\/wp\/v2\/product_cat?post=2453"},{"taxonomy":"product_tag","embeddable":true,"href":"https:\/\/theanimalworld.es\/en\/wp-json\/wp\/v2\/product_tag?post=2453"}],"curies":[{"name":"wp","href":"https:\/\/api.w.org\/{rel}","templated":true}]}}