{"id":2488,"date":"2025-11-05T18:40:26","date_gmt":"2025-11-05T16:40:26","guid":{"rendered":"https:\/\/theanimalworld.es\/?post_type=product&#038;p=2488"},"modified":"2026-01-13T17:45:01","modified_gmt":"2026-01-13T15:45:01","slug":"dibaq-sense-grain-free-pollo-y-pato","status":"publish","type":"product","link":"https:\/\/theanimalworld.es\/en\/product\/dibaq-sense-grain-free-pollo-y-pato\/","title":{"rendered":"DIBAQ SENSE GRAIN FREE POLLO Y PATO"},"content":{"rendered":"","protected":false},"excerpt":{"rendered":"<div class=\"nutricional\">\n<p class=\"tit-nutri\">Composici\u00f3n<\/p>\n<p>Carne fresca de pollo 20%, carne fresca de pato 20%, carne deshidratada de pollo 20%, guisantes pelados, patata, aceite de pollo, pulpa de remolacha, prote\u00edna deshidratada de pollo, hidrolizado de h\u00edgado de pollo, verduras y frutas frescas 4% (champi\u00f1ones, ar\u00e1ndanos, mango y manzana), Ceratonia siliqua , aceite de salm\u00f3n (fuente de \u00e1cidos grasos omega 3 y 6), sustancias minerales, pack protector articular (Condrotina sulfato, glucosamina sulfato y MSM), yuca, ra\u00edz de achicoria (fuente de inulina-FOS), levaduras (MOS) y plantas arom\u00e1ticas con propiedades antioxidantes naturales (romero, tomillo y or\u00e9gano).<\/p>\n<\/div>\n<div class=\"nutricional\">\n<p class=\"tit-nutri\">Componentes anal\u00edticos<\/p>\n<p>Prote\u00edna bruta 26%, Aceites y grasas brutos 15%, Fibras brutas 2,8%, Materia inorg\u00e1nica 5,9%, Vitamina A 16.000 U.I., Vitamina D3 1.550 U.I., Vitamina E \u03b1- tocoferol) 110 mg.<\/p>\n<\/div>","protected":false},"featured_media":2491,"template":"","meta":{"_jet_sm_ready_style":"","_jet_sm_style":"","_jet_sm_controls_values":"","_jet_sm_fonts_collection":"","_jet_sm_fonts_links":""},"product_brand":[28],"product_cat":[41,42,43],"product_tag":[],"class_list":{"0":"post-2488","1":"product","2":"type-product","3":"status-publish","4":"has-post-thumbnail","6":"product_brand-dibaq-sense","7":"product_cat-perros","8":"product_cat-alimentacion-perros","9":"product_cat-seco","11":"first","12":"instock","13":"shipping-taxable","14":"purchasable","15":"product-type-variable"},"_links":{"self":[{"href":"https:\/\/theanimalworld.es\/en\/wp-json\/wp\/v2\/product\/2488","targetHints":{"allow":["GET"]}}],"collection":[{"href":"https:\/\/theanimalworld.es\/en\/wp-json\/wp\/v2\/product"}],"about":[{"href":"https:\/\/theanimalworld.es\/en\/wp-json\/wp\/v2\/types\/product"}],"version-history":[{"count":2,"href":"https:\/\/theanimalworld.es\/en\/wp-json\/wp\/v2\/product\/2488\/revisions"}],"predecessor-version":[{"id":2493,"href":"https:\/\/theanimalworld.es\/en\/wp-json\/wp\/v2\/product\/2488\/revisions\/2493"}],"wp:featuredmedia":[{"embeddable":true,"href":"https:\/\/theanimalworld.es\/en\/wp-json\/wp\/v2\/media\/2491"}],"wp:attachment":[{"href":"https:\/\/theanimalworld.es\/en\/wp-json\/wp\/v2\/media?parent=2488"}],"wp:term":[{"taxonomy":"product_brand","embeddable":true,"href":"https:\/\/theanimalworld.es\/en\/wp-json\/wp\/v2\/product_brand?post=2488"},{"taxonomy":"product_cat","embeddable":true,"href":"https:\/\/theanimalworld.es\/en\/wp-json\/wp\/v2\/product_cat?post=2488"},{"taxonomy":"product_tag","embeddable":true,"href":"https:\/\/theanimalworld.es\/en\/wp-json\/wp\/v2\/product_tag?post=2488"}],"curies":[{"name":"wp","href":"https:\/\/api.w.org\/{rel}","templated":true}]}}