{"id":2499,"date":"2025-11-05T18:59:58","date_gmt":"2025-11-05T16:59:58","guid":{"rendered":"https:\/\/theanimalworld.es\/?post_type=product&#038;p=2499"},"modified":"2025-11-05T18:59:58","modified_gmt":"2025-11-05T16:59:58","slug":"dibaq-sense-grain-free-cordero","status":"publish","type":"product","link":"https:\/\/theanimalworld.es\/en\/product\/dibaq-sense-grain-free-cordero\/","title":{"rendered":"DIBAQ SENSE GRAIN FREE CORDERO"},"content":{"rendered":"","protected":false},"excerpt":{"rendered":"<div class=\"nutricional\">\n<p class=\"tit-nutri\">Composici\u00f3n<\/p>\n<p>Carne fresca de cordero 33%, carne deshidratada de cordero 25%, guisantes pelados, patatas, aceite de pollo, pulpa de remolacha, hidrolizado de h\u00edgado de cordero, verduras y frutas frescas 4% (jud\u00edas verdes y manzana), Ceratonia siliqua , aceite de salm\u00f3n (fuente de \u00e1cidos grasos omega 3 y 6), sustancias minerales, pack protector articular (condrotina sultato, glucosamina sulfato y MSM), yuca, ra\u00edz de achicoria (fuente de inulina-FOS), levaduras (MOS) y plantas arom\u00e1ticas con propiedades antioxidantes naturales (romero, tomillo y or\u00e9gano).<\/p>\n<\/div>\n<div class=\"nutricional\">\n<p class=\"tit-nutri\">Componentes anal\u00edticos<\/p>\n<p>Prote\u00edna bruta 28%, Aceites y grasas brutos 17%, Fibras brutas 2,2%, Materia inorg\u00e1nica 5,9%, Vitamina A 17.000 U.I.\/kg, Vitamina D3 1.650 U.I.\/kg, Vitamina E \u03b1- tocoferol) 112 mg\/kg.<\/p>\n<\/div>","protected":false},"featured_media":2502,"template":"","meta":{"_jet_sm_ready_style":"","_jet_sm_style":"","_jet_sm_controls_values":"","_jet_sm_fonts_collection":"","_jet_sm_fonts_links":""},"product_brand":[28],"product_cat":[41,42,43],"product_tag":[],"class_list":{"0":"post-2499","1":"product","2":"type-product","3":"status-publish","4":"has-post-thumbnail","6":"product_brand-dibaq-sense","7":"product_cat-perros","8":"product_cat-alimentacion-perros","9":"product_cat-seco","11":"first","12":"instock","13":"shipping-taxable","14":"purchasable","15":"product-type-variable"},"_links":{"self":[{"href":"https:\/\/theanimalworld.es\/en\/wp-json\/wp\/v2\/product\/2499","targetHints":{"allow":["GET"]}}],"collection":[{"href":"https:\/\/theanimalworld.es\/en\/wp-json\/wp\/v2\/product"}],"about":[{"href":"https:\/\/theanimalworld.es\/en\/wp-json\/wp\/v2\/types\/product"}],"version-history":[{"count":1,"href":"https:\/\/theanimalworld.es\/en\/wp-json\/wp\/v2\/product\/2499\/revisions"}],"predecessor-version":[{"id":2503,"href":"https:\/\/theanimalworld.es\/en\/wp-json\/wp\/v2\/product\/2499\/revisions\/2503"}],"wp:featuredmedia":[{"embeddable":true,"href":"https:\/\/theanimalworld.es\/en\/wp-json\/wp\/v2\/media\/2502"}],"wp:attachment":[{"href":"https:\/\/theanimalworld.es\/en\/wp-json\/wp\/v2\/media?parent=2499"}],"wp:term":[{"taxonomy":"product_brand","embeddable":true,"href":"https:\/\/theanimalworld.es\/en\/wp-json\/wp\/v2\/product_brand?post=2499"},{"taxonomy":"product_cat","embeddable":true,"href":"https:\/\/theanimalworld.es\/en\/wp-json\/wp\/v2\/product_cat?post=2499"},{"taxonomy":"product_tag","embeddable":true,"href":"https:\/\/theanimalworld.es\/en\/wp-json\/wp\/v2\/product_tag?post=2499"}],"curies":[{"name":"wp","href":"https:\/\/api.w.org\/{rel}","templated":true}]}}