{"id":2504,"date":"2025-11-05T19:10:53","date_gmt":"2025-11-05T17:10:53","guid":{"rendered":"https:\/\/theanimalworld.es\/?post_type=product&#038;p=2504"},"modified":"2025-11-05T19:10:53","modified_gmt":"2025-11-05T17:10:53","slug":"dibaq-sense-grain-free-conejo","status":"publish","type":"product","link":"https:\/\/theanimalworld.es\/en\/product\/dibaq-sense-grain-free-conejo\/","title":{"rendered":"DIBAQ SENSE GRAIN FREE CONEJO"},"content":{"rendered":"","protected":false},"excerpt":{"rendered":"<div class=\"nutricional\">\n<p class=\"tit-nutri\">Composici\u00f3n<\/p>\n<p>Conejo fresco 35%*, pavo deshidratado 25%, almid\u00f3n de guisante, patata, aceite de pavo 10%, guisantes*, pulpa de remolacha (fuente de fibra), verduras y frutas frescas 4% (zanahoria*, espinacas*, ar\u00e1ndanos* y manzana*), Ceratonia siliqua* , aceite de salm\u00f3n 1% (fuente de \u00e1cidos grasos omega 3 y 6), sustancias minerales, protectores articulares (Condrotina sulfato 750 mg\/kg, glucosamina clorhidrato 750 mg\/kg y MSM), yuca, ra\u00edz de achicoria (fuente de inulina-FOS), levaduras (MOS) y plantas arom\u00e1ticas con propiedades antioxidantes naturales (romero*, tomillo* y or\u00e9gano*).*Ingredientes 100% naturales.<\/p>\n<\/div>\n<div class=\"nutricional\">\n<p class=\"tit-nutri\">Componentes anal\u00edticos<\/p>\n<p>Prote\u00edna bruta 26%, Grasa bruta 15%, Fibra bruta 2,8%, Materia Inorg\u00e1nica 5,9%, Vitamina A 18.000 UI\/kg, Vitamina D3 1.800 UI\/kg, Vitamina E (acetato de todo &#8211; rac \u03b1- tocoferol) 100 mg\/kg, Ca 1,2%, P 0,85%, Na 0,11%. E.M. 3.665 kcal\/kg.<\/p>\n<\/div>","protected":false},"featured_media":2507,"template":"","meta":{"_jet_sm_ready_style":"","_jet_sm_style":"","_jet_sm_controls_values":"","_jet_sm_fonts_collection":"","_jet_sm_fonts_links":""},"product_brand":[28],"product_cat":[41,42,43],"product_tag":[],"class_list":{"0":"post-2504","1":"product","2":"type-product","3":"status-publish","4":"has-post-thumbnail","6":"product_brand-dibaq-sense","7":"product_cat-perros","8":"product_cat-alimentacion-perros","9":"product_cat-seco","11":"first","12":"instock","13":"shipping-taxable","14":"purchasable","15":"product-type-variable"},"_links":{"self":[{"href":"https:\/\/theanimalworld.es\/en\/wp-json\/wp\/v2\/product\/2504","targetHints":{"allow":["GET"]}}],"collection":[{"href":"https:\/\/theanimalworld.es\/en\/wp-json\/wp\/v2\/product"}],"about":[{"href":"https:\/\/theanimalworld.es\/en\/wp-json\/wp\/v2\/types\/product"}],"version-history":[{"count":1,"href":"https:\/\/theanimalworld.es\/en\/wp-json\/wp\/v2\/product\/2504\/revisions"}],"predecessor-version":[{"id":2508,"href":"https:\/\/theanimalworld.es\/en\/wp-json\/wp\/v2\/product\/2504\/revisions\/2508"}],"wp:featuredmedia":[{"embeddable":true,"href":"https:\/\/theanimalworld.es\/en\/wp-json\/wp\/v2\/media\/2507"}],"wp:attachment":[{"href":"https:\/\/theanimalworld.es\/en\/wp-json\/wp\/v2\/media?parent=2504"}],"wp:term":[{"taxonomy":"product_brand","embeddable":true,"href":"https:\/\/theanimalworld.es\/en\/wp-json\/wp\/v2\/product_brand?post=2504"},{"taxonomy":"product_cat","embeddable":true,"href":"https:\/\/theanimalworld.es\/en\/wp-json\/wp\/v2\/product_cat?post=2504"},{"taxonomy":"product_tag","embeddable":true,"href":"https:\/\/theanimalworld.es\/en\/wp-json\/wp\/v2\/product_tag?post=2504"}],"curies":[{"name":"wp","href":"https:\/\/api.w.org\/{rel}","templated":true}]}}