{"id":2514,"date":"2025-11-05T19:18:50","date_gmt":"2025-11-05T17:18:50","guid":{"rendered":"https:\/\/theanimalworld.es\/?post_type=product&#038;p=2514"},"modified":"2025-11-05T19:18:50","modified_gmt":"2025-11-05T17:18:50","slug":"dibaq-sense-grain-free-ligh-senior-pavo-y-pato","status":"publish","type":"product","link":"https:\/\/theanimalworld.es\/en\/product\/dibaq-sense-grain-free-ligh-senior-pavo-y-pato\/","title":{"rendered":"DIBAQ SENSE GRAIN FREE LIGH &#038; SENIOR PAVO Y PATO"},"content":{"rendered":"","protected":false},"excerpt":{"rendered":"<div class=\"nutricional\">\n<p class=\"tit-nutri\">Composici\u00f3n<\/p>\n<p>Carne fresca de pato 20%*, carne fresca de pollo 20%*, carne deshidratada de pavo 18%, guisantes pelados*, patata, almid\u00f3n de guisante, pulpa de remolacha, prote\u00edna deshidratada de pollo, aceite de pollo, hidrolizado de h\u00edgado de pollo, verduras y frutas frescas 4% (champi\u00f1ones*, ar\u00e1ndanos*, mango* y manzana*), fibra vegetal 1% (lignocelulosa, fibra insoluble natural con efecto saciante), aceite de salm\u00f3n (fuente de \u00e1cidos grasos omega 3 y 6), sustancias minerales, pack protector articular (Condroitina sulfato, Glucosamina sulfato y MSM), L-carnitina 0,1%, yuca, ra\u00edz de achicoria (fuente de inulina -FOS-), levaduras (MOS) y plantas arom\u00e1ticas con propiedades antioxidantes naturales (romero, tomillo y or\u00e9gano). *Ingredientes naturales.<\/p>\n<\/div>\n<div class=\"nutricional\">\n<p class=\"tit-nutri\">Componentes anal\u00edticos<\/p>\n<p>Prote\u00edna bruta 24%, Grasa bruta 9%, Fibra bruta 4,8%, Materia Inorg\u00e1nica 5,9%, Vitamina A 22.000 UI\/kg, Vitamina D3 2.200 UI\/kg, Vitamina E \u03b1- tocoferol) 120 mg\/kg, Ca 1,5%, P 0,9%, Na 0,11%, E.M. 3322,5 kcal\/kg.<\/p>\n<\/div>","protected":false},"featured_media":2517,"template":"","meta":{"_jet_sm_ready_style":"","_jet_sm_style":"","_jet_sm_controls_values":"","_jet_sm_fonts_collection":"","_jet_sm_fonts_links":""},"product_brand":[28],"product_cat":[41,42,43],"product_tag":[],"class_list":{"0":"post-2514","1":"product","2":"type-product","3":"status-publish","4":"has-post-thumbnail","6":"product_brand-dibaq-sense","7":"product_cat-perros","8":"product_cat-alimentacion-perros","9":"product_cat-seco","11":"first","12":"instock","13":"shipping-taxable","14":"purchasable","15":"product-type-variable"},"_links":{"self":[{"href":"https:\/\/theanimalworld.es\/en\/wp-json\/wp\/v2\/product\/2514","targetHints":{"allow":["GET"]}}],"collection":[{"href":"https:\/\/theanimalworld.es\/en\/wp-json\/wp\/v2\/product"}],"about":[{"href":"https:\/\/theanimalworld.es\/en\/wp-json\/wp\/v2\/types\/product"}],"version-history":[{"count":1,"href":"https:\/\/theanimalworld.es\/en\/wp-json\/wp\/v2\/product\/2514\/revisions"}],"predecessor-version":[{"id":2518,"href":"https:\/\/theanimalworld.es\/en\/wp-json\/wp\/v2\/product\/2514\/revisions\/2518"}],"wp:featuredmedia":[{"embeddable":true,"href":"https:\/\/theanimalworld.es\/en\/wp-json\/wp\/v2\/media\/2517"}],"wp:attachment":[{"href":"https:\/\/theanimalworld.es\/en\/wp-json\/wp\/v2\/media?parent=2514"}],"wp:term":[{"taxonomy":"product_brand","embeddable":true,"href":"https:\/\/theanimalworld.es\/en\/wp-json\/wp\/v2\/product_brand?post=2514"},{"taxonomy":"product_cat","embeddable":true,"href":"https:\/\/theanimalworld.es\/en\/wp-json\/wp\/v2\/product_cat?post=2514"},{"taxonomy":"product_tag","embeddable":true,"href":"https:\/\/theanimalworld.es\/en\/wp-json\/wp\/v2\/product_tag?post=2514"}],"curies":[{"name":"wp","href":"https:\/\/api.w.org\/{rel}","templated":true}]}}