{"id":2569,"date":"2025-11-06T18:09:41","date_gmt":"2025-11-06T16:09:41","guid":{"rendered":"https:\/\/theanimalworld.es\/?post_type=product&#038;p=2569"},"modified":"2025-11-06T18:09:41","modified_gmt":"2025-11-06T16:09:41","slug":"dibaq-sense-lata-grain-free-merluza-y-atun-400gr","status":"publish","type":"product","link":"https:\/\/theanimalworld.es\/en\/product\/dibaq-sense-lata-grain-free-merluza-y-atun-400gr\/","title":{"rendered":"DIBAQ SENSE LATA GRAIN FREE MERLUZA Y ATUN 400GR"},"content":{"rendered":"","protected":false},"excerpt":{"rendered":"<div class=\"nutricional\">\n<p class=\"tit-nutri\">Composici\u00f3n<\/p>\n<p>Pescados frescos 80% (40% pescado blanco y 40% at\u00fan) Patata yVerduras y frutas frescas 3% (champi\u00f1\u00f3n*, papaya* y manzana*).Aceite de salm\u00f3n 1% (fuente de \u00e1cidos grasos omega 3 y 6)Pack protector articular 0,5% (condroitina sulfato, glucosamina clorhidrato y MSM).Sustancias minerales. Plantas arom\u00e1ticas con propiedades antioxidantes naturales 0,02% (romero*, tomillo* y or\u00e9gano*)<\/p>\n<\/div>\n<div class=\"nutricional\">\n<p class=\"tit-nutri\">Componentes anal\u00edticos<\/p>\n<p>Prote\u00edna bruta: 12,3%,Grasa bruta: 3,8%,Fibra bruta: 0,6%,Materia inorg\u00e1nica: 1,8%,Humedad: 78%,Energ\u00eda metabolizable: 876 kcal\/kg<\/p>\n<\/div>","protected":false},"featured_media":2570,"template":"","meta":{"_jet_sm_ready_style":"","_jet_sm_style":"","_jet_sm_controls_values":"","_jet_sm_fonts_collection":"","_jet_sm_fonts_links":""},"product_brand":[28],"product_cat":[41,42,44],"product_tag":[],"class_list":{"0":"post-2569","1":"product","2":"type-product","3":"status-publish","4":"has-post-thumbnail","6":"product_brand-dibaq-sense","7":"product_cat-perros","8":"product_cat-alimentacion-perros","9":"product_cat-humedo","11":"first","12":"instock","13":"shipping-taxable","14":"purchasable","15":"product-type-simple"},"_links":{"self":[{"href":"https:\/\/theanimalworld.es\/en\/wp-json\/wp\/v2\/product\/2569","targetHints":{"allow":["GET"]}}],"collection":[{"href":"https:\/\/theanimalworld.es\/en\/wp-json\/wp\/v2\/product"}],"about":[{"href":"https:\/\/theanimalworld.es\/en\/wp-json\/wp\/v2\/types\/product"}],"version-history":[{"count":2,"href":"https:\/\/theanimalworld.es\/en\/wp-json\/wp\/v2\/product\/2569\/revisions"}],"predecessor-version":[{"id":2572,"href":"https:\/\/theanimalworld.es\/en\/wp-json\/wp\/v2\/product\/2569\/revisions\/2572"}],"wp:featuredmedia":[{"embeddable":true,"href":"https:\/\/theanimalworld.es\/en\/wp-json\/wp\/v2\/media\/2570"}],"wp:attachment":[{"href":"https:\/\/theanimalworld.es\/en\/wp-json\/wp\/v2\/media?parent=2569"}],"wp:term":[{"taxonomy":"product_brand","embeddable":true,"href":"https:\/\/theanimalworld.es\/en\/wp-json\/wp\/v2\/product_brand?post=2569"},{"taxonomy":"product_cat","embeddable":true,"href":"https:\/\/theanimalworld.es\/en\/wp-json\/wp\/v2\/product_cat?post=2569"},{"taxonomy":"product_tag","embeddable":true,"href":"https:\/\/theanimalworld.es\/en\/wp-json\/wp\/v2\/product_tag?post=2569"}],"curies":[{"name":"wp","href":"https:\/\/api.w.org\/{rel}","templated":true}]}}