{"id":2573,"date":"2025-11-06T18:21:36","date_gmt":"2025-11-06T16:21:36","guid":{"rendered":"https:\/\/theanimalworld.es\/?post_type=product&#038;p=2573"},"modified":"2025-11-06T18:21:37","modified_gmt":"2025-11-06T16:21:37","slug":"dibaq-sense-grain-free-bocaditos-en-salsa-pollo-y-salmon-100gr","status":"publish","type":"product","link":"https:\/\/theanimalworld.es\/en\/product\/dibaq-sense-grain-free-bocaditos-en-salsa-pollo-y-salmon-100gr\/","title":{"rendered":"DIBAQ SENSE GRAIN FREE BOCADITOS EN SALSA POLLO Y SALMON 100GR"},"content":{"rendered":"","protected":false},"excerpt":{"rendered":"<div class=\"nutricional\">\n<p class=\"tit-nutri\">Composici\u00f3n<\/p>\n<p>Pollo 64%*, salm\u00f3n 20%*, almid\u00f3n de tapioca 1,4%*, minerales, ar\u00e1ndanos deshidratados 0,4%*, inulina (Prebi\u00f3tico) 0,4%. *Ingredientes naturales.<\/p>\n<\/div>\n<div class=\"nutricional\">\n<p class=\"tit-nutri\">Componentes anal\u00edticos<\/p>\n<p>Prote\u00edna bruta 10%, Grasa bruta 3,5%, Fibra bruta 0,5%, Materia inorg\u00e1nica 2,2%, Humedad 83%. Energ\u00eda metabolizable 735 kcal\/kg<\/p>\n<\/div>","protected":false},"featured_media":2574,"template":"","meta":{"_jet_sm_ready_style":"","_jet_sm_style":"","_jet_sm_controls_values":"","_jet_sm_fonts_collection":"","_jet_sm_fonts_links":""},"product_brand":[28],"product_cat":[54,55,57],"product_tag":[],"class_list":{"0":"post-2573","1":"product","2":"type-product","3":"status-publish","4":"has-post-thumbnail","6":"product_brand-dibaq-sense","7":"product_cat-gatos","8":"product_cat-alimentacion-gatos","9":"product_cat-pienso-humedo","11":"first","12":"instock","13":"shipping-taxable","14":"purchasable","15":"product-type-simple"},"_links":{"self":[{"href":"https:\/\/theanimalworld.es\/en\/wp-json\/wp\/v2\/product\/2573","targetHints":{"allow":["GET"]}}],"collection":[{"href":"https:\/\/theanimalworld.es\/en\/wp-json\/wp\/v2\/product"}],"about":[{"href":"https:\/\/theanimalworld.es\/en\/wp-json\/wp\/v2\/types\/product"}],"version-history":[{"count":1,"href":"https:\/\/theanimalworld.es\/en\/wp-json\/wp\/v2\/product\/2573\/revisions"}],"predecessor-version":[{"id":2575,"href":"https:\/\/theanimalworld.es\/en\/wp-json\/wp\/v2\/product\/2573\/revisions\/2575"}],"wp:featuredmedia":[{"embeddable":true,"href":"https:\/\/theanimalworld.es\/en\/wp-json\/wp\/v2\/media\/2574"}],"wp:attachment":[{"href":"https:\/\/theanimalworld.es\/en\/wp-json\/wp\/v2\/media?parent=2573"}],"wp:term":[{"taxonomy":"product_brand","embeddable":true,"href":"https:\/\/theanimalworld.es\/en\/wp-json\/wp\/v2\/product_brand?post=2573"},{"taxonomy":"product_cat","embeddable":true,"href":"https:\/\/theanimalworld.es\/en\/wp-json\/wp\/v2\/product_cat?post=2573"},{"taxonomy":"product_tag","embeddable":true,"href":"https:\/\/theanimalworld.es\/en\/wp-json\/wp\/v2\/product_tag?post=2573"}],"curies":[{"name":"wp","href":"https:\/\/api.w.org\/{rel}","templated":true}]}}