{"id":2587,"date":"2025-11-06T18:31:34","date_gmt":"2025-11-06T16:31:34","guid":{"rendered":"https:\/\/theanimalworld.es\/?post_type=product&#038;p=2587"},"modified":"2025-11-06T18:31:34","modified_gmt":"2025-11-06T16:31:34","slug":"dibaq-sense-grain-free-lata-adulto-atun-con-gambas-70gr","status":"publish","type":"product","link":"https:\/\/theanimalworld.es\/en\/product\/dibaq-sense-grain-free-lata-adulto-atun-con-gambas-70gr\/","title":{"rendered":"DIBAQ SENSE GRAIN FREE LATA ADULTO ATUN CON GAMBAS 70GR"},"content":{"rendered":"","protected":false},"excerpt":{"rendered":"<div class=\"nutricional\">\n<p class=\"tit-nutri\">Composici\u00f3n<\/p>\n<p>At\u00fan 56%*, gambas 4%*, patata 2%*, aceite de salm\u00f3n, prebi\u00f3ticos 0,2 g\/kg y extracto de yuca 65 mg\/kg. *Ingredientes naturales.<\/p>\n<\/div>\n<div class=\"nutricional\">\n<p class=\"tit-nutri\">Componentes anal\u00edticos<\/p>\n<p>Prote\u00edna bruta 15,1, Grasa bruta 1%, Fibra bruta 0,3%, Materia inorg\u00e1nica 1,5%, Humedad 80,6%, Omega 3 0,22%, Omega 6 0,19%. Energ\u00eda metabolizable 776 kcal\/kg.<\/p>\n<\/div>","protected":false},"featured_media":2588,"template":"","meta":{"_jet_sm_ready_style":"","_jet_sm_style":"","_jet_sm_controls_values":"","_jet_sm_fonts_collection":"","_jet_sm_fonts_links":""},"product_brand":[28],"product_cat":[54,55,57],"product_tag":[],"class_list":{"0":"post-2587","1":"product","2":"type-product","3":"status-publish","4":"has-post-thumbnail","6":"product_brand-dibaq-sense","7":"product_cat-gatos","8":"product_cat-alimentacion-gatos","9":"product_cat-pienso-humedo","11":"first","12":"instock","13":"shipping-taxable","14":"product-type-simple"},"_links":{"self":[{"href":"https:\/\/theanimalworld.es\/en\/wp-json\/wp\/v2\/product\/2587","targetHints":{"allow":["GET"]}}],"collection":[{"href":"https:\/\/theanimalworld.es\/en\/wp-json\/wp\/v2\/product"}],"about":[{"href":"https:\/\/theanimalworld.es\/en\/wp-json\/wp\/v2\/types\/product"}],"version-history":[{"count":2,"href":"https:\/\/theanimalworld.es\/en\/wp-json\/wp\/v2\/product\/2587\/revisions"}],"predecessor-version":[{"id":2590,"href":"https:\/\/theanimalworld.es\/en\/wp-json\/wp\/v2\/product\/2587\/revisions\/2590"}],"wp:featuredmedia":[{"embeddable":true,"href":"https:\/\/theanimalworld.es\/en\/wp-json\/wp\/v2\/media\/2588"}],"wp:attachment":[{"href":"https:\/\/theanimalworld.es\/en\/wp-json\/wp\/v2\/media?parent=2587"}],"wp:term":[{"taxonomy":"product_brand","embeddable":true,"href":"https:\/\/theanimalworld.es\/en\/wp-json\/wp\/v2\/product_brand?post=2587"},{"taxonomy":"product_cat","embeddable":true,"href":"https:\/\/theanimalworld.es\/en\/wp-json\/wp\/v2\/product_cat?post=2587"},{"taxonomy":"product_tag","embeddable":true,"href":"https:\/\/theanimalworld.es\/en\/wp-json\/wp\/v2\/product_tag?post=2587"}],"curies":[{"name":"wp","href":"https:\/\/api.w.org\/{rel}","templated":true}]}}