{"id":2591,"date":"2025-11-06T18:33:41","date_gmt":"2025-11-06T16:33:41","guid":{"rendered":"https:\/\/theanimalworld.es\/?post_type=product&#038;p=2591"},"modified":"2025-11-06T18:33:41","modified_gmt":"2025-11-06T16:33:41","slug":"dibaq-sense-grain-free-lata-esterilizado-pavo-con-calabaza-70gr","status":"publish","type":"product","link":"https:\/\/theanimalworld.es\/en\/product\/dibaq-sense-grain-free-lata-esterilizado-pavo-con-calabaza-70gr\/","title":{"rendered":"DIBAQ SENSE GRAIN FREE LATA ESTERILIZADO PAVO CON CALABAZA 70GR"},"content":{"rendered":"","protected":false},"excerpt":{"rendered":"<div class=\"nutricional\">\n<p class=\"tit-nutri\">Composici\u00f3n<\/p>\n<p>Pavo 51%*, bacaladilla 4%*, calabaza 2%*, sustancias minerales. *Ingredientes naturales.<\/p>\n<\/div>\n<div class=\"nutricional\">\n<p class=\"tit-nutri\">Componentes anal\u00edticos<\/p>\n<p>Prote\u00edna bruta 8,7%, Grasa bruta 8%, Fibra bruta 0,8%, Materia inorg\u00e1nica 1,5%, Humedad 81%. Energ\u00eda metabolizable 1.006 kcal\/kg.<\/p>\n<\/div>","protected":false},"featured_media":2592,"template":"","meta":{"_jet_sm_ready_style":"","_jet_sm_style":"","_jet_sm_controls_values":"","_jet_sm_fonts_collection":"","_jet_sm_fonts_links":""},"product_brand":[28],"product_cat":[54,55,57],"product_tag":[],"class_list":{"0":"post-2591","1":"product","2":"type-product","3":"status-publish","4":"has-post-thumbnail","6":"product_brand-dibaq-sense","7":"product_cat-gatos","8":"product_cat-alimentacion-gatos","9":"product_cat-pienso-humedo","11":"first","12":"instock","13":"shipping-taxable","14":"product-type-simple"},"_links":{"self":[{"href":"https:\/\/theanimalworld.es\/en\/wp-json\/wp\/v2\/product\/2591","targetHints":{"allow":["GET"]}}],"collection":[{"href":"https:\/\/theanimalworld.es\/en\/wp-json\/wp\/v2\/product"}],"about":[{"href":"https:\/\/theanimalworld.es\/en\/wp-json\/wp\/v2\/types\/product"}],"version-history":[{"count":2,"href":"https:\/\/theanimalworld.es\/en\/wp-json\/wp\/v2\/product\/2591\/revisions"}],"predecessor-version":[{"id":2594,"href":"https:\/\/theanimalworld.es\/en\/wp-json\/wp\/v2\/product\/2591\/revisions\/2594"}],"wp:featuredmedia":[{"embeddable":true,"href":"https:\/\/theanimalworld.es\/en\/wp-json\/wp\/v2\/media\/2592"}],"wp:attachment":[{"href":"https:\/\/theanimalworld.es\/en\/wp-json\/wp\/v2\/media?parent=2591"}],"wp:term":[{"taxonomy":"product_brand","embeddable":true,"href":"https:\/\/theanimalworld.es\/en\/wp-json\/wp\/v2\/product_brand?post=2591"},{"taxonomy":"product_cat","embeddable":true,"href":"https:\/\/theanimalworld.es\/en\/wp-json\/wp\/v2\/product_cat?post=2591"},{"taxonomy":"product_tag","embeddable":true,"href":"https:\/\/theanimalworld.es\/en\/wp-json\/wp\/v2\/product_tag?post=2591"}],"curies":[{"name":"wp","href":"https:\/\/api.w.org\/{rel}","templated":true}]}}