{"id":2603,"date":"2025-11-06T18:48:49","date_gmt":"2025-11-06T16:48:49","guid":{"rendered":"https:\/\/theanimalworld.es\/?post_type=product&#038;p=2603"},"modified":"2025-11-06T18:48:50","modified_gmt":"2025-11-06T16:48:50","slug":"dibaq-sense-grain-free-lata-esterilizado-cerdo-iberico-70gr","status":"publish","type":"product","link":"https:\/\/theanimalworld.es\/en\/product\/dibaq-sense-grain-free-lata-esterilizado-cerdo-iberico-70gr\/","title":{"rendered":"DIBAQ SENSE GRAIN FREE LATA ESTERILIZADO CERDO IBERICO 70GR"},"content":{"rendered":"","protected":false},"excerpt":{"rendered":"<div class=\"nutricional\">\n<p class=\"tit-nutri\">Composici\u00f3n<\/p>\n<p>Cerdo 55%* (Del cual cerdo ib\u00e9rico 45%), aceitunas 4%*, sustancias minerales. *Ingredientes naturales.<\/p>\n<\/div>\n<div class=\"nutricional\">\n<p class=\"tit-nutri\">Componentes anal\u00edticos<\/p>\n<p>Prote\u00edna bruta 9,1%, Grasa bruta 3%, Fibra bruta 1%, Materia inorg\u00e1nica 1,8%, Humedad 84,5%. Energ\u00eda metabolizable 640 kcal\/kg.<\/p>\n<\/div>","protected":false},"featured_media":2604,"template":"","meta":{"_jet_sm_ready_style":"","_jet_sm_style":"","_jet_sm_controls_values":"","_jet_sm_fonts_collection":"","_jet_sm_fonts_links":""},"product_brand":[28],"product_cat":[54,55,57],"product_tag":[],"class_list":{"0":"post-2603","1":"product","2":"type-product","3":"status-publish","4":"has-post-thumbnail","6":"product_brand-dibaq-sense","7":"product_cat-gatos","8":"product_cat-alimentacion-gatos","9":"product_cat-pienso-humedo","11":"first","12":"instock","13":"shipping-taxable","14":"purchasable","15":"product-type-simple"},"_links":{"self":[{"href":"https:\/\/theanimalworld.es\/en\/wp-json\/wp\/v2\/product\/2603","targetHints":{"allow":["GET"]}}],"collection":[{"href":"https:\/\/theanimalworld.es\/en\/wp-json\/wp\/v2\/product"}],"about":[{"href":"https:\/\/theanimalworld.es\/en\/wp-json\/wp\/v2\/types\/product"}],"version-history":[{"count":2,"href":"https:\/\/theanimalworld.es\/en\/wp-json\/wp\/v2\/product\/2603\/revisions"}],"predecessor-version":[{"id":2606,"href":"https:\/\/theanimalworld.es\/en\/wp-json\/wp\/v2\/product\/2603\/revisions\/2606"}],"wp:featuredmedia":[{"embeddable":true,"href":"https:\/\/theanimalworld.es\/en\/wp-json\/wp\/v2\/media\/2604"}],"wp:attachment":[{"href":"https:\/\/theanimalworld.es\/en\/wp-json\/wp\/v2\/media?parent=2603"}],"wp:term":[{"taxonomy":"product_brand","embeddable":true,"href":"https:\/\/theanimalworld.es\/en\/wp-json\/wp\/v2\/product_brand?post=2603"},{"taxonomy":"product_cat","embeddable":true,"href":"https:\/\/theanimalworld.es\/en\/wp-json\/wp\/v2\/product_cat?post=2603"},{"taxonomy":"product_tag","embeddable":true,"href":"https:\/\/theanimalworld.es\/en\/wp-json\/wp\/v2\/product_tag?post=2603"}],"curies":[{"name":"wp","href":"https:\/\/api.w.org\/{rel}","templated":true}]}}