{"id":2607,"date":"2025-11-06T18:52:34","date_gmt":"2025-11-06T16:52:34","guid":{"rendered":"https:\/\/theanimalworld.es\/?post_type=product&#038;p=2607"},"modified":"2025-11-06T18:52:35","modified_gmt":"2025-11-06T16:52:35","slug":"dibaq-sense-grain-free-lata-adulto-pollo-70gr","status":"publish","type":"product","link":"https:\/\/theanimalworld.es\/en\/product\/dibaq-sense-grain-free-lata-adulto-pollo-70gr\/","title":{"rendered":"DIBAQ SENSE GRAIN FREE LATA ADULTO POLLO 70GR"},"content":{"rendered":"","protected":false},"excerpt":{"rendered":"<div class=\"nutricional\">\n<p class=\"tit-nutri\">Composici\u00f3n<\/p>\n<p>Pollo 60%*, papaya 4%* , aceite de salm\u00f3n, prebi\u00f3ticos 0,2 g\/kg y extracto de yuca 65mg\/kg. *Ingredientes naturales.<\/p>\n<\/div>\n<div class=\"nutricional\">\n<p class=\"tit-nutri\">Componentes anal\u00edticos<\/p>\n<p>Prote\u00edna bruta 14,9%, Grasa bruta 3,3%, Fibra bruta 0,5%, Materia inorg\u00e1nica 1,9%, Humedad 77,7%. Omega 3 0,18% Omega 6 0,56%. Energ\u00eda metabolizable 959 kcal\/kg.<\/p>\n<\/div>","protected":false},"featured_media":2608,"template":"","meta":{"_jet_sm_ready_style":"","_jet_sm_style":"","_jet_sm_controls_values":"","_jet_sm_fonts_collection":"","_jet_sm_fonts_links":""},"product_brand":[28],"product_cat":[54,55,57],"product_tag":[],"class_list":{"0":"post-2607","1":"product","2":"type-product","3":"status-publish","4":"has-post-thumbnail","6":"product_brand-dibaq-sense","7":"product_cat-gatos","8":"product_cat-alimentacion-gatos","9":"product_cat-pienso-humedo","11":"first","12":"instock","13":"shipping-taxable","14":"purchasable","15":"product-type-simple"},"_links":{"self":[{"href":"https:\/\/theanimalworld.es\/en\/wp-json\/wp\/v2\/product\/2607","targetHints":{"allow":["GET"]}}],"collection":[{"href":"https:\/\/theanimalworld.es\/en\/wp-json\/wp\/v2\/product"}],"about":[{"href":"https:\/\/theanimalworld.es\/en\/wp-json\/wp\/v2\/types\/product"}],"version-history":[{"count":2,"href":"https:\/\/theanimalworld.es\/en\/wp-json\/wp\/v2\/product\/2607\/revisions"}],"predecessor-version":[{"id":2610,"href":"https:\/\/theanimalworld.es\/en\/wp-json\/wp\/v2\/product\/2607\/revisions\/2610"}],"wp:featuredmedia":[{"embeddable":true,"href":"https:\/\/theanimalworld.es\/en\/wp-json\/wp\/v2\/media\/2608"}],"wp:attachment":[{"href":"https:\/\/theanimalworld.es\/en\/wp-json\/wp\/v2\/media?parent=2607"}],"wp:term":[{"taxonomy":"product_brand","embeddable":true,"href":"https:\/\/theanimalworld.es\/en\/wp-json\/wp\/v2\/product_brand?post=2607"},{"taxonomy":"product_cat","embeddable":true,"href":"https:\/\/theanimalworld.es\/en\/wp-json\/wp\/v2\/product_cat?post=2607"},{"taxonomy":"product_tag","embeddable":true,"href":"https:\/\/theanimalworld.es\/en\/wp-json\/wp\/v2\/product_tag?post=2607"}],"curies":[{"name":"wp","href":"https:\/\/api.w.org\/{rel}","templated":true}]}}