{"id":2615,"date":"2025-11-06T18:57:30","date_gmt":"2025-11-06T16:57:30","guid":{"rendered":"https:\/\/theanimalworld.es\/?post_type=product&#038;p=2615"},"modified":"2025-11-06T18:57:30","modified_gmt":"2025-11-06T16:57:30","slug":"dibaq-sense-grain-free-lata-adulto-pollo-con-pato-70gr","status":"publish","type":"product","link":"https:\/\/theanimalworld.es\/en\/product\/dibaq-sense-grain-free-lata-adulto-pollo-con-pato-70gr\/","title":{"rendered":"DIBAQ SENSE GRAIN FREE LATA ADULTO POLLO CON PATO 70GR"},"content":{"rendered":"","protected":false},"excerpt":{"rendered":"<div class=\"nutricional\">\n<p class=\"tit-nutri\">Composici\u00f3n<\/p>\n<p>Pollo 56%*, pato 4%*, zanahoria 2%*, aceite de salm\u00f3n, prebi\u00f3ticos 0,2g\/kg y extracto de yuca 65mg\/kg. *Ingredientes naturales.<\/p>\n<\/div>\n<div class=\"nutricional\">\n<p class=\"tit-nutri\">Componentes anal\u00edticos<\/p>\n<p>Prote\u00edna bruta 14,8%, Grasa bruta 3,2%, Fibra bruta 0,5%, Materia inorg\u00e1nica 1,6%, Humedad 79,3%. Omega 3 0,19% Omega 6 0,66%. Energ\u00eda metabolizable 908 kcal\/kg.<\/p>\n<\/div>","protected":false},"featured_media":2616,"template":"","meta":{"_jet_sm_ready_style":"","_jet_sm_style":"","_jet_sm_controls_values":"","_jet_sm_fonts_collection":"","_jet_sm_fonts_links":""},"product_brand":[28],"product_cat":[54,55,57],"product_tag":[],"class_list":{"0":"post-2615","1":"product","2":"type-product","3":"status-publish","4":"has-post-thumbnail","6":"product_brand-dibaq-sense","7":"product_cat-gatos","8":"product_cat-alimentacion-gatos","9":"product_cat-pienso-humedo","11":"first","12":"instock","13":"shipping-taxable","14":"purchasable","15":"product-type-simple"},"_links":{"self":[{"href":"https:\/\/theanimalworld.es\/en\/wp-json\/wp\/v2\/product\/2615","targetHints":{"allow":["GET"]}}],"collection":[{"href":"https:\/\/theanimalworld.es\/en\/wp-json\/wp\/v2\/product"}],"about":[{"href":"https:\/\/theanimalworld.es\/en\/wp-json\/wp\/v2\/types\/product"}],"version-history":[{"count":2,"href":"https:\/\/theanimalworld.es\/en\/wp-json\/wp\/v2\/product\/2615\/revisions"}],"predecessor-version":[{"id":2618,"href":"https:\/\/theanimalworld.es\/en\/wp-json\/wp\/v2\/product\/2615\/revisions\/2618"}],"wp:featuredmedia":[{"embeddable":true,"href":"https:\/\/theanimalworld.es\/en\/wp-json\/wp\/v2\/media\/2616"}],"wp:attachment":[{"href":"https:\/\/theanimalworld.es\/en\/wp-json\/wp\/v2\/media?parent=2615"}],"wp:term":[{"taxonomy":"product_brand","embeddable":true,"href":"https:\/\/theanimalworld.es\/en\/wp-json\/wp\/v2\/product_brand?post=2615"},{"taxonomy":"product_cat","embeddable":true,"href":"https:\/\/theanimalworld.es\/en\/wp-json\/wp\/v2\/product_cat?post=2615"},{"taxonomy":"product_tag","embeddable":true,"href":"https:\/\/theanimalworld.es\/en\/wp-json\/wp\/v2\/product_tag?post=2615"}],"curies":[{"name":"wp","href":"https:\/\/api.w.org\/{rel}","templated":true}]}}