{"id":2619,"date":"2025-11-07T17:43:30","date_gmt":"2025-11-07T15:43:30","guid":{"rendered":"https:\/\/theanimalworld.es\/?post_type=product&#038;p=2619"},"modified":"2025-11-07T17:43:30","modified_gmt":"2025-11-07T15:43:30","slug":"brit-care-kitten-pollo-y-pavo","status":"publish","type":"product","link":"https:\/\/theanimalworld.es\/en\/product\/brit-care-kitten-pollo-y-pavo\/","title":{"rendered":"BRIT CARE KITTEN POLLO Y PAVO"},"content":{"rendered":"","protected":false},"excerpt":{"rendered":"<p class=\"composition\"><strong>Ingredientes:<\/strong>\u00a0pavo deshidratado (30%), pollo fresco (26%), grasa de ave (tocoferoles protegidos, 12%), guisantes amarillos (12%), garbanzos (8%), aceite de salm\u00f3n (3%), h\u00edgado de pollo hidrolizado (2%), linaza (2%), manzanas secas (2%), levadura de cerveza (1%), calostro (0,5%), manzanilla seca (0,5%), minerales, espino amarillo seco (0,3%), ar\u00e1ndanos secos (0,2%), fructooligosac\u00e1ridos (0,025%), manano oligosac\u00e1ridos (0,02%), yuca schidigera (0,01%), Lactobacillus acidophilus HA &#8211; 122 inactivada (15&#215;109 c\u00e9lulas\/kg).<\/p>\n<p><strong>Componentes anal\u00edticos:<\/strong>\u00a0prote\u00edna bruta 38,0%, grasa bruta 18,0%, fibra bruta 1,5%, ceniza bruta 7,2%, humedad 10,0%, omega-3 0,5%, omega-6 2,2%, calcio 1,2%, f\u00f3sforo 0,9%, sodio 0,5%, magnesio 0,1%.<\/p>","protected":false},"featured_media":2622,"template":"","meta":{"_jet_sm_ready_style":"","_jet_sm_style":"","_jet_sm_controls_values":"","_jet_sm_fonts_collection":"","_jet_sm_fonts_links":""},"product_brand":[123],"product_cat":[54,55,56],"product_tag":[],"class_list":{"0":"post-2619","1":"product","2":"type-product","3":"status-publish","4":"has-post-thumbnail","6":"product_brand-brit-care","7":"product_cat-gatos","8":"product_cat-alimentacion-gatos","9":"product_cat-seco-alimentacion-gatos","11":"first","12":"instock","13":"shipping-taxable","14":"purchasable","15":"product-type-variable"},"_links":{"self":[{"href":"https:\/\/theanimalworld.es\/en\/wp-json\/wp\/v2\/product\/2619","targetHints":{"allow":["GET"]}}],"collection":[{"href":"https:\/\/theanimalworld.es\/en\/wp-json\/wp\/v2\/product"}],"about":[{"href":"https:\/\/theanimalworld.es\/en\/wp-json\/wp\/v2\/types\/product"}],"version-history":[{"count":1,"href":"https:\/\/theanimalworld.es\/en\/wp-json\/wp\/v2\/product\/2619\/revisions"}],"predecessor-version":[{"id":2623,"href":"https:\/\/theanimalworld.es\/en\/wp-json\/wp\/v2\/product\/2619\/revisions\/2623"}],"wp:featuredmedia":[{"embeddable":true,"href":"https:\/\/theanimalworld.es\/en\/wp-json\/wp\/v2\/media\/2622"}],"wp:attachment":[{"href":"https:\/\/theanimalworld.es\/en\/wp-json\/wp\/v2\/media?parent=2619"}],"wp:term":[{"taxonomy":"product_brand","embeddable":true,"href":"https:\/\/theanimalworld.es\/en\/wp-json\/wp\/v2\/product_brand?post=2619"},{"taxonomy":"product_cat","embeddable":true,"href":"https:\/\/theanimalworld.es\/en\/wp-json\/wp\/v2\/product_cat?post=2619"},{"taxonomy":"product_tag","embeddable":true,"href":"https:\/\/theanimalworld.es\/en\/wp-json\/wp\/v2\/product_tag?post=2619"}],"curies":[{"name":"wp","href":"https:\/\/api.w.org\/{rel}","templated":true}]}}