{"id":2624,"date":"2025-11-07T17:46:46","date_gmt":"2025-11-07T15:46:46","guid":{"rendered":"https:\/\/theanimalworld.es\/?post_type=product&#038;p=2624"},"modified":"2025-11-07T17:46:47","modified_gmt":"2025-11-07T15:46:47","slug":"brit-care-grain-free-indoor-pollo","status":"publish","type":"product","link":"https:\/\/theanimalworld.es\/en\/product\/brit-care-grain-free-indoor-pollo\/","title":{"rendered":"BRIT CARE GRAIN FREE INDOOR POLLO"},"content":{"rendered":"","protected":false},"excerpt":{"rendered":"<p class=\"composition\"><strong>Ingredientes:<\/strong>\u00a0pollo fresco (26%), guisantes amarillos (25%), pollo deshidratado (20%), manzanas secas (8%), calabaza (6%), grasa de ave (tocoferoles protegidos, 4%), aceite de salm\u00f3n (2%), semillas y c\u00e1scaras de psyllium (2%), h\u00edgado de pollo hidrolizado (2%), levadura de cerveza (2%), linaza (1%), coraz\u00f3n seco (0,5%), manzanilla seca (0,5%), minerales, espino amarillo seco (0,3%), ar\u00e1ndanos secos (0,2%), fructooligosac\u00e1ridos (0,015%), manano oligosac\u00e1ridos (0,015%), yuca schidigera (0,008%), Lactobacillus acidophilus HA &#8211; 122 inactivado (15&#215;109 c\u00e9lulas\/kg).<\/p>\n<p><strong>Componentes anal\u00edticos:<\/strong>\u00a0prote\u00edna bruta 30,0%, grasa bruta 13,0%, fibra bruta 4,0%, ceniza bruta 6,8%, humedad 10,0%, omega-3 0,3%, omega-6 1,5%, calcio 1,0%, f\u00f3sforo 0,7%, sodio 0,4%, magnesio 0,07%.<\/p>","protected":false},"featured_media":2627,"template":"","meta":{"_jet_sm_ready_style":"","_jet_sm_style":"","_jet_sm_controls_values":"","_jet_sm_fonts_collection":"","_jet_sm_fonts_links":""},"product_brand":[123],"product_cat":[54,55,56],"product_tag":[],"class_list":{"0":"post-2624","1":"product","2":"type-product","3":"status-publish","4":"has-post-thumbnail","6":"product_brand-brit-care","7":"product_cat-gatos","8":"product_cat-alimentacion-gatos","9":"product_cat-seco-alimentacion-gatos","11":"first","12":"instock","13":"shipping-taxable","14":"purchasable","15":"product-type-variable"},"_links":{"self":[{"href":"https:\/\/theanimalworld.es\/en\/wp-json\/wp\/v2\/product\/2624","targetHints":{"allow":["GET"]}}],"collection":[{"href":"https:\/\/theanimalworld.es\/en\/wp-json\/wp\/v2\/product"}],"about":[{"href":"https:\/\/theanimalworld.es\/en\/wp-json\/wp\/v2\/types\/product"}],"version-history":[{"count":1,"href":"https:\/\/theanimalworld.es\/en\/wp-json\/wp\/v2\/product\/2624\/revisions"}],"predecessor-version":[{"id":2628,"href":"https:\/\/theanimalworld.es\/en\/wp-json\/wp\/v2\/product\/2624\/revisions\/2628"}],"wp:featuredmedia":[{"embeddable":true,"href":"https:\/\/theanimalworld.es\/en\/wp-json\/wp\/v2\/media\/2627"}],"wp:attachment":[{"href":"https:\/\/theanimalworld.es\/en\/wp-json\/wp\/v2\/media?parent=2624"}],"wp:term":[{"taxonomy":"product_brand","embeddable":true,"href":"https:\/\/theanimalworld.es\/en\/wp-json\/wp\/v2\/product_brand?post=2624"},{"taxonomy":"product_cat","embeddable":true,"href":"https:\/\/theanimalworld.es\/en\/wp-json\/wp\/v2\/product_cat?post=2624"},{"taxonomy":"product_tag","embeddable":true,"href":"https:\/\/theanimalworld.es\/en\/wp-json\/wp\/v2\/product_tag?post=2624"}],"curies":[{"name":"wp","href":"https:\/\/api.w.org\/{rel}","templated":true}]}}