{"id":2629,"date":"2025-11-07T17:49:44","date_gmt":"2025-11-07T15:49:44","guid":{"rendered":"https:\/\/theanimalworld.es\/?post_type=product&#038;p=2629"},"modified":"2025-11-07T17:49:44","modified_gmt":"2025-11-07T15:49:44","slug":"brit-care-grain-free-sterilized-pato-y-pavo","status":"publish","type":"product","link":"https:\/\/theanimalworld.es\/en\/product\/brit-care-grain-free-sterilized-pato-y-pavo\/","title":{"rendered":"BRIT CARE GRAIN FREE STERILIZED PATO Y PAVO"},"content":{"rendered":"","protected":false},"excerpt":{"rendered":"<p class=\"composition\"><strong>Ingredientes:<\/strong>\u00a0carne fresca de pato (26%), pavo deshidratado (26%), guisantes amarillos (16%), garbanzos (10%), manzanas secas (7%), grasa de ave (tocoferoles protegidos, 4%), aceite de alce (2%) ), h\u00edgado de pollo hidrolizado (2%), semillas y c\u00e1scaras de psyllium (2%), levadura de cerveza (2%), linaza (1%), regaliz seco (0,5%), manzanilla seca (0,5%) , minerales, espino amarillo seco (0,3%), ar\u00e1ndanos secos (0,2%), fructooligosac\u00e1ridos (0,015%), manano oligosac\u00e1ridos (0,015%), yuca schidigera (0,008%), Lactobacillus acidophilus HA &#8211; 122 inactivado (15&#215;109 c\u00e9lulas\/kg).<\/p>\n<p><strong>Componentes anal\u00edticos:<\/strong>\u00a0prote\u00edna bruta 32,0 %, grasa bruta 12,0 %, fibra bruta 4,0%, ceniza bruta 9,0 %, humedad 10,0%, omega-3 0,3%, omega-6 1,6 %, calcio 0,9 %, f\u00f3sforo 0,7%, sodio 1,0 %, magnesio 0,04 %.<\/p>","protected":false},"featured_media":2632,"template":"","meta":{"_jet_sm_ready_style":"","_jet_sm_style":"","_jet_sm_controls_values":"","_jet_sm_fonts_collection":"","_jet_sm_fonts_links":""},"product_brand":[123],"product_cat":[54,55,56],"product_tag":[],"class_list":{"0":"post-2629","1":"product","2":"type-product","3":"status-publish","4":"has-post-thumbnail","6":"product_brand-brit-care","7":"product_cat-gatos","8":"product_cat-alimentacion-gatos","9":"product_cat-seco-alimentacion-gatos","11":"first","12":"instock","13":"shipping-taxable","14":"purchasable","15":"product-type-variable"},"_links":{"self":[{"href":"https:\/\/theanimalworld.es\/en\/wp-json\/wp\/v2\/product\/2629","targetHints":{"allow":["GET"]}}],"collection":[{"href":"https:\/\/theanimalworld.es\/en\/wp-json\/wp\/v2\/product"}],"about":[{"href":"https:\/\/theanimalworld.es\/en\/wp-json\/wp\/v2\/types\/product"}],"version-history":[{"count":1,"href":"https:\/\/theanimalworld.es\/en\/wp-json\/wp\/v2\/product\/2629\/revisions"}],"predecessor-version":[{"id":2633,"href":"https:\/\/theanimalworld.es\/en\/wp-json\/wp\/v2\/product\/2629\/revisions\/2633"}],"wp:featuredmedia":[{"embeddable":true,"href":"https:\/\/theanimalworld.es\/en\/wp-json\/wp\/v2\/media\/2632"}],"wp:attachment":[{"href":"https:\/\/theanimalworld.es\/en\/wp-json\/wp\/v2\/media?parent=2629"}],"wp:term":[{"taxonomy":"product_brand","embeddable":true,"href":"https:\/\/theanimalworld.es\/en\/wp-json\/wp\/v2\/product_brand?post=2629"},{"taxonomy":"product_cat","embeddable":true,"href":"https:\/\/theanimalworld.es\/en\/wp-json\/wp\/v2\/product_cat?post=2629"},{"taxonomy":"product_tag","embeddable":true,"href":"https:\/\/theanimalworld.es\/en\/wp-json\/wp\/v2\/product_tag?post=2629"}],"curies":[{"name":"wp","href":"https:\/\/api.w.org\/{rel}","templated":true}]}}