{"id":2635,"date":"2025-11-08T11:12:04","date_gmt":"2025-11-08T09:12:04","guid":{"rendered":"https:\/\/theanimalworld.es\/?post_type=product&#038;p=2635"},"modified":"2025-11-08T11:12:04","modified_gmt":"2025-11-08T09:12:04","slug":"brit-care-grain-free-sensitive-healthy-digestion-pavo-y-salmon","status":"publish","type":"product","link":"https:\/\/theanimalworld.es\/en\/product\/brit-care-grain-free-sensitive-healthy-digestion-pavo-y-salmon\/","title":{"rendered":"BRIT CARE GRAIN FREE SENSITIVE HEALTHY DIGESTION PAVO Y SALMON"},"content":{"rendered":"","protected":false},"excerpt":{"rendered":"<p class=\"composition\"><strong>Ingredientes:<\/strong>\u00a0carne fresca de pavo (26%), salm\u00f3n deshidratado (26%), guisantes amarillos (16%), garbanzos (11%), grasa de ave (tocoferoles protegidos, 8%), ra\u00edz de achicoria seca (2,5%), manzanas secas (2%), aceite de salm\u00f3n (2%), h\u00edgado de pollo hidrolizado (2%), levadura de cerveza (2%), linaza (1%), manzanilla seca (0,5%), minerales, espino amarillo seco (0,3%), ar\u00e1ndanos secos (0,2%), fructooligosac\u00e1ridos (0,015%), manano oligosac\u00e1ridos (0,015%), yuca schidigera (0,008%), Lactobacillus acidophilus HA &#8211; 122 inactivado (15&#215;109 c\u00e9lulas\/kg).<\/p>\n<p><strong>Componentes anal\u00edticos:<\/strong>\u00a0prote\u00edna bruta 32,0 %, grasa bruta 16,0 %, fibra bruta 1,5%, ceniza bruta 7,5 %, humedad 10,0%, omega-3 0,5%, omega-6 2,0 %, calcio 1,2%, f\u00f3sforo 0,9%, sodio 0,5%, magnesio 0,08 %.<\/p>","protected":false},"featured_media":2638,"template":"","meta":{"_jet_sm_ready_style":"","_jet_sm_style":"","_jet_sm_controls_values":"","_jet_sm_fonts_collection":"","_jet_sm_fonts_links":""},"product_brand":[123],"product_cat":[54,55,56],"product_tag":[],"class_list":{"0":"post-2635","1":"product","2":"type-product","3":"status-publish","4":"has-post-thumbnail","6":"product_brand-brit-care","7":"product_cat-gatos","8":"product_cat-alimentacion-gatos","9":"product_cat-seco-alimentacion-gatos","11":"first","12":"instock","13":"shipping-taxable","14":"purchasable","15":"product-type-variable"},"_links":{"self":[{"href":"https:\/\/theanimalworld.es\/en\/wp-json\/wp\/v2\/product\/2635","targetHints":{"allow":["GET"]}}],"collection":[{"href":"https:\/\/theanimalworld.es\/en\/wp-json\/wp\/v2\/product"}],"about":[{"href":"https:\/\/theanimalworld.es\/en\/wp-json\/wp\/v2\/types\/product"}],"version-history":[{"count":1,"href":"https:\/\/theanimalworld.es\/en\/wp-json\/wp\/v2\/product\/2635\/revisions"}],"predecessor-version":[{"id":2639,"href":"https:\/\/theanimalworld.es\/en\/wp-json\/wp\/v2\/product\/2635\/revisions\/2639"}],"wp:featuredmedia":[{"embeddable":true,"href":"https:\/\/theanimalworld.es\/en\/wp-json\/wp\/v2\/media\/2638"}],"wp:attachment":[{"href":"https:\/\/theanimalworld.es\/en\/wp-json\/wp\/v2\/media?parent=2635"}],"wp:term":[{"taxonomy":"product_brand","embeddable":true,"href":"https:\/\/theanimalworld.es\/en\/wp-json\/wp\/v2\/product_brand?post=2635"},{"taxonomy":"product_cat","embeddable":true,"href":"https:\/\/theanimalworld.es\/en\/wp-json\/wp\/v2\/product_cat?post=2635"},{"taxonomy":"product_tag","embeddable":true,"href":"https:\/\/theanimalworld.es\/en\/wp-json\/wp\/v2\/product_tag?post=2635"}],"curies":[{"name":"wp","href":"https:\/\/api.w.org\/{rel}","templated":true}]}}