{"id":2648,"date":"2025-11-08T11:36:16","date_gmt":"2025-11-08T09:36:16","guid":{"rendered":"https:\/\/theanimalworld.es\/?post_type=product&#038;p=2648"},"modified":"2025-11-08T11:36:16","modified_gmt":"2025-11-08T09:36:16","slug":"canagan-perro-grain-free-pollo-campero-raza-pequena","status":"publish","type":"product","link":"https:\/\/theanimalworld.es\/en\/product\/canagan-perro-grain-free-pollo-campero-raza-pequena\/","title":{"rendered":"CANAGAN PERRO GRAIN FREE POLLO CAMPERO RAZA PEQUE\u00d1A"},"content":{"rendered":"","protected":false},"excerpt":{"rendered":"<h3>COMPOSICI\u00d3N<\/h3>\n<p>Pollo campero fresco (26%), pollo deshidratado (25%), batata, guisantes, patata, grasa de pollo (4%), alfalfa, huevo deshidratado (3%), caldo de pollo (1%), aceite de salm\u00f3n (1%), minerales, glucosamina (1000 mg\/kg), metilsulfonilmetano (1000 mg\/kg), manzana, zanahoria, espinacas, psyllium, algas, fructooligosac\u00e1ridos, sulfato de condroitina (700 mg\/kg), manzanilla, menta, cal\u00e9ndula, ar\u00e1ndanos rojos, an\u00eds y fenogreco.<\/p>\n<h3>COMPONENTES ANAL\u00cdTICOS<\/h3>\n<p>Prote\u00edna bruta 32%, grasa bruta 17%, fibra bruta 3,5%, ceniza bruta 10%, humedad 8%, Omega-6 3%, Omega-3 0,7%, calcio 1,9%, f\u00f3sforo 1,4%. Energ\u00eda metabolizable 391 kcal\/100 g.<\/p>","protected":false},"featured_media":2651,"template":"","meta":{"_jet_sm_ready_style":"","_jet_sm_style":"","_jet_sm_controls_values":"","_jet_sm_fonts_collection":"","_jet_sm_fonts_links":""},"product_brand":[115],"product_cat":[41,42,43],"product_tag":[],"class_list":{"0":"post-2648","1":"product","2":"type-product","3":"status-publish","4":"has-post-thumbnail","6":"product_brand-canagan","7":"product_cat-perros","8":"product_cat-alimentacion-perros","9":"product_cat-seco","11":"first","12":"instock","13":"shipping-taxable","14":"purchasable","15":"product-type-simple"},"_links":{"self":[{"href":"https:\/\/theanimalworld.es\/en\/wp-json\/wp\/v2\/product\/2648","targetHints":{"allow":["GET"]}}],"collection":[{"href":"https:\/\/theanimalworld.es\/en\/wp-json\/wp\/v2\/product"}],"about":[{"href":"https:\/\/theanimalworld.es\/en\/wp-json\/wp\/v2\/types\/product"}],"version-history":[{"count":1,"href":"https:\/\/theanimalworld.es\/en\/wp-json\/wp\/v2\/product\/2648\/revisions"}],"predecessor-version":[{"id":2652,"href":"https:\/\/theanimalworld.es\/en\/wp-json\/wp\/v2\/product\/2648\/revisions\/2652"}],"wp:featuredmedia":[{"embeddable":true,"href":"https:\/\/theanimalworld.es\/en\/wp-json\/wp\/v2\/media\/2651"}],"wp:attachment":[{"href":"https:\/\/theanimalworld.es\/en\/wp-json\/wp\/v2\/media?parent=2648"}],"wp:term":[{"taxonomy":"product_brand","embeddable":true,"href":"https:\/\/theanimalworld.es\/en\/wp-json\/wp\/v2\/product_brand?post=2648"},{"taxonomy":"product_cat","embeddable":true,"href":"https:\/\/theanimalworld.es\/en\/wp-json\/wp\/v2\/product_cat?post=2648"},{"taxonomy":"product_tag","embeddable":true,"href":"https:\/\/theanimalworld.es\/en\/wp-json\/wp\/v2\/product_tag?post=2648"}],"curies":[{"name":"wp","href":"https:\/\/api.w.org\/{rel}","templated":true}]}}