{"id":2658,"date":"2025-11-08T11:44:02","date_gmt":"2025-11-08T09:44:02","guid":{"rendered":"https:\/\/theanimalworld.es\/?post_type=product&#038;p=2658"},"modified":"2025-11-08T11:44:03","modified_gmt":"2025-11-08T09:44:03","slug":"canagan-perro-grain-free-salmon-escoces","status":"publish","type":"product","link":"https:\/\/theanimalworld.es\/en\/product\/canagan-perro-grain-free-salmon-escoces\/","title":{"rendered":"CANAGAN PERRO GRAIN FREE SALMON ESCOCES"},"content":{"rendered":"","protected":false},"excerpt":{"rendered":"<h3>COMPOSICI\u00d3N<\/h3>\n<p>Salm\u00f3n escoc\u00e9s fresco (26%), batata, salm\u00f3n deshidratado (10%), arenque deshidratado (8%), guisantes, patata, pescado blanco deshidratado (5,5%), aceite de salm\u00f3n (5%), alfalfa, trucha fresca (4%), aceite de girasol, caldo de salm\u00f3n (1,5%), minerales, manzana, zanahoria, espinacas, algas, fructooligosac\u00e1ridos, psyllium, manzanilla, menta, cal\u00e9ndula, ar\u00e1ndanos rojos, an\u00eds y fenogreco.<\/p>\n<h3>COMPONENTES ANAL\u00cdTICOS<\/h3>\n<p>Prote\u00edna bruta 33%, grasa bruta 14%, fibra bruta 3%, ceniza cruda 9%, humedad 8%, Omega-6 0,9%, Omega-3 2%, calcio 1,8%, f\u00f3sforo 1,2%. Energ\u00eda metabolizable 380 kcal\/100 g.<\/p>","protected":false},"featured_media":2659,"template":"","meta":{"_jet_sm_ready_style":"","_jet_sm_style":"","_jet_sm_controls_values":"","_jet_sm_fonts_collection":"","_jet_sm_fonts_links":""},"product_brand":[115],"product_cat":[41,42,43],"product_tag":[],"class_list":{"0":"post-2658","1":"product","2":"type-product","3":"status-publish","4":"has-post-thumbnail","6":"product_brand-canagan","7":"product_cat-perros","8":"product_cat-alimentacion-perros","9":"product_cat-seco","11":"first","12":"instock","13":"shipping-taxable","14":"purchasable","15":"product-type-simple"},"_links":{"self":[{"href":"https:\/\/theanimalworld.es\/en\/wp-json\/wp\/v2\/product\/2658","targetHints":{"allow":["GET"]}}],"collection":[{"href":"https:\/\/theanimalworld.es\/en\/wp-json\/wp\/v2\/product"}],"about":[{"href":"https:\/\/theanimalworld.es\/en\/wp-json\/wp\/v2\/types\/product"}],"version-history":[{"count":1,"href":"https:\/\/theanimalworld.es\/en\/wp-json\/wp\/v2\/product\/2658\/revisions"}],"predecessor-version":[{"id":2660,"href":"https:\/\/theanimalworld.es\/en\/wp-json\/wp\/v2\/product\/2658\/revisions\/2660"}],"wp:featuredmedia":[{"embeddable":true,"href":"https:\/\/theanimalworld.es\/en\/wp-json\/wp\/v2\/media\/2659"}],"wp:attachment":[{"href":"https:\/\/theanimalworld.es\/en\/wp-json\/wp\/v2\/media?parent=2658"}],"wp:term":[{"taxonomy":"product_brand","embeddable":true,"href":"https:\/\/theanimalworld.es\/en\/wp-json\/wp\/v2\/product_brand?post=2658"},{"taxonomy":"product_cat","embeddable":true,"href":"https:\/\/theanimalworld.es\/en\/wp-json\/wp\/v2\/product_cat?post=2658"},{"taxonomy":"product_tag","embeddable":true,"href":"https:\/\/theanimalworld.es\/en\/wp-json\/wp\/v2\/product_tag?post=2658"}],"curies":[{"name":"wp","href":"https:\/\/api.w.org\/{rel}","templated":true}]}}