{"id":2661,"date":"2025-11-08T12:10:52","date_gmt":"2025-11-08T10:10:52","guid":{"rendered":"https:\/\/theanimalworld.es\/?post_type=product&#038;p=2661"},"modified":"2025-11-08T12:10:52","modified_gmt":"2025-11-08T10:10:52","slug":"canagan-gato-grain-free-salmon-escoces","status":"publish","type":"product","link":"https:\/\/theanimalworld.es\/en\/product\/canagan-gato-grain-free-salmon-escoces\/","title":{"rendered":"CANAGAN GATO GRAIN FREE SALMON ESCOCES"},"content":{"rendered":"","protected":false},"excerpt":{"rendered":"<h3>COMPOSICI\u00d3N<\/h3>\n<p>Salm\u00f3n escoc\u00e9s fresco reci\u00e9n preparado (31,5%), salm\u00f3n deshidratado (15%), arenque deshidratado (15%), pescado blanco deshidratado (14%), batata, aceite de salm\u00f3n (5%), patata, trucha fresca reci\u00e9n preparada (2,5%), prote\u00edna de patata, caldo de salm\u00f3n (2%), minerales, alfalfa, ar\u00e1ndanos rojos, MOS, fructooligosac\u00e1ridos, manzana, zanahoria, espinacas, alfas, manzanilla, menta, cal\u00e9ndula, an\u00eds y fenogreco.<\/p>\n<h3>COMPONENTES ANAL\u00cdTICOS<\/h3>\n<p>Prote\u00edna bruta 37%, grasa bruta 15%, fibra bruta 1,5%, ceniza bruta 9%, humedad 7%, Omega-6 0,8%, Omega-3 3,1%, calcio 1,4%, f\u00f3sforo 1%. Energ\u00eda metabolizable 407 kcal\/100 g.<\/p>","protected":false},"featured_media":2665,"template":"","meta":{"_jet_sm_ready_style":"","_jet_sm_style":"","_jet_sm_controls_values":"","_jet_sm_fonts_collection":"","_jet_sm_fonts_links":""},"product_brand":[115],"product_cat":[54,55,56],"product_tag":[],"class_list":{"0":"post-2661","1":"product","2":"type-product","3":"status-publish","4":"has-post-thumbnail","6":"product_brand-canagan","7":"product_cat-gatos","8":"product_cat-alimentacion-gatos","9":"product_cat-seco-alimentacion-gatos","11":"first","12":"instock","13":"shipping-taxable","14":"purchasable","15":"product-type-variable"},"_links":{"self":[{"href":"https:\/\/theanimalworld.es\/en\/wp-json\/wp\/v2\/product\/2661","targetHints":{"allow":["GET"]}}],"collection":[{"href":"https:\/\/theanimalworld.es\/en\/wp-json\/wp\/v2\/product"}],"about":[{"href":"https:\/\/theanimalworld.es\/en\/wp-json\/wp\/v2\/types\/product"}],"version-history":[{"count":1,"href":"https:\/\/theanimalworld.es\/en\/wp-json\/wp\/v2\/product\/2661\/revisions"}],"predecessor-version":[{"id":2666,"href":"https:\/\/theanimalworld.es\/en\/wp-json\/wp\/v2\/product\/2661\/revisions\/2666"}],"wp:featuredmedia":[{"embeddable":true,"href":"https:\/\/theanimalworld.es\/en\/wp-json\/wp\/v2\/media\/2665"}],"wp:attachment":[{"href":"https:\/\/theanimalworld.es\/en\/wp-json\/wp\/v2\/media?parent=2661"}],"wp:term":[{"taxonomy":"product_brand","embeddable":true,"href":"https:\/\/theanimalworld.es\/en\/wp-json\/wp\/v2\/product_brand?post=2661"},{"taxonomy":"product_cat","embeddable":true,"href":"https:\/\/theanimalworld.es\/en\/wp-json\/wp\/v2\/product_cat?post=2661"},{"taxonomy":"product_tag","embeddable":true,"href":"https:\/\/theanimalworld.es\/en\/wp-json\/wp\/v2\/product_tag?post=2661"}],"curies":[{"name":"wp","href":"https:\/\/api.w.org\/{rel}","templated":true}]}}