{"id":2677,"date":"2025-11-08T12:25:51","date_gmt":"2025-11-08T10:25:51","guid":{"rendered":"https:\/\/theanimalworld.es\/?post_type=product&#038;p=2677"},"modified":"2025-11-08T12:25:51","modified_gmt":"2025-11-08T10:25:51","slug":"naturextra-perro-ternera-y-salmon","status":"publish","type":"product","link":"https:\/\/theanimalworld.es\/en\/product\/naturextra-perro-ternera-y-salmon\/","title":{"rendered":"NATUREXTRA PERRO TERNERA Y SALMON"},"content":{"rendered":"","protected":false},"excerpt":{"rendered":"<p><strong>Ingredientes:<\/strong>\u00a0Carne de ternera de pasto francesa deshidratada y molida (30%), arroz integral moreno vaporizado y molido (18%), ma\u00edz integral vaporizado y molido (8%), panza de vaca deshidratada y molida, salm\u00f3n deshidratado y molido (6%), minerales de origen org\u00e1nico, chiriv\u00eda deshidratada y molida, aceites vegetales extra\u00eddos en fr\u00edo (de lino, de arroz y de frutos secos), mezcla de hierbas (alcaravea, hinojo y tomillo), macroalgas marinas deshidratadas y molidas, brotes de cereales, yema de huevo deshidratada, frutas deshidratadas y molidas (manzana, pera y ar\u00e1ndanos), arcilla de pantano, Yucca Schidigera deshidratada y molida, alga espirulina, tupinambos, aceite de pescado de mar, extracto concentrado de semilla de uva, y extracto de carne de mejill\u00f3n Perna Canaliculus.<\/p>\n<p><strong>Componentes anal\u00edticos:<\/strong>\u00a0Prote\u00edna bruta 25%, grasa bruta 10%, fibra bruta 4%, residuo incinerado 6,4%, humedad 9%, calcio 1,2%, f\u00f3sforot 0,90%, sodio 0,40%, magnesio 0,17% y hierro 240mg\/Kg.<\/p>\n<p><strong>Aditivos nutricionales\/Kg:\u00a0Vitaminas, pro-vitaminas y similares:<\/strong>\u00a0Vitamina A 10.500 UI, vitamina D3 1.050 UI, vitamina E\/all-rac-acetato-alfa-tocoferol 200mg, vitamina B1\/mononitrato de tiamina 3,50mg, vitamina B2\/Riboflavina 7mg, vitamina B6\/hidrocloruro de piridoxina 4,20mg, vitamina B12 42mcg, biotina\/D-(+) biotina 210mcg, \u00e1cido f\u00f3lico 0,35mg, niacina 21mg, vitamina C\/L-\u00e1cido asc\u00f3rbico 140mg, \u00e1cido pantot\u00e9nico\/D-pantotenato de calcio 7mg y cloruro de colina 1.050mg.<\/p>","protected":false},"featured_media":2678,"template":"","meta":{"_jet_sm_ready_style":"","_jet_sm_style":"","_jet_sm_controls_values":"","_jet_sm_fonts_collection":"","_jet_sm_fonts_links":""},"product_brand":[116],"product_cat":[41,42,43],"product_tag":[],"class_list":{"0":"post-2677","1":"product","2":"type-product","3":"status-publish","4":"has-post-thumbnail","6":"product_brand-naturextra","7":"product_cat-perros","8":"product_cat-alimentacion-perros","9":"product_cat-seco","11":"first","12":"instock","13":"shipping-taxable","14":"purchasable","15":"product-type-simple"},"_links":{"self":[{"href":"https:\/\/theanimalworld.es\/en\/wp-json\/wp\/v2\/product\/2677","targetHints":{"allow":["GET"]}}],"collection":[{"href":"https:\/\/theanimalworld.es\/en\/wp-json\/wp\/v2\/product"}],"about":[{"href":"https:\/\/theanimalworld.es\/en\/wp-json\/wp\/v2\/types\/product"}],"version-history":[{"count":1,"href":"https:\/\/theanimalworld.es\/en\/wp-json\/wp\/v2\/product\/2677\/revisions"}],"predecessor-version":[{"id":2679,"href":"https:\/\/theanimalworld.es\/en\/wp-json\/wp\/v2\/product\/2677\/revisions\/2679"}],"wp:featuredmedia":[{"embeddable":true,"href":"https:\/\/theanimalworld.es\/en\/wp-json\/wp\/v2\/media\/2678"}],"wp:attachment":[{"href":"https:\/\/theanimalworld.es\/en\/wp-json\/wp\/v2\/media?parent=2677"}],"wp:term":[{"taxonomy":"product_brand","embeddable":true,"href":"https:\/\/theanimalworld.es\/en\/wp-json\/wp\/v2\/product_brand?post=2677"},{"taxonomy":"product_cat","embeddable":true,"href":"https:\/\/theanimalworld.es\/en\/wp-json\/wp\/v2\/product_cat?post=2677"},{"taxonomy":"product_tag","embeddable":true,"href":"https:\/\/theanimalworld.es\/en\/wp-json\/wp\/v2\/product_tag?post=2677"}],"curies":[{"name":"wp","href":"https:\/\/api.w.org\/{rel}","templated":true}]}}