{"id":2687,"date":"2025-11-08T13:46:30","date_gmt":"2025-11-08T11:46:30","guid":{"rendered":"https:\/\/theanimalworld.es\/?post_type=product&#038;p=2687"},"modified":"2025-11-08T13:46:31","modified_gmt":"2025-11-08T11:46:31","slug":"brit-veterinary-perro-grain-free-gastrointestinal-herring-pea","status":"publish","type":"product","link":"https:\/\/theanimalworld.es\/en\/product\/brit-veterinary-perro-grain-free-gastrointestinal-herring-pea\/","title":{"rendered":"BRIT VETERINARY PERRO GRAIN FREE GASTROINTESTINAL HERRING &#038; PEA"},"content":{"rendered":"","protected":false},"excerpt":{"rendered":"<h6><strong>COMPOSICI\u00d3N:<\/strong><\/h6>\n<p>arenque deshidratado (26%), arvejas amarillas (23%), trigo alforf\u00f3n, prote\u00edna de salm\u00f3n hidrolizada (12%), grasa de pollo (10%), pulpa de manzana, huevos (2%), aceite de salm\u00f3n (2%), salsa de salm\u00f3n hidrolizada (2%), levadura de cerveza (1%), minerales, c\u00e1scaras y semillas (0,5%), algas secas (0,5%, Ascophyllum nodosum), c\u00e1scaras de huevo (fuente de calcio), extracto de levadura (fuente de oligosac\u00e1ridos, 0,025%), beta glucanos (0,022%), fruto oligosac\u00e1ridos (0,02%), Yuca mojave )0,02%), espino amarillo (0,015%).<\/p>\n<h6><strong>ENERG\u00cdA METABOLIZABLE:<\/strong><\/h6>\n<p>3,930 kcal\/kg<\/p>\n<h6><strong>CONSTITUYENTES ANAL\u00cdTICOS:<\/strong><\/h6>\n<p>Prote\u00edna cruda 25%, Contenido de Grasas 16%, Fibra cruda 1,5%, Ceniza cruda 5,8%, Humedad 10%, Omega-3 0,85%, Omega-6 2,2%, Calcio 0,9%, F\u00f3sforo 0,6%, Sodio 0,5%, Magnesio 0,09%, Potasio 0,5%.<\/p>","protected":false},"featured_media":2688,"template":"","meta":{"_jet_sm_ready_style":"","_jet_sm_style":"","_jet_sm_controls_values":"","_jet_sm_fonts_collection":"","_jet_sm_fonts_links":""},"product_brand":[123],"product_cat":[41,42,43],"product_tag":[],"class_list":{"0":"post-2687","1":"product","2":"type-product","3":"status-publish","4":"has-post-thumbnail","6":"product_brand-brit-care","7":"product_cat-perros","8":"product_cat-alimentacion-perros","9":"product_cat-seco","11":"first","12":"instock","13":"shipping-taxable","14":"purchasable","15":"product-type-simple"},"_links":{"self":[{"href":"https:\/\/theanimalworld.es\/en\/wp-json\/wp\/v2\/product\/2687","targetHints":{"allow":["GET"]}}],"collection":[{"href":"https:\/\/theanimalworld.es\/en\/wp-json\/wp\/v2\/product"}],"about":[{"href":"https:\/\/theanimalworld.es\/en\/wp-json\/wp\/v2\/types\/product"}],"version-history":[{"count":1,"href":"https:\/\/theanimalworld.es\/en\/wp-json\/wp\/v2\/product\/2687\/revisions"}],"predecessor-version":[{"id":2689,"href":"https:\/\/theanimalworld.es\/en\/wp-json\/wp\/v2\/product\/2687\/revisions\/2689"}],"wp:featuredmedia":[{"embeddable":true,"href":"https:\/\/theanimalworld.es\/en\/wp-json\/wp\/v2\/media\/2688"}],"wp:attachment":[{"href":"https:\/\/theanimalworld.es\/en\/wp-json\/wp\/v2\/media?parent=2687"}],"wp:term":[{"taxonomy":"product_brand","embeddable":true,"href":"https:\/\/theanimalworld.es\/en\/wp-json\/wp\/v2\/product_brand?post=2687"},{"taxonomy":"product_cat","embeddable":true,"href":"https:\/\/theanimalworld.es\/en\/wp-json\/wp\/v2\/product_cat?post=2687"},{"taxonomy":"product_tag","embeddable":true,"href":"https:\/\/theanimalworld.es\/en\/wp-json\/wp\/v2\/product_tag?post=2687"}],"curies":[{"name":"wp","href":"https:\/\/api.w.org\/{rel}","templated":true}]}}