{"id":2690,"date":"2025-11-08T13:49:02","date_gmt":"2025-11-08T11:49:02","guid":{"rendered":"https:\/\/theanimalworld.es\/?post_type=product&#038;p=2690"},"modified":"2025-11-08T13:49:03","modified_gmt":"2025-11-08T11:49:03","slug":"brit-veterinary-perro-ultra-hipoallergenic-insect-pea","status":"publish","type":"product","link":"https:\/\/theanimalworld.es\/en\/product\/brit-veterinary-perro-ultra-hipoallergenic-insect-pea\/","title":{"rendered":"BRIT VETERINARY PERRO ULTRA HIPOALLERGENIC INSECT &#038; PEA"},"content":{"rendered":"","protected":false},"excerpt":{"rendered":"<h6><strong>COMPOSICI\u00d3N Brit GF Veterinary Diets Ultra-Hypoallergenic:<\/strong><\/h6>\n<p>Insectos deshidratados (30%), guisantes amarillos, pulpa de manzana deshidratada, aceite de coco, prote\u00ednas de guisantes, semillas de lino (4%), carbonato de calcio, algas deshidratadas (2,5%, Schizochytrium limacinum), harina de guisantes, levadura hidrolizada (0,5% \u2013 fuente de inositol y amino\u00e1cidos), extracto de levadura (fuente de manano-oligosac\u00e1ridos, 0,02 %), \u03b2-glucanos (0,02 %), espino amarillo seco (0,015 %), fructo-oligosac\u00e1ridos (0,013 %), yucca schidigera (0,013 %), Lactobacillus helveticus HA \u2013 122 inactivado (15\u00d7109 c\u00e9lulas\/kg).<\/p>\n<p>&nbsp;<\/p>\n<h6><strong>ENERG\u00cdA METABOLIZABLE:<\/strong><\/h6>\n<p>3750 kcal\/kg.<\/p>\n<p>&nbsp;<\/p>\n<h6><strong>CONSTITUYENTES ANAL\u00cdTICOS:<\/strong><\/h6>\n<p>prote\u00edna bruta 26,0%, grasa bruta 15,0%, fibra bruta 3,2%, ceniza bruta 6,2%, humedad 10,0%, \u00e1cidos grasos omega-3 1,5%, \u00e1cidos grasos omega-6 1,4%, EPA (20: 5 n-3) 0,25 %, DHA (22:6 n-3) 0,35 %, LA (18:2 n-6) 2,1 %, calcio 1,1 %, f\u00f3sforo 0,7 %, sodio 0,2 %, magnesio 0,1 %.<\/p>\n<p>&nbsp;<\/p>","protected":false},"featured_media":2691,"template":"","meta":{"_jet_sm_ready_style":"","_jet_sm_style":"","_jet_sm_controls_values":"","_jet_sm_fonts_collection":"","_jet_sm_fonts_links":""},"product_brand":[123],"product_cat":[41,42,43],"product_tag":[],"class_list":{"0":"post-2690","1":"product","2":"type-product","3":"status-publish","4":"has-post-thumbnail","6":"product_brand-brit-care","7":"product_cat-perros","8":"product_cat-alimentacion-perros","9":"product_cat-seco","11":"first","12":"instock","13":"shipping-taxable","14":"purchasable","15":"product-type-simple"},"_links":{"self":[{"href":"https:\/\/theanimalworld.es\/en\/wp-json\/wp\/v2\/product\/2690","targetHints":{"allow":["GET"]}}],"collection":[{"href":"https:\/\/theanimalworld.es\/en\/wp-json\/wp\/v2\/product"}],"about":[{"href":"https:\/\/theanimalworld.es\/en\/wp-json\/wp\/v2\/types\/product"}],"version-history":[{"count":2,"href":"https:\/\/theanimalworld.es\/en\/wp-json\/wp\/v2\/product\/2690\/revisions"}],"predecessor-version":[{"id":2693,"href":"https:\/\/theanimalworld.es\/en\/wp-json\/wp\/v2\/product\/2690\/revisions\/2693"}],"wp:featuredmedia":[{"embeddable":true,"href":"https:\/\/theanimalworld.es\/en\/wp-json\/wp\/v2\/media\/2691"}],"wp:attachment":[{"href":"https:\/\/theanimalworld.es\/en\/wp-json\/wp\/v2\/media?parent=2690"}],"wp:term":[{"taxonomy":"product_brand","embeddable":true,"href":"https:\/\/theanimalworld.es\/en\/wp-json\/wp\/v2\/product_brand?post=2690"},{"taxonomy":"product_cat","embeddable":true,"href":"https:\/\/theanimalworld.es\/en\/wp-json\/wp\/v2\/product_cat?post=2690"},{"taxonomy":"product_tag","embeddable":true,"href":"https:\/\/theanimalworld.es\/en\/wp-json\/wp\/v2\/product_tag?post=2690"}],"curies":[{"name":"wp","href":"https:\/\/api.w.org\/{rel}","templated":true}]}}