{"id":2703,"date":"2025-11-11T15:41:07","date_gmt":"2025-11-11T13:41:07","guid":{"rendered":"https:\/\/theanimalworld.es\/?post_type=product&#038;p=2703"},"modified":"2025-11-11T15:41:07","modified_gmt":"2025-11-11T13:41:07","slug":"wild-balance-perro-pollo-y-verduras-1kg","status":"publish","type":"product","link":"https:\/\/theanimalworld.es\/en\/product\/wild-balance-perro-pollo-y-verduras-1kg\/","title":{"rendered":"WILD BALANCE PERRO POLLO Y VERDURAS 1KG"},"content":{"rendered":"","protected":false},"excerpt":{"rendered":"<p>Alimento Completo de Pollo con Verduras Frescas para perros:<\/p>\n<p><strong>Pollo 80%<\/strong>\u00a0(Hueso carnoso: carcasa, cuello. Carne de m\u00fasculo: pechuga, coraz\u00f3n. V\u00edsceras: h\u00edgado),\u00a0<strong>Verduras y frutas 20%\u00a0<\/strong>(zanahoria, calabaza, calabac\u00edn, remolacha, pimiento, manzana), Ascophyllum nodosum, alfalfa, romero, perejil, semillas de ch\u00eda, espirulina, mejill\u00f3n de labio verde.<\/p>\n<p>Alimento Completo de Pollo con Verduras Frescas para perros:<\/p>\n<p>Prote\u00edna 13,7%<br \/>\nGrasa bruta 6%<br \/>\nHumedad 73,2%<br \/>\nMinerales 2,7%<br \/>\nHidratos de carbono 4,4%<br \/>\nFibra bruta &lt;0,5%<\/p>","protected":false},"featured_media":2704,"template":"","meta":{"_jet_sm_ready_style":"","_jet_sm_style":"","_jet_sm_controls_values":"","_jet_sm_fonts_collection":"","_jet_sm_fonts_links":""},"product_brand":[121],"product_cat":[41,42,44],"product_tag":[],"class_list":{"0":"post-2703","1":"product","2":"type-product","3":"status-publish","4":"has-post-thumbnail","6":"product_brand-wild-balance","7":"product_cat-perros","8":"product_cat-alimentacion-perros","9":"product_cat-humedo","11":"first","12":"instock","13":"shipping-taxable","14":"purchasable","15":"product-type-simple"},"_links":{"self":[{"href":"https:\/\/theanimalworld.es\/en\/wp-json\/wp\/v2\/product\/2703","targetHints":{"allow":["GET"]}}],"collection":[{"href":"https:\/\/theanimalworld.es\/en\/wp-json\/wp\/v2\/product"}],"about":[{"href":"https:\/\/theanimalworld.es\/en\/wp-json\/wp\/v2\/types\/product"}],"version-history":[{"count":1,"href":"https:\/\/theanimalworld.es\/en\/wp-json\/wp\/v2\/product\/2703\/revisions"}],"predecessor-version":[{"id":2705,"href":"https:\/\/theanimalworld.es\/en\/wp-json\/wp\/v2\/product\/2703\/revisions\/2705"}],"wp:featuredmedia":[{"embeddable":true,"href":"https:\/\/theanimalworld.es\/en\/wp-json\/wp\/v2\/media\/2704"}],"wp:attachment":[{"href":"https:\/\/theanimalworld.es\/en\/wp-json\/wp\/v2\/media?parent=2703"}],"wp:term":[{"taxonomy":"product_brand","embeddable":true,"href":"https:\/\/theanimalworld.es\/en\/wp-json\/wp\/v2\/product_brand?post=2703"},{"taxonomy":"product_cat","embeddable":true,"href":"https:\/\/theanimalworld.es\/en\/wp-json\/wp\/v2\/product_cat?post=2703"},{"taxonomy":"product_tag","embeddable":true,"href":"https:\/\/theanimalworld.es\/en\/wp-json\/wp\/v2\/product_tag?post=2703"}],"curies":[{"name":"wp","href":"https:\/\/api.w.org\/{rel}","templated":true}]}}