{"id":2706,"date":"2025-11-11T15:42:58","date_gmt":"2025-11-11T13:42:58","guid":{"rendered":"https:\/\/theanimalworld.es\/?post_type=product&#038;p=2706"},"modified":"2025-11-11T15:42:58","modified_gmt":"2025-11-11T13:42:58","slug":"wild-balance-perro-pollo-y-verduras-25kg","status":"publish","type":"product","link":"https:\/\/theanimalworld.es\/en\/product\/wild-balance-perro-pollo-y-verduras-25kg\/","title":{"rendered":"WILD BALANCE PERRO POLLO Y VERDURAS 2,5KG"},"content":{"rendered":"","protected":false},"excerpt":{"rendered":"<p>Alimento Completo de Pollo con Verduras Frescas para perros:<\/p>\n<p><strong>Pollo 80%<\/strong>\u00a0(Hueso carnoso: carcasa, cuello. Carne de m\u00fasculo: pechuga, coraz\u00f3n. V\u00edsceras: h\u00edgado),\u00a0<strong>Verduras y frutas 20%\u00a0<\/strong>(zanahoria, calabaza, calabac\u00edn, remolacha, pimiento, manzana), Ascophyllum nodosum, alfalfa, romero, perejil, semillas de ch\u00eda, espirulina, mejill\u00f3n de labio verde.<\/p>\n<h3 class=\"flex\"><button id=\"btn-t4s_tab_tab_liquid_Lqc4J4\" class=\"flex flex-1 items-center justify-between text-sm font-medium transition-all text-left [&amp;[data-state=open]&gt;svg]:rotate-180 px-9 py-6 hover:no-underline\" type=\"button\" data-accordion-trigger=\"\" aria-controls=\"t4s_tab_tab_liquid_Lqc4J4\" aria-expanded=\"true\" data-state=\"open\"><span class=\"font-bold text-wb-verde-oscuro text-[15px] leading-[21.6px] font-['Barlow',Helvetica]\">Informaci\u00f3n Nutricional<\/span><\/button><\/h3>\n<div id=\"t4s_tab_tab_liquid_Lqc4J4\" class=\"px-9 py-6\" data-accordion-content=\"\">\n<p>Alimento Completo de Pollo con Verduras Frescas para perros:<\/p>\n<ul>\n<li>Prote\u00edna 13,7%<\/li>\n<li>Grasa bruta 6%<\/li>\n<li>Humedad 73,2%<\/li>\n<li>Minerales 2,7%<\/li>\n<li>Hidratos de carbono 4,4%<\/li>\n<li>Fibra bruta &lt;0,5%<\/li>\n<\/ul>\n<\/div>\n","protected":false},"featured_media":2704,"template":"","meta":{"_jet_sm_ready_style":"","_jet_sm_style":"","_jet_sm_controls_values":"","_jet_sm_fonts_collection":"","_jet_sm_fonts_links":""},"product_brand":[121],"product_cat":[41,42,44],"product_tag":[],"class_list":{"0":"post-2706","1":"product","2":"type-product","3":"status-publish","4":"has-post-thumbnail","6":"product_brand-wild-balance","7":"product_cat-perros","8":"product_cat-alimentacion-perros","9":"product_cat-humedo","11":"first","12":"instock","13":"shipping-taxable","14":"purchasable","15":"product-type-simple"},"_links":{"self":[{"href":"https:\/\/theanimalworld.es\/en\/wp-json\/wp\/v2\/product\/2706","targetHints":{"allow":["GET"]}}],"collection":[{"href":"https:\/\/theanimalworld.es\/en\/wp-json\/wp\/v2\/product"}],"about":[{"href":"https:\/\/theanimalworld.es\/en\/wp-json\/wp\/v2\/types\/product"}],"version-history":[{"count":2,"href":"https:\/\/theanimalworld.es\/en\/wp-json\/wp\/v2\/product\/2706\/revisions"}],"predecessor-version":[{"id":2708,"href":"https:\/\/theanimalworld.es\/en\/wp-json\/wp\/v2\/product\/2706\/revisions\/2708"}],"wp:featuredmedia":[{"embeddable":true,"href":"https:\/\/theanimalworld.es\/en\/wp-json\/wp\/v2\/media\/2704"}],"wp:attachment":[{"href":"https:\/\/theanimalworld.es\/en\/wp-json\/wp\/v2\/media?parent=2706"}],"wp:term":[{"taxonomy":"product_brand","embeddable":true,"href":"https:\/\/theanimalworld.es\/en\/wp-json\/wp\/v2\/product_brand?post=2706"},{"taxonomy":"product_cat","embeddable":true,"href":"https:\/\/theanimalworld.es\/en\/wp-json\/wp\/v2\/product_cat?post=2706"},{"taxonomy":"product_tag","embeddable":true,"href":"https:\/\/theanimalworld.es\/en\/wp-json\/wp\/v2\/product_tag?post=2706"}],"curies":[{"name":"wp","href":"https:\/\/api.w.org\/{rel}","templated":true}]}}