{"id":2722,"date":"2025-11-11T17:44:31","date_gmt":"2025-11-11T15:44:31","guid":{"rendered":"https:\/\/theanimalworld.es\/?post_type=product&#038;p=2722"},"modified":"2025-11-11T17:44:32","modified_gmt":"2025-11-11T15:44:32","slug":"wild-balance-perro-barf-pavo","status":"publish","type":"product","link":"https:\/\/theanimalworld.es\/en\/product\/wild-balance-perro-barf-pavo\/","title":{"rendered":"WILD BALANCE PERRO BARF PAVO"},"content":{"rendered":"","protected":false},"excerpt":{"rendered":"<p>Alimento Completo de Pavo con Verduras Frescas para perros:<\/p>\n<p><strong>Pavo 80%<\/strong>\u00a0(Hueso carnoso: carcasa, cuello. Carne de m\u00fasculo: pechuga, coraz\u00f3n. V\u00edsceras: h\u00edgado),\u00a0<strong>Verduras y frutas 20%\u00a0<\/strong>(zanahoria, calabaza, calabac\u00edn, remolacha, pimiento, manzana), Ascophyllum nodosum, alfalfa, romero, perejil, semillas de ch\u00eda, espirulina, mejill\u00f3n de labio verde.<\/p>\n<p>Alimento Completo de Pavo con Verduras Frescas para perros:<\/p>\n<ul>\n<li>Prote\u00edna 16,3%<\/li>\n<li>Grasa bruta 11,5%<\/li>\n<li>Humedad 69%<\/li>\n<li>Minerales 2,6%<\/li>\n<li>Hidratos de carbono 0,6%<\/li>\n<li>Fibra bruta &lt;0,6%<\/li>\n<\/ul>","protected":false},"featured_media":2726,"template":"","meta":{"_jet_sm_ready_style":"","_jet_sm_style":"","_jet_sm_controls_values":"","_jet_sm_fonts_collection":"","_jet_sm_fonts_links":""},"product_brand":[121],"product_cat":[41,42,44],"product_tag":[],"class_list":{"0":"post-2722","1":"product","2":"type-product","3":"status-publish","4":"has-post-thumbnail","6":"product_brand-wild-balance","7":"product_cat-perros","8":"product_cat-alimentacion-perros","9":"product_cat-humedo","11":"first","12":"instock","13":"shipping-taxable","14":"purchasable","15":"product-type-variable"},"_links":{"self":[{"href":"https:\/\/theanimalworld.es\/en\/wp-json\/wp\/v2\/product\/2722","targetHints":{"allow":["GET"]}}],"collection":[{"href":"https:\/\/theanimalworld.es\/en\/wp-json\/wp\/v2\/product"}],"about":[{"href":"https:\/\/theanimalworld.es\/en\/wp-json\/wp\/v2\/types\/product"}],"version-history":[{"count":1,"href":"https:\/\/theanimalworld.es\/en\/wp-json\/wp\/v2\/product\/2722\/revisions"}],"predecessor-version":[{"id":2727,"href":"https:\/\/theanimalworld.es\/en\/wp-json\/wp\/v2\/product\/2722\/revisions\/2727"}],"wp:featuredmedia":[{"embeddable":true,"href":"https:\/\/theanimalworld.es\/en\/wp-json\/wp\/v2\/media\/2726"}],"wp:attachment":[{"href":"https:\/\/theanimalworld.es\/en\/wp-json\/wp\/v2\/media?parent=2722"}],"wp:term":[{"taxonomy":"product_brand","embeddable":true,"href":"https:\/\/theanimalworld.es\/en\/wp-json\/wp\/v2\/product_brand?post=2722"},{"taxonomy":"product_cat","embeddable":true,"href":"https:\/\/theanimalworld.es\/en\/wp-json\/wp\/v2\/product_cat?post=2722"},{"taxonomy":"product_tag","embeddable":true,"href":"https:\/\/theanimalworld.es\/en\/wp-json\/wp\/v2\/product_tag?post=2722"}],"curies":[{"name":"wp","href":"https:\/\/api.w.org\/{rel}","templated":true}]}}