{"id":2751,"date":"2025-11-14T17:13:05","date_gmt":"2025-11-14T15:13:05","guid":{"rendered":"https:\/\/theanimalworld.es\/?post_type=product&#038;p=2751"},"modified":"2025-11-14T17:13:05","modified_gmt":"2025-11-14T15:13:05","slug":"wild-balance-gato-barf-ternera-1kg","status":"publish","type":"product","link":"https:\/\/theanimalworld.es\/en\/product\/wild-balance-gato-barf-ternera-1kg\/","title":{"rendered":"WILD BALANCE GATO BARF TERNERA 1KG"},"content":{"rendered":"","protected":false},"excerpt":{"rendered":"<p>Alimento Completo de Ternera con Verduras Frescas para gatos:<\/p>\n<p><strong>Ternera 95%<\/strong>\u00a0(Hueso carnoso: pecho, falda. Carne de m\u00fasculo: magro, coraz\u00f3n, pulm\u00f3n. V\u00edsceras: h\u00edgado y ri\u00f1\u00f3n),\u00a0<strong>Verduras y frutas 5%\u00a0<\/strong>(zanahoria, calabaza, calabac\u00edn, remolacha, manzana), Ascophyllum nodosum,alfalfa, romero, perejil, semillas de ch\u00eda, espirulina, mejill\u00f3n de labio verde.<\/p>","protected":false},"featured_media":2752,"template":"","meta":{"_jet_sm_ready_style":"","_jet_sm_style":"","_jet_sm_controls_values":"","_jet_sm_fonts_collection":"","_jet_sm_fonts_links":""},"product_brand":[121],"product_cat":[54,55,57],"product_tag":[],"class_list":{"0":"post-2751","1":"product","2":"type-product","3":"status-publish","4":"has-post-thumbnail","6":"product_brand-wild-balance","7":"product_cat-gatos","8":"product_cat-alimentacion-gatos","9":"product_cat-pienso-humedo","11":"first","12":"instock","13":"shipping-taxable","14":"purchasable","15":"product-type-simple"},"_links":{"self":[{"href":"https:\/\/theanimalworld.es\/en\/wp-json\/wp\/v2\/product\/2751","targetHints":{"allow":["GET"]}}],"collection":[{"href":"https:\/\/theanimalworld.es\/en\/wp-json\/wp\/v2\/product"}],"about":[{"href":"https:\/\/theanimalworld.es\/en\/wp-json\/wp\/v2\/types\/product"}],"version-history":[{"count":2,"href":"https:\/\/theanimalworld.es\/en\/wp-json\/wp\/v2\/product\/2751\/revisions"}],"predecessor-version":[{"id":2754,"href":"https:\/\/theanimalworld.es\/en\/wp-json\/wp\/v2\/product\/2751\/revisions\/2754"}],"wp:featuredmedia":[{"embeddable":true,"href":"https:\/\/theanimalworld.es\/en\/wp-json\/wp\/v2\/media\/2752"}],"wp:attachment":[{"href":"https:\/\/theanimalworld.es\/en\/wp-json\/wp\/v2\/media?parent=2751"}],"wp:term":[{"taxonomy":"product_brand","embeddable":true,"href":"https:\/\/theanimalworld.es\/en\/wp-json\/wp\/v2\/product_brand?post=2751"},{"taxonomy":"product_cat","embeddable":true,"href":"https:\/\/theanimalworld.es\/en\/wp-json\/wp\/v2\/product_cat?post=2751"},{"taxonomy":"product_tag","embeddable":true,"href":"https:\/\/theanimalworld.es\/en\/wp-json\/wp\/v2\/product_tag?post=2751"}],"curies":[{"name":"wp","href":"https:\/\/api.w.org\/{rel}","templated":true}]}}