{"id":2759,"date":"2025-11-14T17:37:43","date_gmt":"2025-11-14T15:37:43","guid":{"rendered":"https:\/\/theanimalworld.es\/?post_type=product&#038;p=2759"},"modified":"2025-11-14T17:37:43","modified_gmt":"2025-11-14T15:37:43","slug":"wild-balance-gato-barf-salmon-1kg","status":"publish","type":"product","link":"https:\/\/theanimalworld.es\/en\/product\/wild-balance-gato-barf-salmon-1kg\/","title":{"rendered":"WILD BALANCE GATO BARF SALM\u00d3N 1KG"},"content":{"rendered":"","protected":false},"excerpt":{"rendered":"<p>Alimento Completo de Salm\u00f3n y Pavo con Verduras Frescas para gatos:<\/p>\n<p><strong>Pavo 75%<\/strong>\u00a0(Hueso carnoso: carcasa y cuello. Carne de m\u00fasculo: coraz\u00f3n. V\u00edsceras: h\u00edgado),\u00a0<strong>Salm\u00f3n 20%\u00a0<\/strong>(lomos de salm\u00f3n)<strong>Verduras y frutas 5%\u00a0<\/strong>(zanahoria, calabaza, calabac\u00edn, remolacha, manzana), Ascophyllum nodosum,alfalfa, romero, perejil, semillas de ch\u00eda, espirulina, mejill\u00f3n de labio verde.<\/p>","protected":false},"featured_media":2760,"template":"","meta":{"_jet_sm_ready_style":"","_jet_sm_style":"","_jet_sm_controls_values":"","_jet_sm_fonts_collection":"","_jet_sm_fonts_links":""},"product_brand":[121],"product_cat":[54,55,57],"product_tag":[],"class_list":{"0":"post-2759","1":"product","2":"type-product","3":"status-publish","4":"has-post-thumbnail","6":"product_brand-wild-balance","7":"product_cat-gatos","8":"product_cat-alimentacion-gatos","9":"product_cat-pienso-humedo","11":"first","12":"instock","13":"shipping-taxable","14":"purchasable","15":"product-type-simple"},"_links":{"self":[{"href":"https:\/\/theanimalworld.es\/en\/wp-json\/wp\/v2\/product\/2759","targetHints":{"allow":["GET"]}}],"collection":[{"href":"https:\/\/theanimalworld.es\/en\/wp-json\/wp\/v2\/product"}],"about":[{"href":"https:\/\/theanimalworld.es\/en\/wp-json\/wp\/v2\/types\/product"}],"version-history":[{"count":1,"href":"https:\/\/theanimalworld.es\/en\/wp-json\/wp\/v2\/product\/2759\/revisions"}],"predecessor-version":[{"id":2761,"href":"https:\/\/theanimalworld.es\/en\/wp-json\/wp\/v2\/product\/2759\/revisions\/2761"}],"wp:featuredmedia":[{"embeddable":true,"href":"https:\/\/theanimalworld.es\/en\/wp-json\/wp\/v2\/media\/2760"}],"wp:attachment":[{"href":"https:\/\/theanimalworld.es\/en\/wp-json\/wp\/v2\/media?parent=2759"}],"wp:term":[{"taxonomy":"product_brand","embeddable":true,"href":"https:\/\/theanimalworld.es\/en\/wp-json\/wp\/v2\/product_brand?post=2759"},{"taxonomy":"product_cat","embeddable":true,"href":"https:\/\/theanimalworld.es\/en\/wp-json\/wp\/v2\/product_cat?post=2759"},{"taxonomy":"product_tag","embeddable":true,"href":"https:\/\/theanimalworld.es\/en\/wp-json\/wp\/v2\/product_tag?post=2759"}],"curies":[{"name":"wp","href":"https:\/\/api.w.org\/{rel}","templated":true}]}}