{"id":2762,"date":"2025-11-15T12:19:56","date_gmt":"2025-11-15T10:19:56","guid":{"rendered":"https:\/\/theanimalworld.es\/?post_type=product&#038;p=2762"},"modified":"2026-01-16T09:23:53","modified_gmt":"2026-01-16T07:23:53","slug":"naturextra-hepadiet-detox-mini-pellet-2kg","status":"publish","type":"product","link":"https:\/\/theanimalworld.es\/en\/product\/naturextra-hepadiet-detox-mini-pellet-2kg\/","title":{"rendered":"NATUREXTRA HEPADIET-DETOX MINI PELLET 2KG"},"content":{"rendered":"","protected":false},"excerpt":{"rendered":"<p>Con ingredientes usados en\u00a0<strong>terapias\u00a0naturistas<\/strong>. Favorece la funci\u00f3n digestiva, protege y repara los hepatocitos del h\u00edgado. Un alimento completo para el apoyar y reparar el h\u00edgado y el aparato digestivo. \u00a1Comp\u00e1ralo con otros piensos similares!<\/p>\n<p><strong>Ingredientes:<\/strong>\u00a0Patata deshidratada y molida 49%, carne de pollo deshidratada 22%, brotes de arroz, pescado deshidratado, semillas de cardo mariano molidas 5%, aceites vegetales extra\u00eddos en fr\u00edo, arcilla deshidratada, aceite de salm\u00f3n, semillas de lino molidas, yucca schidigera deshidratada y molida, extracto de alcachofa, alcachofa deshidratada y molida, c\u00farcuma, boldo, diente de le\u00f3n, fumaria, hinojo, romero y OPC.<\/p>\n<p><strong>Componentes anal\u00edticos:<\/strong>\u00a0Prote\u00edna bruta 15%, grasa bruta 6%, fibra bruta 4%, residuo incinerado 4,5%, humedad 9%, calcio 0,5%, f\u00f3sforo 0,3%, sodio 0,2%, magnesio 0,16%, carbonato de sodio 0, 010% y hierro 160mg\/Kg.<\/p>\n<p><strong>Aditivos nutricionales\/Kg:<\/strong>\u00a0Vitaminas, pro-vitaminas y similares: Vitamina A 11.000 UI, vitamina D3 1.100 UI, vitamina E\/all-rac-acetato-alfa-tocoferol 400mg, vitamina B1\/mononitrato de Tiamina 4mg, Vitamina B2\/Riboflavina 7mg, vitamina B6\/hidrocloruro de Piridoxina 5mg, vitamina B12 52mcg, biotina\/D-(+) Biotina 230mcg, \u00e1cido f\u00f3lico 0,38mg, niacina 23,5mg, vitamina C\/L-\u00e1cido asc\u00f3rbico 155mg, \u00e1cido pantot\u00e9nico\/D-pantotenato de calcio 15mg, Carnitina como L-Carnitina 350mg, cloruro de colina 1.150mg.<\/p>\n<p><strong>Oligoelementos:<\/strong>\u00a0Manganeso (E5)\/\u00f3xido (II) de manganeso 40mg, cobre (E4)\/\u00f3xido (II) de cobre 3mg, zinc (E6)\/\u00f3xido de zinc 250mg, yodo (E2)\/calcio de yodo 2mg, Selenio 0,4mg.<\/p>\n<p><strong>Valor energ\u00e9tico: 3.100 Kcal\/Kg<\/strong><\/p>","protected":false},"featured_media":2763,"template":"","meta":{"_jet_sm_ready_style":"","_jet_sm_style":"","_jet_sm_controls_values":"","_jet_sm_fonts_collection":"","_jet_sm_fonts_links":""},"product_brand":[116],"product_cat":[41,42,43],"product_tag":[],"class_list":{"0":"post-2762","1":"product","2":"type-product","3":"status-publish","4":"has-post-thumbnail","6":"product_brand-naturextra","7":"product_cat-perros","8":"product_cat-alimentacion-perros","9":"product_cat-seco","11":"first","12":"instock","13":"shipping-taxable","14":"purchasable","15":"product-type-simple"},"_links":{"self":[{"href":"https:\/\/theanimalworld.es\/en\/wp-json\/wp\/v2\/product\/2762","targetHints":{"allow":["GET"]}}],"collection":[{"href":"https:\/\/theanimalworld.es\/en\/wp-json\/wp\/v2\/product"}],"about":[{"href":"https:\/\/theanimalworld.es\/en\/wp-json\/wp\/v2\/types\/product"}],"version-history":[{"count":1,"href":"https:\/\/theanimalworld.es\/en\/wp-json\/wp\/v2\/product\/2762\/revisions"}],"predecessor-version":[{"id":2764,"href":"https:\/\/theanimalworld.es\/en\/wp-json\/wp\/v2\/product\/2762\/revisions\/2764"}],"wp:featuredmedia":[{"embeddable":true,"href":"https:\/\/theanimalworld.es\/en\/wp-json\/wp\/v2\/media\/2763"}],"wp:attachment":[{"href":"https:\/\/theanimalworld.es\/en\/wp-json\/wp\/v2\/media?parent=2762"}],"wp:term":[{"taxonomy":"product_brand","embeddable":true,"href":"https:\/\/theanimalworld.es\/en\/wp-json\/wp\/v2\/product_brand?post=2762"},{"taxonomy":"product_cat","embeddable":true,"href":"https:\/\/theanimalworld.es\/en\/wp-json\/wp\/v2\/product_cat?post=2762"},{"taxonomy":"product_tag","embeddable":true,"href":"https:\/\/theanimalworld.es\/en\/wp-json\/wp\/v2\/product_tag?post=2762"}],"curies":[{"name":"wp","href":"https:\/\/api.w.org\/{rel}","templated":true}]}}