{"id":2765,"date":"2025-11-15T13:17:45","date_gmt":"2025-11-15T11:17:45","guid":{"rendered":"https:\/\/theanimalworld.es\/?post_type=product&#038;p=2765"},"modified":"2025-11-15T13:17:46","modified_gmt":"2025-11-15T11:17:46","slug":"naturextra-oceanic-mini-pellet-2kg","status":"publish","type":"product","link":"https:\/\/theanimalworld.es\/en\/product\/naturextra-oceanic-mini-pellet-2kg\/","title":{"rendered":"NATUREXTRA OCEANIC MINI PELLET 2KG"},"content":{"rendered":"","protected":false},"excerpt":{"rendered":"<ul id=\"soy_pestanyas\" class=\"nav nav-tabs\" role=\"tablist\">\n<li class=\"nav-item\"><a id=\"desciprcion-tab\" class=\"nav-link active\" role=\"tab\" href=\"https:\/\/laravital.com\/es\/piensos\/naturextra\/naturextra-oceanic-pescado.html#descripcion\" data-toggle=\"tab\" aria-controls=\"descripcion\" aria-selected=\"true\">M\u00e1s informaci\u00f3n<\/a><\/li>\n<\/ul>\n<div id=\"soy_contenido_pestanyas\" class=\"tab-content soy_contenido_pestanyas\">\n<div id=\"descripcion\" class=\"tab-pane fade show active in\" role=\"tabpanel\" aria-labelledby=\"descripcion-tab\">\n<div id=\"_desktop_contenido_descripcion\" class=\"soy_contenido_descripcion\">\n<section class=\"product-description\">El pescado y la patata son los mejores ingredientes para perros con problemas al\u00e9rgicos de origen alimentario, con s\u00edntomas como picores o ca\u00edda del pelo. Tambi\u00e9n ideal para perros sanos y sin complicaciones. Un producto extraordinario.<\/p>\n<p><strong>Ingredientes:<\/strong>\u00a0Pescado blanco de mar deshidratado y molido 36%, patata deshidratada y molida 34%, germen de arroz 15%, verduras deshidratadas y molidas, pulpa de nabo deshidratada y molida, aceites vegetales extra\u00eddos en fr\u00edo, algas, mezcla de hierbas deshidratadas, aceite de pescado de mar y yucca Schidigera deshidratada y molida.<\/p>\n<p><strong>Componentes anal\u00edticos:<\/strong>\u00a0Prote\u00edna bruta 25%, grasa bruta 9,5%, humedad 9%, residuo incinerado 7,5%, fibra bruta 3,3%, calcio org\u00e1nico 1,1%, f\u00f3sforo 0,95% y sodio 0,30%.<\/p>\n<p><strong>Aditivos nutricionales:<\/strong>\u00a0Vitaminas, pro-vitaminas y similares: vitamina A 10.500 U.I, vitamina D3 1.050 U.I, vitamina E como all-rac-acetato-alfa-tocoferol 200mg, vitamina B1 como mononitrato de tiamina 3,50mg, vitamina B2 como riboflavina 7mg, vitamina B6 como hidrocloruro de piridoxina 4,20mg, vitamina B12 42mcg, biotina como D- (+) biotina 210mcg, \u00e1cido f\u00f3lico 0,35mg, niacina 21mg, vitamina C como L- \u00e1cido asc\u00f3rbico 140mg, \u00e1cido pantot\u00e9nico como D- pantotenato de calcio 7mg y cloruro de colina como calcio de yodo 1050mg.<\/p>\n<p><strong>Oligoelementos:<\/strong>\u00a0Manganeso (E5)\/\u00f3xido (II) de manganeso 48mg, cobre (E4)\/\u00f3xido (II) de cobre 65mg y yodo (E2)\/calcio de yodo 1,6mg.<\/p>\n<p><strong>Valor energ\u00e9tico: 3.350 Kcal\/Kg.<\/strong><\/p>\n<\/section>\n<\/div>\n<\/div>\n<\/div>","protected":false},"featured_media":2766,"template":"","meta":{"_jet_sm_ready_style":"","_jet_sm_style":"","_jet_sm_controls_values":"","_jet_sm_fonts_collection":"","_jet_sm_fonts_links":""},"product_brand":[116],"product_cat":[41,42,43],"product_tag":[],"class_list":{"0":"post-2765","1":"product","2":"type-product","3":"status-publish","4":"has-post-thumbnail","6":"product_brand-naturextra","7":"product_cat-perros","8":"product_cat-alimentacion-perros","9":"product_cat-seco","11":"first","12":"instock","13":"shipping-taxable","14":"purchasable","15":"product-type-simple"},"_links":{"self":[{"href":"https:\/\/theanimalworld.es\/en\/wp-json\/wp\/v2\/product\/2765","targetHints":{"allow":["GET"]}}],"collection":[{"href":"https:\/\/theanimalworld.es\/en\/wp-json\/wp\/v2\/product"}],"about":[{"href":"https:\/\/theanimalworld.es\/en\/wp-json\/wp\/v2\/types\/product"}],"version-history":[{"count":1,"href":"https:\/\/theanimalworld.es\/en\/wp-json\/wp\/v2\/product\/2765\/revisions"}],"predecessor-version":[{"id":2767,"href":"https:\/\/theanimalworld.es\/en\/wp-json\/wp\/v2\/product\/2765\/revisions\/2767"}],"wp:featuredmedia":[{"embeddable":true,"href":"https:\/\/theanimalworld.es\/en\/wp-json\/wp\/v2\/media\/2766"}],"wp:attachment":[{"href":"https:\/\/theanimalworld.es\/en\/wp-json\/wp\/v2\/media?parent=2765"}],"wp:term":[{"taxonomy":"product_brand","embeddable":true,"href":"https:\/\/theanimalworld.es\/en\/wp-json\/wp\/v2\/product_brand?post=2765"},{"taxonomy":"product_cat","embeddable":true,"href":"https:\/\/theanimalworld.es\/en\/wp-json\/wp\/v2\/product_cat?post=2765"},{"taxonomy":"product_tag","embeddable":true,"href":"https:\/\/theanimalworld.es\/en\/wp-json\/wp\/v2\/product_tag?post=2765"}],"curies":[{"name":"wp","href":"https:\/\/api.w.org\/{rel}","templated":true}]}}