{"id":2768,"date":"2025-11-15T13:33:32","date_gmt":"2025-11-15T11:33:32","guid":{"rendered":"https:\/\/theanimalworld.es\/?post_type=product&#038;p=2768"},"modified":"2025-11-15T13:33:32","modified_gmt":"2025-11-15T11:33:32","slug":"naturextra-pollo-mini-pellet-2kg","status":"publish","type":"product","link":"https:\/\/theanimalworld.es\/en\/product\/naturextra-pollo-mini-pellet-2kg\/","title":{"rendered":"NATUREXTRA POLLO MINI PELLET 2KG"},"content":{"rendered":"","protected":false},"excerpt":{"rendered":"<p>El pienso estrella de la marca Naturextray el m\u00e1s vendido en Espa\u00f1a desde 2007, con resultados asombrosos en perros con problemas digestivos, intolerancias, alergias y diarreas.\u00a0 Ahora en minipellets.<\/p>\n<p><b>Naturextra Pollo\u00ae<\/b>\u00a0se elabora con m\u00e9todos tradicionales y artesanales, sin extrusionar, es decir, con el prensado a bajas temperaturas (35\u00baC &#8211; 40\u00baC). En su elaboraci\u00f3n se utilizan ingredientes de alta calidad como pollo, arenque, aceite de salm\u00f3n, antioxidantes naturales (OPC), frutas, algas y condroprotectores. Es un alimento apto para perros con problemas digestivo-intestinales, diarreas, gases, mal aliento, olor fecal muy fuerte. El tama\u00f1o y la forma del pellet, junto con el proceso de producci\u00f3n en fr\u00edo, hacen del Naturextra Pollo\u00ae\u00a0un producto f\u00e1cil de masticar, suave y f\u00e1cilmente digerible. Basado en el alimento original del\u00a0Canis Lupus\u00a0(lobo), para el mantenimiento de perros de cualquier raza y edad.<\/p>\n<p><strong>Ingredientes:\u00a0<\/strong>Carne de pollo deshidratada y molida (30%), arroz integral moreno vaporizado y molido (18%), arenque Menhaden deshidratado y molido (6%), ma\u00edz integral vaporizado y molido (8%), panza de ciervo deshidratada y molida (8%), brotes de cereales, chiriv\u00eda deshidratada y molida, aceites vegetales extra\u00eddos en fr\u00edo (de lino y de brotes de arroz), grasa de pollo, mezcla de hierbas (alcaravea, hinojo y tomillo), macroalgas marinas deshidratadas y molidas, yema de huevo deshidratada, frutas (manzana, pera y ar\u00e1ndanos) deshidratadas y molidas,\u00a0Yucca Schidigera\u00a0deshidratada y molida, alga espirulina, minerales de origen org\u00e1nico, aceite de salm\u00f3n, extracto de carne de mejill\u00f3n\u00a0Perna Canaliculus\u00a0y extracto concentrado de semilla de uva.<\/p>\n<p><strong>Componentes anal\u00edticos:<\/strong>\u00a0Prote\u00edna bruta 25%, grasa bruta 10%, fibra bruta 4%, residuo incinerado 6,4%, humedad 9%, calcio 1,2%, f\u00f3sforo 0,90%, sodio 0,40%, magnesio 0,17%, hierro 240mg\/Kg y potasio 690mg\/Kg.<\/p>\n<p><strong>Aditivos nutricionales\/Kg:\u00a0Vitaminas, pro-vitaminas y similares:<\/strong>\u00a0Vitamina A 10.500 UI, vitamina D3 1.050 UI, vitamina E\/all-rac-acetato-alfa-tocoferol 200mg, vitamina B1\/mononitrato de tiamina 3,50mg, vitamina B2\/Riboflavina 7mg, vitamina B6\/hidrocloruro de piridoxina 4,20mg, vitamina B12 42mcg, biotina\/D-(+) biotina 210mcg, \u00e1cido f\u00f3lico 0,35mg, niacina 21mg, vitamina C\/L-\u00e1cido asc\u00f3rbico 140mg, \u00e1cido pantot\u00e9nico\/D-pantotenato de calcio 7mg y cloruro de colina 1.050mg.<\/p>\n<p><strong>Oligoelementos:<\/strong>\u00a0Manganeso (E5)\/\u00f3xido (II) de manganeso 48mg, cobre (E4)\/\u00f3xido (II) de cobre 10mg, zinc (E6)\/\u00f3xido de zinc 80mg y yodo (E2)\/calcio de yodo 1,7mg.\u00a0<strong>Valor energ\u00e9tico: 3650 Kcal\/Kg<\/strong><\/p>","protected":false},"featured_media":2769,"template":"","meta":{"_jet_sm_ready_style":"","_jet_sm_style":"","_jet_sm_controls_values":"","_jet_sm_fonts_collection":"","_jet_sm_fonts_links":""},"product_brand":[116],"product_cat":[41,42,43],"product_tag":[],"class_list":{"0":"post-2768","1":"product","2":"type-product","3":"status-publish","4":"has-post-thumbnail","6":"product_brand-naturextra","7":"product_cat-perros","8":"product_cat-alimentacion-perros","9":"product_cat-seco","11":"first","12":"instock","13":"shipping-taxable","14":"purchasable","15":"product-type-simple"},"_links":{"self":[{"href":"https:\/\/theanimalworld.es\/en\/wp-json\/wp\/v2\/product\/2768","targetHints":{"allow":["GET"]}}],"collection":[{"href":"https:\/\/theanimalworld.es\/en\/wp-json\/wp\/v2\/product"}],"about":[{"href":"https:\/\/theanimalworld.es\/en\/wp-json\/wp\/v2\/types\/product"}],"version-history":[{"count":2,"href":"https:\/\/theanimalworld.es\/en\/wp-json\/wp\/v2\/product\/2768\/revisions"}],"predecessor-version":[{"id":2771,"href":"https:\/\/theanimalworld.es\/en\/wp-json\/wp\/v2\/product\/2768\/revisions\/2771"}],"wp:featuredmedia":[{"embeddable":true,"href":"https:\/\/theanimalworld.es\/en\/wp-json\/wp\/v2\/media\/2769"}],"wp:attachment":[{"href":"https:\/\/theanimalworld.es\/en\/wp-json\/wp\/v2\/media?parent=2768"}],"wp:term":[{"taxonomy":"product_brand","embeddable":true,"href":"https:\/\/theanimalworld.es\/en\/wp-json\/wp\/v2\/product_brand?post=2768"},{"taxonomy":"product_cat","embeddable":true,"href":"https:\/\/theanimalworld.es\/en\/wp-json\/wp\/v2\/product_cat?post=2768"},{"taxonomy":"product_tag","embeddable":true,"href":"https:\/\/theanimalworld.es\/en\/wp-json\/wp\/v2\/product_tag?post=2768"}],"curies":[{"name":"wp","href":"https:\/\/api.w.org\/{rel}","templated":true}]}}