{"id":2813,"date":"2025-11-17T20:17:14","date_gmt":"2025-11-17T18:17:14","guid":{"rendered":"https:\/\/theanimalworld.es\/?post_type=product&#038;p=2813"},"modified":"2025-11-17T20:17:15","modified_gmt":"2025-11-17T18:17:15","slug":"natures-variety-perro-no-grain-med-maxi-salmon-noruego-3kg","status":"publish","type":"product","link":"https:\/\/theanimalworld.es\/en\/product\/natures-variety-perro-no-grain-med-maxi-salmon-noruego-3kg\/","title":{"rendered":"NATURE\u00b4S VARIETY PERRO NO GRAIN MED\/MAXI SALM\u00d3N NORUEGO 3KG"},"content":{"rendered":"","protected":false},"excerpt":{"rendered":"<p>Carne de salm\u00f3n noruego sin espinas* (16%), prote\u00edna deshidratada de at\u00fan (15%), guisantes deshidratados* (13%), patata deshidratada* (11%), grasa av\u00edcola* (8%), boniato* (6%), prote\u00edna deshidratada de salm\u00f3n (6%), prote\u00edna de guisante*, prote\u00ednas animales hidrolizadas (ave, cerdo, pescado) (4%), pulpa de remolacha*, sustancias minerales, zanahoria deshidratada* (0,5%, equivalente a un 4% de zanahoria fresca), manzana deshidratada* (0,3%, equivalente a un 2% de manzana fresca), algas marinas deshidratadas (kelp)* (0,01%), romero deshidratado* (0,01%). *Ingredientes naturales<\/p>","protected":false},"featured_media":2814,"template":"","meta":{"_jet_sm_ready_style":"","_jet_sm_style":"","_jet_sm_controls_values":"","_jet_sm_fonts_collection":"","_jet_sm_fonts_links":""},"product_brand":[118],"product_cat":[41,42,43],"product_tag":[],"class_list":{"0":"post-2813","1":"product","2":"type-product","3":"status-publish","4":"has-post-thumbnail","6":"product_brand-natures-variety","7":"product_cat-perros","8":"product_cat-alimentacion-perros","9":"product_cat-seco","11":"first","12":"instock","13":"shipping-taxable","14":"purchasable","15":"product-type-simple"},"_links":{"self":[{"href":"https:\/\/theanimalworld.es\/en\/wp-json\/wp\/v2\/product\/2813","targetHints":{"allow":["GET"]}}],"collection":[{"href":"https:\/\/theanimalworld.es\/en\/wp-json\/wp\/v2\/product"}],"about":[{"href":"https:\/\/theanimalworld.es\/en\/wp-json\/wp\/v2\/types\/product"}],"version-history":[{"count":1,"href":"https:\/\/theanimalworld.es\/en\/wp-json\/wp\/v2\/product\/2813\/revisions"}],"predecessor-version":[{"id":2815,"href":"https:\/\/theanimalworld.es\/en\/wp-json\/wp\/v2\/product\/2813\/revisions\/2815"}],"wp:featuredmedia":[{"embeddable":true,"href":"https:\/\/theanimalworld.es\/en\/wp-json\/wp\/v2\/media\/2814"}],"wp:attachment":[{"href":"https:\/\/theanimalworld.es\/en\/wp-json\/wp\/v2\/media?parent=2813"}],"wp:term":[{"taxonomy":"product_brand","embeddable":true,"href":"https:\/\/theanimalworld.es\/en\/wp-json\/wp\/v2\/product_brand?post=2813"},{"taxonomy":"product_cat","embeddable":true,"href":"https:\/\/theanimalworld.es\/en\/wp-json\/wp\/v2\/product_cat?post=2813"},{"taxonomy":"product_tag","embeddable":true,"href":"https:\/\/theanimalworld.es\/en\/wp-json\/wp\/v2\/product_tag?post=2813"}],"curies":[{"name":"wp","href":"https:\/\/api.w.org\/{rel}","templated":true}]}}