{"id":2816,"date":"2025-11-17T20:22:44","date_gmt":"2025-11-17T18:22:44","guid":{"rendered":"https:\/\/theanimalworld.es\/?post_type=product&#038;p=2816"},"modified":"2025-11-17T20:22:44","modified_gmt":"2025-11-17T18:22:44","slug":"natures-variety-perro-no-grain-mini-salmon-noruego","status":"publish","type":"product","link":"https:\/\/theanimalworld.es\/en\/product\/natures-variety-perro-no-grain-mini-salmon-noruego\/","title":{"rendered":"NATURE\u00b4S VARIETY PERRO NO GRAIN MINI SALM\u00d3N NORUEGO"},"content":{"rendered":"","protected":false},"excerpt":{"rendered":"<p>Carne de salm\u00f3n noruego sin espinas* (20%), prote\u00edna deshidratada de at\u00fan (19%), guisantes deshidratados* (16%), patata deshidratada* (12%), grasa av\u00edcola* (7%), boniato* (4%), prote\u00ednas animales hidrolizadas (ave, cerdo, pescado) (4%), pulpa de remolacha, prote\u00edna de guisante*, prote\u00edna de patata, sustancias minerales, zanahoria deshidratada* (0,5%, equivalente a un 4% de zanahoria fresca), almid\u00f3n de patata*, manzana deshidratada* (0,3%, equivalente a un 2% de manzana fresca), algas marinas deshidratadas (kelp)* (0,01%), romero deshidratado* (0,01%). *Ingredientes naturales<\/p>","protected":false},"featured_media":2819,"template":"","meta":{"_jet_sm_ready_style":"","_jet_sm_style":"","_jet_sm_controls_values":"","_jet_sm_fonts_collection":"","_jet_sm_fonts_links":""},"product_brand":[118],"product_cat":[41,42,43],"product_tag":[],"class_list":{"0":"post-2816","1":"product","2":"type-product","3":"status-publish","4":"has-post-thumbnail","6":"product_brand-natures-variety","7":"product_cat-perros","8":"product_cat-alimentacion-perros","9":"product_cat-seco","11":"first","12":"instock","13":"shipping-taxable","14":"purchasable","15":"product-type-variable"},"_links":{"self":[{"href":"https:\/\/theanimalworld.es\/en\/wp-json\/wp\/v2\/product\/2816","targetHints":{"allow":["GET"]}}],"collection":[{"href":"https:\/\/theanimalworld.es\/en\/wp-json\/wp\/v2\/product"}],"about":[{"href":"https:\/\/theanimalworld.es\/en\/wp-json\/wp\/v2\/types\/product"}],"version-history":[{"count":1,"href":"https:\/\/theanimalworld.es\/en\/wp-json\/wp\/v2\/product\/2816\/revisions"}],"predecessor-version":[{"id":2820,"href":"https:\/\/theanimalworld.es\/en\/wp-json\/wp\/v2\/product\/2816\/revisions\/2820"}],"wp:featuredmedia":[{"embeddable":true,"href":"https:\/\/theanimalworld.es\/en\/wp-json\/wp\/v2\/media\/2819"}],"wp:attachment":[{"href":"https:\/\/theanimalworld.es\/en\/wp-json\/wp\/v2\/media?parent=2816"}],"wp:term":[{"taxonomy":"product_brand","embeddable":true,"href":"https:\/\/theanimalworld.es\/en\/wp-json\/wp\/v2\/product_brand?post=2816"},{"taxonomy":"product_cat","embeddable":true,"href":"https:\/\/theanimalworld.es\/en\/wp-json\/wp\/v2\/product_cat?post=2816"},{"taxonomy":"product_tag","embeddable":true,"href":"https:\/\/theanimalworld.es\/en\/wp-json\/wp\/v2\/product_tag?post=2816"}],"curies":[{"name":"wp","href":"https:\/\/api.w.org\/{rel}","templated":true}]}}