{"id":2839,"date":"2025-11-20T12:15:31","date_gmt":"2025-11-20T10:15:31","guid":{"rendered":"https:\/\/theanimalworld.es\/?post_type=product&#038;p=2839"},"modified":"2025-11-20T12:15:31","modified_gmt":"2025-11-20T10:15:31","slug":"canagan-gatos-sopa-de-atun-140gr","status":"publish","type":"product","link":"https:\/\/theanimalworld.es\/en\/product\/canagan-gatos-sopa-de-atun-140gr\/","title":{"rendered":"CANAGAN GATOS SOPA DE ATUN 140GR"},"content":{"rendered":"","protected":false},"excerpt":{"rendered":"<h3>COMPOSICI\u00d3N<\/h3>\n<p>Sopa de At\u00fan 89%,Lomo Entero de At\u00fan 5%, Almid\u00f3n de Tapioca, Minerales, Algas y Aceite de At\u00fan.<\/p>\n<h3>COMPONENTES ANAL\u00cdTICOS<\/h3>\n<p>Prote\u00edna bruta 3%, Grasa bruta 0,1%, Ceniza bruta 1%, Humedad 95%.<\/p>\n<h3>ADITIVOS NUTRICIONALES (por kg):<\/h3>\n<p>VITAMINAS Vitamina E 100mg, Taurina 300mg, Biotina 2 mg. OLIGOELEMENTOS: Sulfato de zinc heptahidratado 20mg. AMINO\u00c1CIDOS: Glicina.<\/p>","protected":false},"featured_media":2840,"template":"","meta":{"_jet_sm_ready_style":"","_jet_sm_style":"","_jet_sm_controls_values":"","_jet_sm_fonts_collection":"","_jet_sm_fonts_links":""},"product_brand":[115],"product_cat":[54,55,58],"product_tag":[],"class_list":{"0":"post-2839","1":"product","2":"type-product","3":"status-publish","4":"has-post-thumbnail","6":"product_brand-canagan","7":"product_cat-gatos","8":"product_cat-alimentacion-gatos","9":"product_cat-snacks-alimentacion-gatos","11":"first","12":"instock","13":"shipping-taxable","14":"purchasable","15":"product-type-simple"},"_links":{"self":[{"href":"https:\/\/theanimalworld.es\/en\/wp-json\/wp\/v2\/product\/2839","targetHints":{"allow":["GET"]}}],"collection":[{"href":"https:\/\/theanimalworld.es\/en\/wp-json\/wp\/v2\/product"}],"about":[{"href":"https:\/\/theanimalworld.es\/en\/wp-json\/wp\/v2\/types\/product"}],"version-history":[{"count":2,"href":"https:\/\/theanimalworld.es\/en\/wp-json\/wp\/v2\/product\/2839\/revisions"}],"predecessor-version":[{"id":2842,"href":"https:\/\/theanimalworld.es\/en\/wp-json\/wp\/v2\/product\/2839\/revisions\/2842"}],"wp:featuredmedia":[{"embeddable":true,"href":"https:\/\/theanimalworld.es\/en\/wp-json\/wp\/v2\/media\/2840"}],"wp:attachment":[{"href":"https:\/\/theanimalworld.es\/en\/wp-json\/wp\/v2\/media?parent=2839"}],"wp:term":[{"taxonomy":"product_brand","embeddable":true,"href":"https:\/\/theanimalworld.es\/en\/wp-json\/wp\/v2\/product_brand?post=2839"},{"taxonomy":"product_cat","embeddable":true,"href":"https:\/\/theanimalworld.es\/en\/wp-json\/wp\/v2\/product_cat?post=2839"},{"taxonomy":"product_tag","embeddable":true,"href":"https:\/\/theanimalworld.es\/en\/wp-json\/wp\/v2\/product_tag?post=2839"}],"curies":[{"name":"wp","href":"https:\/\/api.w.org\/{rel}","templated":true}]}}